{"id":30241,"date":"2023-12-19T20:25:40","date_gmt":"2023-12-19T20:25:40","guid":{"rendered":"https:\/\/e.kosmolat.eu\/product\/dr-house-trauku-skalosanas-lidzeklis-1-l\/"},"modified":"2026-04-23T09:17:11","modified_gmt":"2026-04-23T09:17:11","slug":"dr-house-trauku-skalosanas-lidzeklis-1-l","status":"publish","type":"product","link":"https:\/\/e.kosmolat.eu\/lv\/product\/dr-house-trauku-skalosanas-lidzeklis-1-l\/","title":{"rendered":"Dr.House Trauku skalo\u0161anas l\u012bdzeklis, 1 l"},"content":{"rendered":"<p>Nodro&scaron;ina trauku t\u012br\u012bbu un sp\u012bdumu. Apvienojum\u0101 ar mazg\u0101&scaron;anas l\u012bdzekli, pal\u012bdz likvid\u0113t p\u0101rtikas paliekas un traipus, pie&scaron;\u0137irot \u017eilbino&scaron;u sp\u012bdumu. Vienlaikus pa\u0101trina trauku \u017e\u0101v\u0113&scaron;anu un r\u016bp\u012bgu skalo&scaron;anu. Lietojot kop\u0101 ar Dr.House trauku mazg\u0101&scaron;anas un pul\u0113&scaron;anas l\u012bdzek\u013ciem, lab\u0101kais rezult\u0101ts ir garant\u0113ts.<\/p>\n<p><strong>Sast\u0101v\u0101:<\/strong> 5 % un vair\u0101k, bet maz\u0101k nek\u0101 15 % nejonu virsmakt\u012bvo vielu, maz\u0101k par 5 % etilspirtu. Konservanti: Methylchloroisothiazolinone\/ Methylisothiazolinone.<\/p>\n<p>&nbsp;<\/p>\n<p><img decoding=\"async\" alt=\"\" src=\"data:image\/png;base64,iVBORw0KGgoAAAANSUhEUgAAAD0AAAA6CAYAAAF0YGHHAAAAAXNSR0IArs4c6QAAAARnQU1BAACxjwv8YQUAAAAJcEhZcwAAFxEAABcRAcom8z8AAA+ESURBVFhH3ZkJcFRVuoCpeTD1yueUls6MNe+NVAkKo\/EJskj2ztbpTtLpzkb2NASSQDbCDpHIVqAIiKzCCKKgshTCDCJ5gpoAT4fIIiMREFDDHpD0vtzbt5d\/zv\/36SxkIQkJMn5VXd19z37P+dfTp0voQ4cB4njvbT\/+qAndiMFU6MMxZ9pCXsRaDn+GP\/ZSVVVF384xabVUwb7iNVi8eDF9kHfeeYe+QREIVAExqiO8DzmiPMDFi5rQj\/wLFQoJEaf4o9Y4xqUu4j+7AXavH\/ls08R8XJ81qT8NztEPH9xUSSgak48P6+rqqBApLCwEU7LSW8keFeRu\/g5yc3Nh0aJF4DxzuqkXURVRQ6UcYcPq1vOwjY6dgoVGX9dtYSzMHMB\/dg69bDjo\/Z8HA8Cj\/NHdYbPoi43uRD\/0aRCXLE7i1VojFeUG6\/mZ2rhxI8jlcsjLy4OSkhIYOXIkvTrEED4SXKXjP+LN2OKzE98zRPlTIfLll1+CRqPh\/7y8+uqr8NRTT1GHPqyzJ4Mws3QL74YdEmXwTUvJeF7cPo79e8EjD2j\/TYsJ8s0GLjvNsUwrArsmwsyr3R1jeqJSN3QgGCL9QUhV7eGPu4YjL6uK\/+waUlLUVXNBNkBsaPtrbQshOtRhW7aQ1uw6dwago5fVHIgJAfHj3dTQh1uvA2fEyI47gJhgcJ46zpvcgSSBjR1lXrUlEDUK3D\/fAqPRCOvXr4e4uDhqk56eDuHh4aDVaum\/6c4OHGxK4HKB2+2Gmzdvgt1up4o+1Go1LF26FI4cOUL\/Db4OzOz8NueTTz7hv5oYNGgQFBcX08eH0deBPmQofHv2bKP6xA+qDR8KhQJ++OEHmDNnDv1HBWmtmDKEGiP6sBFUcDd0\/n5g2rLlcd6sCRTBjtAHD+14u8wRL\/GqLUGNw6t0jBDJOnA5eTOvUuBFncMj9we3rgEsbCb8UdfAg8N\/9ix2dUQtveD4cFzZb\/nj3sWmkpnQ2lvnzqT36Tx2lM4NKIPAU135Z16tZ3HFh4E+8AWwb1pHg96J6+plZjYGgidyFNhXLA7hzbqPoazsUVAEgX6UHzgOfc6H6RiPYAc0SyITGmnRK0W8q86jL5\/+AipA\/YvP0IrOMtE9ffo0ie24ceNgxowZ8P7775P2QdO1f\/9+mD9\/PpSXl8Nbb70FH330EU0EjaqVyYc4veSvvOv2EfOz1C52xNF4eExG6gAxmUzw4Ycf8n\/tg\/WQiIgI2LVrF8yaNYv+GxXBYAgbDs6CrEN8qCasOQlz7Uwt6gP+lyo3B3XpwYMHqTOVSsWfto1er4czZ85AQUFBo\/psjmlcBmkKKSvxCh8aLQDbV6Z37O\/+lSpt2LAB5bPxExYWBv7+\/i2eNScxMZH09ezZs+l\/djYzfG3gulRHbh4wj4P10RK7PMSmQzGaM5VX7zoej4f\/akI6zsWRecc3y8uf4MO1jRQbdtHATqt57GjevHuI27aAPmgImX\/PgQP\/xbvvHHZ1VKWJaTEDE7euYJ0\/G1ARmSNHibyr7uNMVr5qZQoeffeOMOdnsVPN5Fsju8yb9hym1DitxDSYftgg8DhEPiQTJfZajewNiSkxR3nV3uN2TvoIiPZnSsQPrGxQa2rcKl50f7g2u\/hxZ\/MI8X5gqZjpB9EBYJYNA3FGyVv8ce9iLsyVeZhzoB\/1HBjVkWBi6lKalL+bF\/cOhtyUFCfTSGQuLWbvAVMGg5GdamdBzhFerWeRJmgnOFC8hj2NaosG9WFMUjIdPQJc49O9AX9PIWUnVaCRMZCRaa0qEZRnMhDZ8Vd5s3tDzFSvsaJlY97K3bCUTaDBhaR4E2\/ePYTshF2m8BEs+GvbWW4L67zZoAt5EWzJCifvpmuIyYrDeGiMyQreZeexr19JJtijiWptGjvCliA\/gy6vKUNNHR0+fBi2b99OthgDsZdffplcpaysLDh\/\/jwsW7aMPBJ0oQ4cOAA3fr4N4vvveK2V123ux7tuHylZcQX3yTwhhwZFMjIyYNOmTZRriI+PpyAOfTAMp8aOHUvRoZ+fHyiVSnIWMGpEpMq95J9BnAxunzv3Oz5EaxwxIQ3kZ78ygxr6iIqKAofDwf+1zVdffcVCWYlWj9HmF198AaIogvN4DehfYhaOybtt587\/4UM1IcYFCvrQF8G6ZD7viomI2ask0tLS6Pv27dv03RY1NTWQmpoKtbW1UFlZSVvhw1n7T+YeM8+EebiOHVuf50Oy06uSedpy7jdv3kwubv\/+\/SEyMvKuq66oqCCPFV91Q0MDf+rFfbkOdMOeAWASYtm48ok+GK7o2fGXqg\/yKi15+OGH6bsjDxSDeTwHOTk5MHjwYHIki4qK4KeffuI1vHjYFugDmRJShUEfW4piGXkaLLLwwV5C4+eRRx6hQfv27dv4TCaT8ZpMbq1WyMzMhIULF9IJf\/PNN+HkyZO8tCXmghyKd63ZSatZP8zMJcdOwYCYsmdOqUVioK3Ptm3beFdecO+ffPJJcoEvX74Me\/fuhfz8fLh69SqvwXzulBhv5i0hsoYG9WFJjcuS0NzhPtxlLzsC8yh3YowJIb9MTIr5Bx+uJc4sVaSbhTn6F58Gd8PPvNm9YWC+GmYFpLS4nXyYtjHmJHt9quGDwPXjBd68e6DysLDXa0+N75xfditfOxAULKpkUYHzu295N12AvW48L1ZmYExjUpbwbjvHjdLSP4AyEHTMr5b+35vZ7xRMW+GEJXZYhXHpE3l3XeP6vHkPYbCnYw6AuHs777l9PAYduUVOtq+miVo176Z7zAP4DUWazNIIzOK0h\/vKJZIITFxaJudH8eb3jhAV7NaFDAXbitf4UE24zp1tjBI95aXP8SY9hxATYCXrxYI0H86vvwK6CmJ+dsO8mb2TKUIccYH1aK8tM0pBqjpIIoNZPFL8vY2kkp3XM\/lE9wbiQuH6iRMP8aLex6kJPyrE+N97PHy\/EObNHuBKjz0K7PS7VeHgmFW2jB2V3\/DiXxfG4nEjnEny8ygAmFnHuA\/Vg5nFfegPCpMKPjjn8bTvE\/47YZ1epHSoI+opwGWLxfyiZVoheGxWcH55mIwnCqYRFx\/D\/NFC7UHr8cN\/4s3\/vTDlZmgFTahVwsiPqT20l7YF5eBhZuxOnCdqwJgYTaoQE6QQHQjO\/KwT4v49g3h3DzZSZuIUITrUjY6kjmk59GowoGt+y9Ierp9+YLGbhnxxvOfC3KgzN\/WCtGnDCN79gwOacOfY1NfweGIqTMdkFdNiwgeb+XK6hrv+BsWQeDrQPrnZaXFkauqFN5cr+JC\/HNc\/\/vghKT1+M9osvHjUMeWEMiru\/zuf\/r3hMejBWjGdbvdRRCTmTjpSFWbr0oVaPoX7h3nnzj84Risq0f\/B3LOO+UJ4YSEx2ewVnE6wLVlAooJRp8DkXowPd4lzZ83gU+o9bk2fPlAcrapBs4MxEjp+mLRxna3ls2sNZg\/OnTtH10x45fT222\/D0aNHqQwvWiZPngxLliyBrVu3wu7du6msrq6uzdgMETauAwPT9vqgF+iGHTSRYJ0x6Y1qgL58mj2DbXLBCCkh8iItlg2E8Z55ghZcl5pi8tra0xASEgIrV66EdevWUZRbXV1NC7ZYLBTN4mIuXLgAEydOhDfeeANKSkpg7dq1lJC4dOkSRb8XL16kuteuXYNDhw7Bvn37YPny5ZCSkgI3btzgo7FY9+PdYAhkuoPFIWZcvCoMpCkFW28BPMyn3T2EktwotLFubmNxsZay\/Bb3eM3BrFi\/fv1gyJAhlKbBjMmKFSto4rgYvE5rbwdtNhvcunULvvnmG3oJr7\/+Ol1IyuVyeOyxx6CsrIzX9GJl9bEn6fP\/Iz2iY4oTE9wQGwKuQu1++P773\/NldA77mJQsQS2zSSzixsQlHmMr2VjBO2IbHD9+nBIoW7Zs4U+6D54CzOwVFxfTf0xPaTQa2v28vDy6iS0tLaUyH84TX4NRE8U0\/l+8tp7pG1de1tdCZeVA76rawaZNnmKXB7e0sRtWMTXaencEQaC857ffeoN7PLaTJk2iHNhnn31GZZ9++imVdRUnU1xr1qyhFOfq1avpd1BQEGUWo6Oj6Vl7kK1PV9N1Fp5OsvVjk8\/btm1paettY9OW+2wshk2YKxO2buLdtM+PP\/4IAwYMoKtnPJIoo1qtllJoKKvd5dixY7SjmMvbsWMHKTc87pgRu3LlCq\/VMe4b18BcOJad0mdJ6QITUcek\/LXeBaep3kO3z8xsIKZbDfIAEPf9jTdt4rvvvqP8HiqqVatW0centDAHiNfkSFVVFe1E83r4QWW0Z88eqnMnLpeL2mGKFncStTkmqjGjjtoe072oBBHMqKLWx0w7Jj07wtNwGyxTi+gCBP0IzPiJeZlraOGIOUk5V1AGe+yYBMXdfulZsK9dwZsDrF+\/vjHx2d0PHtG2wBvzU6dOwejRoyEgIICy92PGjKHj7NPY9fX1jalmTLbijqPyaws3syqmTO7O4i7L\/cGcIL9smTbxj2werRHS4\/KFWH\/BgdEP23nU2NbFr+B28C57F1wYigYqsblz58KCBQvICkydOpU0+LvvvktXGGgG8WU1x3nyGBiTFOS+4nU0RnZiiqLGXDHzWb68jhGz1GoxJrjBheaK2UF8a5aZpeBmR+ZBQzr8ORjwmtT\/OfIQISYELEnRe22vz\/tvvpyuYc9KDpFiZVcoD4y2mml00\/gMcN+q50P+cjg++TsYUBQDnvcuVhkMQqZ6J\/OKesY702uTX7DFyc6QV4Zanu28MS0eXBe+51O4fwibmCvKPDF0RVEHOZgitmUlLGdF\/8Gn27NcL8jpL6giDmMSHuUGFZ4xPhykfxzxzqiX8DBZty1bRCdNxyIukS3WHScDUZtSxqfW+9SVlT0qaKJ2+SItvPZCv9xRdYBPs2fwMIWFV6WoUzC8FFlsbVPIbNYJOfl8Kvef6up5fcVkxRq8bKQ7PyZfdB+wYyufdvdw36wH80RtYyIBk9tinOyGUDpeyYd+MBBTYiuYxm9m658D+zpm6+8wLR3hulwHpuwkMpXkRrLFSomRdYa8zKF8mAcTIVU1wS4PcXht\/TDQDX0abEsXdnj36fznSa+NxRidiYuHtXUmKb82l0\/r+Uua3sScoUm2xYaayNaHsjh8+DNgfXkKeKwWvlRmY49UedPAo7iNZaGhLUmxz7K4vPfvaXoTc0aCzBEXdNXjs\/W4wNw0MMaGUc7ba2ODQMjSbK+uq\/tP3uzXgUWb7mdXhdV6000jycbaogM9jpwkvNrpx6v9OrlWnPO4mK6qso5Jmckf3Uf69PkX9P6yKVGpihIAAAAASUVORK5CYII=\" \/><strong>GHS05 B\u012bstami<\/strong><br \/>\n<strong>H318<\/strong> Izraisa nopietnus acu boj\u0101jumus.<br \/>\n<strong>EUH208<\/strong> Satur: reakcijas masa: 5-hlor-2-metil- 2H-izotiazol-3-ons; 2-metil-2H- izotiazol-3-ons (3:1). Var izrais\u012bt aler\u0123isku reakciju.<br \/>\nDro&scaron;\u012bbas pras\u012bbu apz\u012bm\u0113jumi:<br \/>\nP101 Medic\u012bniska padoma nepiecie&scaron;am\u012bbas gad\u012bjum\u0101 attiec\u012bg\u0101 inform\u0101cija ir nor\u0101d\u012bta uz iepakojuma vai eti\u0137etes.<br \/>\nP102 Sarg\u0101t no b\u0113rniem.<br \/>\nP280 Izmantot acu aizsargus.<br \/>\nP305+P351+P338 SASKAR\u0112 AR AC\u012aM: Uzman\u012bgi izskalot ar \u016bdeni vair\u0101kas min\u016btes. Iz\u0146emt kontaktl\u0113cas, ja t\u0101s ir ievietotas un ja to var vienk\u0101r&scaron;i izdar\u012bt. Turpin\u0101t skalot.<br \/>\nP310 Nekav\u0113joties sazinieties ar SAIND\u0112&Scaron;AN\u0100S INFORM\u0100CIJAS CENTRU\/\u0101rstu ja jums ir slikta pa&scaron;saj\u016bta.&nbsp;<\/p>\n<p><\/body><br \/>\n<\/html><\/p>\n","protected":false},"excerpt":{"rendered":"<p>Nodro&scaron;ina trauku t\u012br\u012bbu un sp\u012bdumu. Apvienojum\u0101 ar mazg\u0101&scaron;anas l\u012bdzekli, pal\u012bdz likvid\u0113t p\u0101rtikas paliekas un traipus, pie&scaron;\u0137irot \u017eilbino&scaron;u sp\u012bdumu. Vienlaikus pa\u0101trina trauku \u017e\u0101v\u0113&scaron;anu un r\u016bp\u012bgu skalo&scaron;anu. Lietojot kop\u0101 ar Dr.House trauku mazg\u0101&scaron;anas un pul\u0113&scaron;anas l\u012bdzek\u013ciem, lab\u0101kais rezult\u0101ts ir garant\u0113ts. Sast\u0101v\u0101: 5 % un vair\u0101k, bet maz\u0101k nek\u0101 15 % nejonu virsmakt\u012bvo vielu, maz\u0101k par 5 % [&#8230;]\n","protected":false},"featured_media":97928,"template":"","meta":[],"product_cat":[1999],"product_tag":[],"class_list":{"0":"post-30241","1":"product","2":"type-product","3":"status-publish","4":"has-post-thumbnail","6":"product_brand-vento_cz","7":"product_cat-bez-kategorijas","9":"first","10":"instock","11":"taxable","12":"shipping-taxable","13":"product-type-simple"},"_links":{"self":[{"href":"https:\/\/e.kosmolat.eu\/lv\/wp-json\/wp\/v2\/product\/30241","targetHints":{"allow":["GET"]}}],"collection":[{"href":"https:\/\/e.kosmolat.eu\/lv\/wp-json\/wp\/v2\/product"}],"about":[{"href":"https:\/\/e.kosmolat.eu\/lv\/wp-json\/wp\/v2\/types\/product"}],"wp:featuredmedia":[{"embeddable":true,"href":"https:\/\/e.kosmolat.eu\/lv\/wp-json\/wp\/v2\/media\/97928"}],"wp:attachment":[{"href":"https:\/\/e.kosmolat.eu\/lv\/wp-json\/wp\/v2\/media?parent=30241"}],"wp:term":[{"taxonomy":"product_cat","embeddable":true,"href":"https:\/\/e.kosmolat.eu\/lv\/wp-json\/wp\/v2\/product_cat?post=30241"},{"taxonomy":"product_tag","embeddable":true,"href":"https:\/\/e.kosmolat.eu\/lv\/wp-json\/wp\/v2\/product_tag?post=30241"}],"curies":[{"name":"wp","href":"https:\/\/api.w.org\/{rel}","templated":true}]}}