{"id":30233,"date":"2023-12-19T20:24:41","date_gmt":"2023-12-19T20:24:41","guid":{"rendered":"https:\/\/e.kosmolat.eu\/product\/dr-house-lidz-trauku-mazg-masinas-tirisanai-250-ml\/"},"modified":"2026-04-22T13:21:08","modified_gmt":"2026-04-22T13:21:08","slug":"dr-house-lidz-trauku-mazg-masinas-tirisanai-250-ml","status":"publish","type":"product","link":"https:\/\/e.kosmolat.eu\/lv\/product\/dr-house-lidz-trauku-mazg-masinas-tirisanai-250-ml\/","title":{"rendered":"Dr.House L\u012bdz. trauku mazg.ma\u0161\u012bnas t\u012br\u012b\u0161anai, 250 ml"},"content":{"rendered":"<p>Efekt\u012bvi no\u0146em taukus, ka\u013c\u0137akmeni un miner\u0101lu nogulsnes uz trauku mazg\u0101jamaj\u0101s ma&scaron;\u012bnas virsmas, papl\u0101ksn\u0113m, filtriem, k\u0101 ar\u012b gr\u016bti sasniedzam\u0101s viet\u0101s. Lietojiet vismaz reizi m\u0113nes\u012b. Piem\u0113rots visu veidu trauku mazg\u0101jam\u0101m ma&scaron;\u012bn\u0101m.<\/p>\n<p><strong>Lieto&scaron;ana:<\/strong> no\u0146emiet uzl\u012bmi no pudel\u012btes v\u0101ci\u0146a un uzkariniet pudel\u012bti uz tuk&scaron;as trauku mazg\u0101jam\u0101s ma&scaron;\u012bnas apak&scaron;\u0113j\u0101 groz\u0101. Aizveriet trauku mazg\u0101jamo ma&scaron;\u012bnu un palaidiet mazg\u0101&scaron;anas programmu pie augst\u0101k\u0101s temperat\u016bras.<\/p>\n<p><strong>Sast\u0101v\u0101: <\/strong>15 % un vair\u0101k, bet maz\u0101k nek\u0101 30 % citronsk\u0101bes, 5 % un vair\u0101k, bet maz\u0101k nek\u0101 15 % nejonu virsmakt\u012bvo vielu. Konservanti: Methylchloroisothiazolinone\/ Methylisothiazolinone.<\/p>\n<p>&nbsp;<\/p>\n<p><strong><img decoding=\"async\" alt=\"\" src=\"https:\/\/www.reach-compliance.ch\/images\/acid1cols3.jpg\" style=\"height:40px; width:40px\" \/>GHS05 B\u012bstami<\/strong><br \/>\nH315 Kairina \u0101du<br \/>\nH318 Izraisa nopietnus acu boj\u0101jumus<br \/>\nEUH208 Satur: Metilhlorizotiazolinons un metilizotiazolinons. Var izrais\u012bt aler\u0123isku reakciju.<br \/>\nDro&scaron;\u012bbas pras\u012bbu apz\u012bm\u0113jumi:<br \/>\nP101 Medic\u012bniska padoma nepiecie&scaron;am\u012bbas gad\u012bjum\u0101 attiec\u012bg\u0101 inform\u0101cija ir nor\u0101d\u012bta uz iepakojuma vai eti\u0137etes.<br \/>\nP102 Sarg\u0101t no b\u0113rniem.<br \/>\nP264 P\u0113c izmanto&scaron;anas rokas k\u0101rt\u012bgi nomazg\u0101t.<br \/>\nP280 Izmantot acu aizsargus.<br \/>\nP302+P352 Saskar\u0113 ar \u0101du: nomazg\u0101t ar lielu \u016bdens daudzumu. &nbsp;&nbsp;<br \/>\nP332+P313 Ja rodas \u0101das iekaisums: l\u016bdziet medi\u0137u pal\u012bdz\u012bbu.<br \/>\nP305+P351+P338 Saskar\u0113 ar ac\u012bm: Uzman\u012bgi izskalot ar \u016bdeni vair\u0101kas min\u016btes. Iz\u0146emt kontaktl\u0113cas, ja t\u0101s ir ievietotas un ja to var vienk\u0101r&scaron;i izdar\u012bt. Turpin\u0101t skalot.<br \/>\nP310 Nekav\u0113joties sazinieties ar saind\u0113&scaron;an\u0101s inform\u0101cijas centru\/\u0101rstu ja jums ir slikta pa&scaron;saj\u016bta.<\/p>\n","protected":false},"excerpt":{"rendered":"<p>Efekt\u012bvi no\u0146em taukus, ka\u013c\u0137akmeni un miner\u0101lu nogulsnes uz trauku mazg\u0101jamaj\u0101s ma&scaron;\u012bnas virsmas, papl\u0101ksn\u0113m, filtriem, k\u0101 ar\u012b gr\u016bti sasniedzam\u0101s viet\u0101s. Lietojiet vismaz reizi m\u0113nes\u012b. Piem\u0113rots visu veidu trauku mazg\u0101jam\u0101m ma&scaron;\u012bn\u0101m. Lieto&scaron;ana: no\u0146emiet uzl\u012bmi no pudel\u012btes v\u0101ci\u0146a un uzkariniet pudel\u012bti uz tuk&scaron;as trauku mazg\u0101jam\u0101s ma&scaron;\u012bnas apak&scaron;\u0113j\u0101 groz\u0101. Aizveriet trauku mazg\u0101jamo ma&scaron;\u012bnu un palaidiet mazg\u0101&scaron;anas programmu pie augst\u0101k\u0101s [&#8230;]\n","protected":false},"featured_media":97920,"template":"","meta":[],"product_cat":[2181],"product_tag":[],"class_list":{"0":"post-30233","1":"product","2":"type-product","3":"status-publish","4":"has-post-thumbnail","6":"product_brand-vento_cz","7":"product_cat-bez-kategorijas-lt","9":"first","10":"instock","11":"taxable","12":"shipping-taxable","13":"product-type-simple"},"_links":{"self":[{"href":"https:\/\/e.kosmolat.eu\/lv\/wp-json\/wp\/v2\/product\/30233","targetHints":{"allow":["GET"]}}],"collection":[{"href":"https:\/\/e.kosmolat.eu\/lv\/wp-json\/wp\/v2\/product"}],"about":[{"href":"https:\/\/e.kosmolat.eu\/lv\/wp-json\/wp\/v2\/types\/product"}],"wp:featuredmedia":[{"embeddable":true,"href":"https:\/\/e.kosmolat.eu\/lv\/wp-json\/wp\/v2\/media\/97920"}],"wp:attachment":[{"href":"https:\/\/e.kosmolat.eu\/lv\/wp-json\/wp\/v2\/media?parent=30233"}],"wp:term":[{"taxonomy":"product_cat","embeddable":true,"href":"https:\/\/e.kosmolat.eu\/lv\/wp-json\/wp\/v2\/product_cat?post=30233"},{"taxonomy":"product_tag","embeddable":true,"href":"https:\/\/e.kosmolat.eu\/lv\/wp-json\/wp\/v2\/product_tag?post=30233"}],"curies":[{"name":"wp","href":"https:\/\/api.w.org\/{rel}","templated":true}]}}