{"id":30217,"date":"2023-12-19T20:23:24","date_gmt":"2023-12-19T20:23:24","guid":{"rendered":"https:\/\/e.kosmolat.eu\/product\/dr-house-lemon-tirisanas-pulveris-500-g\/"},"modified":"2026-04-24T07:30:26","modified_gmt":"2026-04-24T07:30:26","slug":"dr-house-lemon-tirisanas-pulveris-500-g","status":"publish","type":"product","link":"https:\/\/e.kosmolat.eu\/lv\/product\/dr-house-lemon-tirisanas-pulveris-500-g\/","title":{"rendered":"Dr.House Lemon T\u012br\u012b\u0161anas pulveris, 500 g"},"content":{"rendered":"<p>Saudz\u012bgs pret t\u012br\u0101m\u0101m virsm\u0101m.&nbsp;<\/p>\n<p><strong>Lieto&scaron;ana:<\/strong> uzkl\u0101t nelielu daudzumu t\u012br\u012b&scaron;anas pulvera uz att\u012br\u0101m\u0101s virsmas vai uz &scaron;vamm\u012btes, paberzt, not\u012br\u012bt un noskalot ar \u016bdeni.<\/p>\n<p><strong>Sast\u0101v\u0101: <\/strong>30 % un vair\u0101k karbon\u0101tu, maz\u0101k par 5 % anjonu virsmakt\u012bvo vielu. Smar\u017eas un arom\u0101tisk\u0101s kompoz\u012bcijas\/ Citral.<\/p>\n<p>&nbsp;<\/p>\n<p><strong><img decoding=\"async\" alt=\"\" src=\"https:\/\/www.reach-compliance.ch\/images\/exclam1cols3.jpg\" style=\"height:40px; width:40px\" \/>GHS07 Uzman\u012bbu<\/strong><br \/>\nH319 Izraisa nopietnu acu kairin\u0101jumu.<br \/>\nDro&scaron;\u012bbas pras\u012bbu apz\u012bm\u0113jumi:<br \/>\nP101 Medic\u012bniska padoma nepiecie&scaron;am\u012bbas gad\u012bjum\u0101 attiec\u012bg\u0101 inform\u0101cija ir nor\u0101d\u012bta uz iepakojuma vai eti\u0137etes.<br \/>\nP102 Sarg\u0101t no b\u0113rniem.<br \/>\nP264 P\u0113c izmanto&scaron;anas rokas k\u0101rt\u012bgi nomazg\u0101t.<br \/>\nP280 Izmantot acu aizsargus.<br \/>\nP305+P351+P338 Saskar\u0113 ar ac\u012bm: Uzman\u012bgi izskalot ar \u016bdeni vair\u0101kas min\u016btes. Iz\u0146emt kontaktl\u0113cas, ja t\u0101s ir ievietotas un ja to var vienk\u0101r&scaron;i izdar\u012bt. Turpin\u0101t skalot.<br \/>\nP337+P313 Ja acu iekaisums nep\u0101riet: l\u016bdziet medi\u0137u pal\u012bdz\u012bbu<br \/>\n&nbsp;<\/p>\n","protected":false},"excerpt":{"rendered":"<p>Saudz\u012bgs pret t\u012br\u0101m\u0101m virsm\u0101m.&nbsp; Lieto&scaron;ana: uzkl\u0101t nelielu daudzumu t\u012br\u012b&scaron;anas pulvera uz att\u012br\u0101m\u0101s virsmas vai uz &scaron;vamm\u012btes, paberzt, not\u012br\u012bt un noskalot ar \u016bdeni. Sast\u0101v\u0101: 30 % un vair\u0101k karbon\u0101tu, maz\u0101k par 5 % anjonu virsmakt\u012bvo vielu. Smar\u017eas un arom\u0101tisk\u0101s kompoz\u012bcijas\/ Citral. &nbsp; GHS07 Uzman\u012bbu H319 Izraisa nopietnu acu kairin\u0101jumu. Dro&scaron;\u012bbas pras\u012bbu apz\u012bm\u0113jumi: P101 Medic\u012bniska padoma nepiecie&scaron;am\u012bbas [&#8230;]\n","protected":false},"featured_media":97908,"template":"","meta":[],"product_cat":[1466],"product_tag":[],"class_list":{"0":"post-30217","1":"product","2":"type-product","3":"status-publish","4":"has-post-thumbnail","6":"product_brand-vento_cz","7":"product_cat-virtuvei","9":"first","10":"instock","11":"taxable","12":"shipping-taxable","13":"product-type-simple"},"_links":{"self":[{"href":"https:\/\/e.kosmolat.eu\/lv\/wp-json\/wp\/v2\/product\/30217","targetHints":{"allow":["GET"]}}],"collection":[{"href":"https:\/\/e.kosmolat.eu\/lv\/wp-json\/wp\/v2\/product"}],"about":[{"href":"https:\/\/e.kosmolat.eu\/lv\/wp-json\/wp\/v2\/types\/product"}],"wp:featuredmedia":[{"embeddable":true,"href":"https:\/\/e.kosmolat.eu\/lv\/wp-json\/wp\/v2\/media\/97908"}],"wp:attachment":[{"href":"https:\/\/e.kosmolat.eu\/lv\/wp-json\/wp\/v2\/media?parent=30217"}],"wp:term":[{"taxonomy":"product_cat","embeddable":true,"href":"https:\/\/e.kosmolat.eu\/lv\/wp-json\/wp\/v2\/product_cat?post=30217"},{"taxonomy":"product_tag","embeddable":true,"href":"https:\/\/e.kosmolat.eu\/lv\/wp-json\/wp\/v2\/product_tag?post=30217"}],"curies":[{"name":"wp","href":"https:\/\/api.w.org\/{rel}","templated":true}]}}