{"id":30193,"date":"2023-12-19T20:21:03","date_gmt":"2023-12-19T20:21:03","guid":{"rendered":"https:\/\/e.kosmolat.eu\/product\/dr-house-paklaju-un-miksto-mebelu-tir-lidz-500-ml\/"},"modified":"2026-05-08T06:12:32","modified_gmt":"2026-05-08T06:12:32","slug":"dr-house-paklaju-un-miksto-mebelu-tir-lidz-500-ml","status":"publish","type":"product","link":"https:\/\/e.kosmolat.eu\/lv\/product\/dr-house-paklaju-un-miksto-mebelu-tir-lidz-500-ml\/","title":{"rendered":"Dr.House Pakl\u0101ju un m\u012bksto m\u0113be\u013cu t\u012br.l\u012bdz., 500 ml"},"content":{"rendered":"<p>No\u0146em net\u012brumus un dzi\u013ci ies\u0113du&scaron;os traipus no pakl\u0101jiem, padarot tos m\u012bkstus un svaigus. Efekt\u012bvs pret tauku, z\u0101les, asins, kafijas un dz\u012bvnieku rad\u012btajiem traipiem. Piem\u0113ros ar\u012b m\u012bksto m\u0113be\u013cu un automa&scaron;\u012bnu s\u0113dek\u013cu p\u0101rvalku t\u012br\u012b&scaron;anai.&nbsp;<\/p>\n<p><strong>Lieto&scaron;ana:<\/strong> vienm\u0113r\u012bgi izsmidziniet putas uz virsmas un \u013caujiet iedarboties. No\u0146emiet putas, paberz\u0113jot virsmu ar lupati\u0146u vai &scaron;vamm\u012bti, un noslaukiet to sausu. Ja nepiecie&scaron;ams, atk\u0101rtojiet.<\/p>\n<p><strong>Ieteikums: <\/strong>neskatoties uz to, ka l\u012bdzeklis ir \u013coti saudz\u0113jo&scaron;s, pirms lieto&scaron;anas ieteicams p\u0101rbaud\u012bt pakl\u0101ja\/m\u012bksto m\u0113be\u013cu materi\u0101la kr\u0101sas notur\u012bbu maz\u0101k paman\u0101m\u0101 viet\u0101.<\/p>\n<p><strong>Sast\u0101v\u0101: <\/strong>maz\u0101k par 5 % anjonu virsmakt\u012bvo vielu, &nbsp;maz\u0101k par 5 % nejonu virsmakt\u012bvo vielu. Optiskie balin\u0101t\u0101ji. Smar\u017eas un arom\u0101tisk\u0101s kompoz\u012bcijas. Konservants: 2-Bromo-2-Nitropropane-1,3-Diol.<\/p>\n<p>&nbsp;<\/p>\n<p><strong><img decoding=\"async\" alt=\"\" src=\"https:\/\/www.reach-compliance.ch\/images\/exclam1cols3.jpg\" style=\"height:40px; width:40px\" \/>GHS07 Uzman\u012bbu<\/strong><br \/>\nH319 Izraisa nopietnu acu kairin\u0101jumu.<br \/>\nDro&scaron;\u012bbas pras\u012bbu apz\u012bm\u0113jumi:<br \/>\nP101 Medic\u012bniska padoma nepiecie&scaron;am\u012bbas gad\u012bjum\u0101 attiec\u012bg\u0101 inform\u0101cija ir nor\u0101d\u012bta uz iepakojuma vai eti\u0137etes.<br \/>\nP102 Sarg\u0101t no b\u0113rniem.<br \/>\nP264 P\u0113c izmanto&scaron;anas rokas k\u0101rt\u012bgi nomazg\u0101t.<br \/>\nP280 Izmantot acu aizsargus.<br \/>\nP305+P351+P338 Saskar\u0113 ar ac\u012bm: Uzman\u012bgi izskalot ar \u016bdeni vair\u0101kas min\u016btes. Iz\u0146emt kontaktl\u0113cas, ja t\u0101s ir ievietotas un ja to var vienk\u0101r&scaron;i izdar\u012bt. Turpin\u0101t skalot.<br \/>\nP337+P313 Ja acu iekaisums nep\u0101riet: l\u016bdziet medi\u0137u pal\u012bdz\u012bbu.<br \/>\n&nbsp;<\/p>\n","protected":false},"excerpt":{"rendered":"<p>No\u0146em net\u012brumus un dzi\u013ci ies\u0113du&scaron;os traipus no pakl\u0101jiem, padarot tos m\u012bkstus un svaigus. Efekt\u012bvs pret tauku, z\u0101les, asins, kafijas un dz\u012bvnieku rad\u012btajiem traipiem. Piem\u0113ros ar\u012b m\u012bksto m\u0113be\u013cu un automa&scaron;\u012bnu s\u0113dek\u013cu p\u0101rvalku t\u012br\u012b&scaron;anai.&nbsp; Lieto&scaron;ana: vienm\u0113r\u012bgi izsmidziniet putas uz virsmas un \u013caujiet iedarboties. No\u0146emiet putas, paberz\u0113jot virsmu ar lupati\u0146u vai &scaron;vamm\u012bti, un noslaukiet to sausu. Ja nepiecie&scaron;ams, [&#8230;]\n","protected":false},"featured_media":98012,"template":"","meta":[],"product_cat":[1459],"product_tag":[],"class_list":{"0":"post-30193","1":"product","2":"type-product","3":"status-publish","4":"has-post-thumbnail","6":"product_brand-vento_cz","7":"product_cat-citi-tirisanas-lidzekli","9":"first","10":"instock","11":"taxable","12":"shipping-taxable","13":"product-type-simple"},"_links":{"self":[{"href":"https:\/\/e.kosmolat.eu\/lv\/wp-json\/wp\/v2\/product\/30193","targetHints":{"allow":["GET"]}}],"collection":[{"href":"https:\/\/e.kosmolat.eu\/lv\/wp-json\/wp\/v2\/product"}],"about":[{"href":"https:\/\/e.kosmolat.eu\/lv\/wp-json\/wp\/v2\/types\/product"}],"wp:featuredmedia":[{"embeddable":true,"href":"https:\/\/e.kosmolat.eu\/lv\/wp-json\/wp\/v2\/media\/98012"}],"wp:attachment":[{"href":"https:\/\/e.kosmolat.eu\/lv\/wp-json\/wp\/v2\/media?parent=30193"}],"wp:term":[{"taxonomy":"product_cat","embeddable":true,"href":"https:\/\/e.kosmolat.eu\/lv\/wp-json\/wp\/v2\/product_cat?post=30193"},{"taxonomy":"product_tag","embeddable":true,"href":"https:\/\/e.kosmolat.eu\/lv\/wp-json\/wp\/v2\/product_tag?post=30193"}],"curies":[{"name":"wp","href":"https:\/\/api.w.org\/{rel}","templated":true}]}}