{"id":30153,"date":"2023-12-19T20:16:37","date_gmt":"2023-12-19T20:16:37","guid":{"rendered":"https:\/\/e.kosmolat.eu\/product\/lv-lupu-spidums-ar-apjoma-efektu-503-icon-lips-glossy-volume\/"},"modified":"2025-06-02T05:02:57","modified_gmt":"2025-06-02T05:02:57","slug":"lv-lupu-spidums-ar-apjoma-efektu-503-icon-lips-glossy-volume-3-4-g","status":"publish","type":"product","link":"https:\/\/e.kosmolat.eu\/lv\/product\/lv-lupu-spidums-ar-apjoma-efektu-503-icon-lips-glossy-volume-3-4-g\/","title":{"rendered":"LV L\u016bpu sp\u012bdums ar apjoma efektu 503 Icon Lips Glossy Volume, 3.4 g"},"content":{"rendered":"<p><strong>Lieto&scaron;ana:<\/strong> uzkl\u0101t uz l\u016bp\u0101m ar aplikatora pal\u012bdz\u012bbu.<\/p>\n<p>Uzglab\u0101t temperat\u016br\u0101 no +5 &deg;\u0421 l\u012bdz +25 &deg;\u0421 saus\u0101 viet\u0101 prom no apkures ier\u012bc\u0113m, sarg\u0101jot no tie&scaron;iem saules stariem.<br \/>\n&nbsp;<\/p>\n","protected":false},"excerpt":{"rendered":"<p>Lieto&scaron;ana: uzkl\u0101t uz l\u016bp\u0101m ar aplikatora pal\u012bdz\u012bbu. Uzglab\u0101t temperat\u016br\u0101 no +5 &deg;\u0421 l\u012bdz +25 &deg;\u0421 saus\u0101 viet\u0101 prom no apkures ier\u012bc\u0113m, sarg\u0101jot no tie&scaron;iem saules stariem. &nbsp;<\/p>\n","protected":false},"featured_media":0,"template":"","meta":[],"product_cat":[1999],"product_tag":[],"class_list":{"0":"post-30153","1":"product","2":"type-product","3":"status-publish","5":"product_brand-lux-visage_by","6":"product_cat-bez-kategorijas","8":"first","9":"outofstock","10":"taxable","11":"shipping-taxable","12":"product-type-simple"},"_links":{"self":[{"href":"https:\/\/e.kosmolat.eu\/lv\/wp-json\/wp\/v2\/product\/30153","targetHints":{"allow":["GET"]}}],"collection":[{"href":"https:\/\/e.kosmolat.eu\/lv\/wp-json\/wp\/v2\/product"}],"about":[{"href":"https:\/\/e.kosmolat.eu\/lv\/wp-json\/wp\/v2\/types\/product"}],"wp:attachment":[{"href":"https:\/\/e.kosmolat.eu\/lv\/wp-json\/wp\/v2\/media?parent=30153"}],"wp:term":[{"taxonomy":"product_cat","embeddable":true,"href":"https:\/\/e.kosmolat.eu\/lv\/wp-json\/wp\/v2\/product_cat?post=30153"},{"taxonomy":"product_tag","embeddable":true,"href":"https:\/\/e.kosmolat.eu\/lv\/wp-json\/wp\/v2\/product_tag?post=30153"}],"curies":[{"name":"wp","href":"https:\/\/api.w.org\/{rel}","templated":true}]}}