{"id":30141,"date":"2023-12-19T20:15:17","date_gmt":"2023-12-19T20:15:17","guid":{"rendered":"https:\/\/e.kosmolat.eu\/product\/bd-bye-bye-dark-circles-roza-hidrogela-acu-patci-60-gab\/"},"modified":"2026-04-20T11:58:17","modified_gmt":"2026-04-20T11:58:17","slug":"bd-bye-bye-dark-circles-roza-hidrogela-acu-patci-60-gab","status":"publish","type":"product","link":"https:\/\/e.kosmolat.eu\/lv\/product\/bd-bye-bye-dark-circles-roza-hidrogela-acu-patci-60-gab\/","title":{"rendered":"BD Bye Bye Dark Circles Roz\u0101 hidrogela acu pat\u010di, 60 gab."},"content":{"rendered":"<p>Mazina piet\u016bkumu un tum&scaron;os lokus, pal\u012bdz &quot;pamodin\u0101t&quot; \u0101du un izl\u012bdzin\u0101t t\u0101s toni, pie&scaron;\u0137ir dabisku mirdzumu.&nbsp;<\/p>\n<p>&bull;&nbsp;&nbsp;&nbsp;&nbsp;Kofe\u012bns pal\u012bdz nov\u0113rst tum&scaron;os lokus.&nbsp;<br \/>\n&bull;&nbsp;&nbsp;&nbsp;&nbsp;P\u0113r\u013cu pulvera ekstrakts sniedz \u0101dai dabisku mirdzumu un izl\u012bdzina \u0101du.<br \/>\n&bull;&nbsp;&nbsp;&nbsp;&nbsp;Damaskas rozes ziedu ekstrakts pies\u0101tina \u0101du ar vitam\u012bniem un mikroelementiem.<\/p>\n<p><strong>Lieto&scaron;ana: <\/strong>1. Iz\u0146emiet pat\u010dus no bund\u017ei\u0146as ar speci\u0101las l\u0101psti\u0146as pal\u012bdz\u012bbu un uzkl\u0101jiet uz att\u012br\u012btas \u0101das. Pat\u010dus var lietot nazolabi\u0101l\u0101s rievas zon\u0101, uz pieres un kakla. 2. P\u0113c 15-20 min. uzman\u012bgi no\u0146emiet pat\u010dus. Nelietojiet vair\u0101k par diviem pat\u010diem dien\u0101. 3. Ieteicams uzglab\u0101t ledusskap\u012b, lai sasniegtu lab\u0101ku rezult\u0101tu.<\/p>\n<p><strong>Piesardz\u012bbas pas\u0101kumi: <\/strong>Tikai \u0101r\u012bgai lieto&scaron;anai. Pat\u010di ir vienreizlietojami. Pirms lieto&scaron;anas p\u0101rbaudiet pat\u010dus uz neliela \u0101das laukuma. Aler\u0123iskas reakcijas gad\u012bjum\u0101 p\u0101rtrauciet lieto&scaron;anu. Nelietot, ja ir individu\u0101la jut\u012bba pret atsevi&scaron;\u0137\u0101m sast\u0101vda\u013c\u0101m. Ja iek\u013c\u016bst ac\u012bs, izskalot ar lielu daudzumu \u016bdens.&nbsp;<\/p>\n<p>Uzglab\u0101t temperat\u016br\u0101 no +5 &deg;C l\u012bdz +25 &deg;C, relat\u012bvaj\u0101 mitrum\u0101 55-70%, sarg\u0101jot no tie&scaron;iem saules stariem, vismaz 1 m att\u0101lum\u0101 no siltuma avotiem.&nbsp;<\/p>\n","protected":false},"excerpt":{"rendered":"<p>Mazina piet\u016bkumu un tum&scaron;os lokus, pal\u012bdz &quot;pamodin\u0101t&quot; \u0101du un izl\u012bdzin\u0101t t\u0101s toni, pie&scaron;\u0137ir dabisku mirdzumu.&nbsp; &bull;&nbsp;&nbsp;&nbsp;&nbsp;Kofe\u012bns pal\u012bdz nov\u0113rst tum&scaron;os lokus.&nbsp; &bull;&nbsp;&nbsp;&nbsp;&nbsp;P\u0113r\u013cu pulvera ekstrakts sniedz \u0101dai dabisku mirdzumu un izl\u012bdzina \u0101du. &bull;&nbsp;&nbsp;&nbsp;&nbsp;Damaskas rozes ziedu ekstrakts pies\u0101tina \u0101du ar vitam\u012bniem un mikroelementiem. Lieto&scaron;ana: 1. Iz\u0146emiet pat\u010dus no bund\u017ei\u0146as ar speci\u0101las l\u0101psti\u0146as pal\u012bdz\u012bbu un uzkl\u0101jiet uz att\u012br\u012btas \u0101das. [&#8230;]\n","protected":false},"featured_media":101041,"template":"","meta":[],"product_cat":[1367],"product_tag":[],"class_list":{"0":"post-30141","1":"product","2":"type-product","3":"status-publish","4":"has-post-thumbnail","6":"product_brand-naturpro_ua","7":"product_cat-sejas-maskas","9":"first","10":"instock","11":"taxable","12":"shipping-taxable","13":"product-type-simple"},"_links":{"self":[{"href":"https:\/\/e.kosmolat.eu\/lv\/wp-json\/wp\/v2\/product\/30141","targetHints":{"allow":["GET"]}}],"collection":[{"href":"https:\/\/e.kosmolat.eu\/lv\/wp-json\/wp\/v2\/product"}],"about":[{"href":"https:\/\/e.kosmolat.eu\/lv\/wp-json\/wp\/v2\/types\/product"}],"wp:featuredmedia":[{"embeddable":true,"href":"https:\/\/e.kosmolat.eu\/lv\/wp-json\/wp\/v2\/media\/101041"}],"wp:attachment":[{"href":"https:\/\/e.kosmolat.eu\/lv\/wp-json\/wp\/v2\/media?parent=30141"}],"wp:term":[{"taxonomy":"product_cat","embeddable":true,"href":"https:\/\/e.kosmolat.eu\/lv\/wp-json\/wp\/v2\/product_cat?post=30141"},{"taxonomy":"product_tag","embeddable":true,"href":"https:\/\/e.kosmolat.eu\/lv\/wp-json\/wp\/v2\/product_tag?post=30141"}],"curies":[{"name":"wp","href":"https:\/\/api.w.org\/{rel}","templated":true}]}}