{"id":30137,"date":"2023-12-19T20:14:47","date_gmt":"2023-12-19T20:14:47","guid":{"rendered":"https:\/\/e.kosmolat.eu\/product\/bd-bye-bye-wrinkles-zelta-hidrogela-acu-patci-60-gab\/"},"modified":"2026-04-23T07:37:16","modified_gmt":"2026-04-23T07:37:16","slug":"bd-bye-bye-wrinkles-zelta-hidrogela-acu-patci-60-gab","status":"publish","type":"product","link":"https:\/\/e.kosmolat.eu\/lv\/product\/bd-bye-bye-wrinkles-zelta-hidrogela-acu-patci-60-gab\/","title":{"rendered":"BD Bye Bye Wrinkles Zelta hidrogela acu pat\u010di, 60 gab."},"content":{"rendered":"<p>Padara gai&scaron;\u0101kus tum&scaron;os lokus, m\u012bmikas krunci\u0146as &#8211; maz\u0101k paman\u0101mas, k\u0101 ar\u012b savelk \u0101du ap ac\u012bm, mazinot piet\u016bkumu.&nbsp;<\/p>\n<p>&bull;&nbsp;&nbsp; &nbsp;Retinols veicina dab\u012bg\u0101 kolag\u0113na izstr\u0101di, k\u0101 rezult\u0101t\u0101 \u0101da ieg\u016bst jaunekl\u012bgu un vesel\u012bgu izskatu.<br \/>\n&bull;&nbsp;&nbsp; &nbsp;C vitam\u012bns izl\u012bdzina \u0101das toni un veicina t\u0101s atjauno&scaron;an\u0101s procesus.&nbsp;<br \/>\n&bull;&nbsp;&nbsp; &nbsp;Kolag\u0113ns uztur \u016bdens l\u012bdzsvaru, k\u0101 ar\u012b notur mitrumu \u0101d\u0101, sekm\u0113jot t\u0101s tvirtumu.<\/p>\n<p><strong>Lieto&scaron;ana: <\/strong>1. Iz\u0146emiet pat\u010dus no bund\u017ei\u0146as ar speci\u0101las l\u0101psti\u0146as pal\u012bdz\u012bbu un uzkl\u0101jiet uz att\u012br\u012btas \u0101das. Pat\u010dus var lietot nazolabi\u0101l\u0101s rievas zon\u0101, uz pieres un kakla. 2. P\u0113c 15-20 min. uzman\u012bgi no\u0146emiet pat\u010dus. Nelietojiet vair\u0101k par diviem pat\u010diem dien\u0101. 3. Ieteicams uzglab\u0101t ledusskap\u012b, lai sasniegtu lab\u0101ku rezult\u0101tu.<\/p>\n<p><strong>Piesardz\u012bbas pas\u0101kumi:<\/strong> Tikai \u0101r\u012bgai lieto&scaron;anai. Pat\u010di ir vienreizlietojami. Pirms lieto&scaron;anas p\u0101rbaudiet pat\u010dus uz neliela \u0101das laukuma. Aler\u0123iskas reakcijas gad\u012bjum\u0101 p\u0101rtrauciet lieto&scaron;anu. Nelietot, ja ir individu\u0101la jut\u012bba pret atsevi&scaron;\u0137\u0101m l\u012bdzek\u013ca sast\u0101vda\u013c\u0101m. Ja iek\u013c\u016bst ac\u012bs, izskalot ar lielu daudzumu \u016bdens.&nbsp;<\/p>\n<p>Uzglab\u0101t temperat\u016br\u0101 no +5 &deg;C l\u012bdz +25 &deg;C, relat\u012bvaj\u0101 mitrum\u0101 55-70%, sarg\u0101jot no tie&scaron;iem saules stariem, vismaz 1 m att\u0101lum\u0101 no siltuma avotiem.&nbsp;<br \/>\n&nbsp;<\/p>\n","protected":false},"excerpt":{"rendered":"<p>Padara gai&scaron;\u0101kus tum&scaron;os lokus, m\u012bmikas krunci\u0146as &#8211; maz\u0101k paman\u0101mas, k\u0101 ar\u012b savelk \u0101du ap ac\u012bm, mazinot piet\u016bkumu.&nbsp; &bull;&nbsp;&nbsp; &nbsp;Retinols veicina dab\u012bg\u0101 kolag\u0113na izstr\u0101di, k\u0101 rezult\u0101t\u0101 \u0101da ieg\u016bst jaunekl\u012bgu un vesel\u012bgu izskatu. &bull;&nbsp;&nbsp; &nbsp;C vitam\u012bns izl\u012bdzina \u0101das toni un veicina t\u0101s atjauno&scaron;an\u0101s procesus.&nbsp; &bull;&nbsp;&nbsp; &nbsp;Kolag\u0113ns uztur \u016bdens l\u012bdzsvaru, k\u0101 ar\u012b notur mitrumu \u0101d\u0101, sekm\u0113jot t\u0101s tvirtumu. [&#8230;]\n","protected":false},"featured_media":102927,"template":"","meta":[],"product_cat":[2181],"product_tag":[],"class_list":{"0":"post-30137","1":"product","2":"type-product","3":"status-publish","4":"has-post-thumbnail","6":"product_brand-naturpro_ua","7":"product_cat-bez-kategorijas-lt","9":"first","10":"instock","11":"taxable","12":"shipping-taxable","13":"product-type-simple"},"_links":{"self":[{"href":"https:\/\/e.kosmolat.eu\/lv\/wp-json\/wp\/v2\/product\/30137","targetHints":{"allow":["GET"]}}],"collection":[{"href":"https:\/\/e.kosmolat.eu\/lv\/wp-json\/wp\/v2\/product"}],"about":[{"href":"https:\/\/e.kosmolat.eu\/lv\/wp-json\/wp\/v2\/types\/product"}],"wp:featuredmedia":[{"embeddable":true,"href":"https:\/\/e.kosmolat.eu\/lv\/wp-json\/wp\/v2\/media\/102927"}],"wp:attachment":[{"href":"https:\/\/e.kosmolat.eu\/lv\/wp-json\/wp\/v2\/media?parent=30137"}],"wp:term":[{"taxonomy":"product_cat","embeddable":true,"href":"https:\/\/e.kosmolat.eu\/lv\/wp-json\/wp\/v2\/product_cat?post=30137"},{"taxonomy":"product_tag","embeddable":true,"href":"https:\/\/e.kosmolat.eu\/lv\/wp-json\/wp\/v2\/product_tag?post=30137"}],"curies":[{"name":"wp","href":"https:\/\/api.w.org\/{rel}","templated":true}]}}