{"id":30121,"date":"2023-12-19T20:13:15","date_gmt":"2023-12-19T20:13:15","guid":{"rendered":"https:\/\/e.kosmolat.eu\/product\/7d-mbw-attirosa-sejas-maska-ar-maliem-cica-recover-80-ml\/"},"modified":"2026-03-11T11:29:16","modified_gmt":"2026-03-11T11:29:16","slug":"7d-mbw-attirosa-sejas-maska-ar-maliem-cica-recover-80-ml","status":"publish","type":"product","link":"https:\/\/e.kosmolat.eu\/lv\/product\/7d-mbw-attirosa-sejas-maska-ar-maliem-cica-recover-80-ml\/","title":{"rendered":"7D MBW Att\u012bro\u0161a sejas maska ar m\u0101liem Cica Recover, 80 ml"},"content":{"rendered":"<p>Sejas maska ar m\u0101liem poru sa&scaron;aurin\u0101&scaron;anai un sejas \u0101das mat\u0113&scaron;anai. \u0100zijas cent\u012blijas ekstrakts mitrina \u0101du, veicina atjauno&scaron;an\u0101s procesus. Cinks padara \u0101du saus\u0101ku un c\u012bn\u0101s ar t\u0101s nepiln\u012bb\u0101m. Kaol\u012bns dzi\u013ci att\u012bra, nep\u0101rsausinot \u0101du, savelk poras, likvid\u0113 melnos punktus un sniedz mat\u0113jo&scaron;u efektu.<\/p>\n<p><strong>Lieto&scaron;ana:<\/strong> pl\u0101n\u0101 k\u0101rti\u0146\u0101 uzkl\u0101jiet masku uz att\u012br\u012btas sejas \u0101das, izvairoties no zonas ap ac\u012bm, p\u0113c 10-15 min\u016bt\u0113m r\u016bp\u012bgi noskalojiet ar siltu \u016bdeni.<\/p>\n<p><strong>Piesardz\u012bbas pas\u0101kumi: <\/strong>tikai \u0101r\u012bgai lieto&scaron;anai. Izvair\u012bties no saskares ar ac\u012bm. Ja nok\u013c\u016bst ac\u012bs, nekav\u0113joties izskalot ar lielu daudzumu \u016bdens un, nepiecie&scaron;am\u012bbas gad\u012bjum\u0101, v\u0113rsties p\u0113c medic\u012bniskas pal\u012bdz\u012bbas. Neuzkl\u0101t uz boj\u0101tas \u0101das. Nelietot, ja ir paaugstin\u0101ta jut\u012bba pret k\u0101du no l\u012bdzek\u013ca sast\u0101vda\u013c\u0101m. P\u0101rtraukt lieto&scaron;anu, ja rodas kairin\u0101jums. Sarg\u0101t no b\u0113rniem. Uzglab\u0101t temperat\u016br\u0101 no +5&deg;C l\u012bdz +25&deg;C.<br \/>\n&nbsp;<\/p>\n","protected":false},"excerpt":{"rendered":"<p>Sejas maska ar m\u0101liem poru sa&scaron;aurin\u0101&scaron;anai un sejas \u0101das mat\u0113&scaron;anai. \u0100zijas cent\u012blijas ekstrakts mitrina \u0101du, veicina atjauno&scaron;an\u0101s procesus. Cinks padara \u0101du saus\u0101ku un c\u012bn\u0101s ar t\u0101s nepiln\u012bb\u0101m. Kaol\u012bns dzi\u013ci att\u012bra, nep\u0101rsausinot \u0101du, savelk poras, likvid\u0113 melnos punktus un sniedz mat\u0113jo&scaron;u efektu. Lieto&scaron;ana: pl\u0101n\u0101 k\u0101rti\u0146\u0101 uzkl\u0101jiet masku uz att\u012br\u012btas sejas \u0101das, izvairoties no zonas ap ac\u012bm, [&#8230;]\n","protected":false},"featured_media":103173,"template":"","meta":[],"product_cat":[1999],"product_tag":[],"class_list":{"0":"post-30121","1":"product","2":"type-product","3":"status-publish","4":"has-post-thumbnail","6":"product_brand-7days_it","7":"product_cat-bez-kategorijas","9":"first","10":"instock","11":"taxable","12":"shipping-taxable","13":"product-type-simple"},"_links":{"self":[{"href":"https:\/\/e.kosmolat.eu\/lv\/wp-json\/wp\/v2\/product\/30121","targetHints":{"allow":["GET"]}}],"collection":[{"href":"https:\/\/e.kosmolat.eu\/lv\/wp-json\/wp\/v2\/product"}],"about":[{"href":"https:\/\/e.kosmolat.eu\/lv\/wp-json\/wp\/v2\/types\/product"}],"wp:featuredmedia":[{"embeddable":true,"href":"https:\/\/e.kosmolat.eu\/lv\/wp-json\/wp\/v2\/media\/103173"}],"wp:attachment":[{"href":"https:\/\/e.kosmolat.eu\/lv\/wp-json\/wp\/v2\/media?parent=30121"}],"wp:term":[{"taxonomy":"product_cat","embeddable":true,"href":"https:\/\/e.kosmolat.eu\/lv\/wp-json\/wp\/v2\/product_cat?post=30121"},{"taxonomy":"product_tag","embeddable":true,"href":"https:\/\/e.kosmolat.eu\/lv\/wp-json\/wp\/v2\/product_tag?post=30121"}],"curies":[{"name":"wp","href":"https:\/\/api.w.org\/{rel}","templated":true}]}}