{"id":30117,"date":"2023-12-19T20:12:45","date_gmt":"2023-12-19T20:12:45","guid":{"rendered":"https:\/\/e.kosmolat.eu\/product\/7d-mbw-nakts-sejas-maska-milky-dreams-80-ml\/"},"modified":"2026-04-09T16:07:46","modified_gmt":"2026-04-09T16:07:46","slug":"7d-mbw-nakts-sejas-maska-milky-dreams-80-ml","status":"publish","type":"product","link":"https:\/\/e.kosmolat.eu\/lv\/product\/7d-mbw-nakts-sejas-maska-milky-dreams-80-ml\/","title":{"rendered":"7D MBW Nakts sejas maska Milky Dreams, 80 ml"},"content":{"rendered":"<p>Nakts sejas maska intens\u012bvi baro \u0101du. N\u0101kamaj\u0101 r\u012bt\u0101 sejas \u0101da ir svaiga un atp\u016btusies, pateicoties saldo mande\u013cu e\u013c\u013cai, kas mitrina, m\u012bkstina \u0101du un sniedz antioksidanta iedarb\u012bbu. E vitam\u012bns baro, aktiviz\u0113 \u0101das atjauno&scaron;anos, c\u012bn\u0101s ar pigment\u0101ciju un noveco&scaron;an\u0101s paz\u012bm\u0113m.<\/p>\n<p><strong>Lieto&scaron;ana:<\/strong> att\u012briet \u0101du, ar viegl\u0101m mas\u0101\u017eas kust\u012bb\u0101m izkl\u0101jiet masku uz visas sejas \u0101das, izvairoties no zonas ap ac\u012bm. Nav nepiecie&scaron;ams noskalot.<\/p>\n<p><strong>Piesardz\u012bbas pas\u0101kumi: <\/strong>tikai \u0101r\u012bgai lieto&scaron;anai. Izvair\u012bties no saskares ar ac\u012bm. Ja nok\u013c\u016bst ac\u012bs, nekav\u0113joties izskalot ar lielu daudzumu \u016bdens un, nepiecie&scaron;am\u012bbas gad\u012bjum\u0101, v\u0113rsties p\u0113c medic\u012bniskas pal\u012bdz\u012bbas. Neuzkl\u0101t uz boj\u0101tas \u0101das. Nelietot, ja ir paaugstin\u0101ta jut\u012bba pret k\u0101du no l\u012bdzek\u013ca sast\u0101vda\u013c\u0101m. P\u0101rtraukt lieto&scaron;anu, ja rodas kairin\u0101jums. Sarg\u0101t no b\u0113rniem. Uzglab\u0101t temperat\u016br\u0101 no +5&deg;C l\u012bdz +25&deg;C.<br \/>\n&nbsp;<\/p>\n","protected":false},"excerpt":{"rendered":"<p>Nakts sejas maska intens\u012bvi baro \u0101du. N\u0101kamaj\u0101 r\u012bt\u0101 sejas \u0101da ir svaiga un atp\u016btusies, pateicoties saldo mande\u013cu e\u013c\u013cai, kas mitrina, m\u012bkstina \u0101du un sniedz antioksidanta iedarb\u012bbu. E vitam\u012bns baro, aktiviz\u0113 \u0101das atjauno&scaron;anos, c\u012bn\u0101s ar pigment\u0101ciju un noveco&scaron;an\u0101s paz\u012bm\u0113m. Lieto&scaron;ana: att\u012briet \u0101du, ar viegl\u0101m mas\u0101\u017eas kust\u012bb\u0101m izkl\u0101jiet masku uz visas sejas \u0101das, izvairoties no zonas ap [&#8230;]\n","protected":false},"featured_media":105320,"template":"","meta":[],"product_cat":[1370],"product_tag":[],"class_list":{"0":"post-30117","1":"product","2":"type-product","3":"status-publish","4":"has-post-thumbnail","6":"product_brand-7days_it","7":"product_cat-1370","9":"first","10":"instock","11":"taxable","12":"shipping-taxable","13":"product-type-simple"},"_links":{"self":[{"href":"https:\/\/e.kosmolat.eu\/lv\/wp-json\/wp\/v2\/product\/30117","targetHints":{"allow":["GET"]}}],"collection":[{"href":"https:\/\/e.kosmolat.eu\/lv\/wp-json\/wp\/v2\/product"}],"about":[{"href":"https:\/\/e.kosmolat.eu\/lv\/wp-json\/wp\/v2\/types\/product"}],"wp:featuredmedia":[{"embeddable":true,"href":"https:\/\/e.kosmolat.eu\/lv\/wp-json\/wp\/v2\/media\/105320"}],"wp:attachment":[{"href":"https:\/\/e.kosmolat.eu\/lv\/wp-json\/wp\/v2\/media?parent=30117"}],"wp:term":[{"taxonomy":"product_cat","embeddable":true,"href":"https:\/\/e.kosmolat.eu\/lv\/wp-json\/wp\/v2\/product_cat?post=30117"},{"taxonomy":"product_tag","embeddable":true,"href":"https:\/\/e.kosmolat.eu\/lv\/wp-json\/wp\/v2\/product_tag?post=30117"}],"curies":[{"name":"wp","href":"https:\/\/api.w.org\/{rel}","templated":true}]}}