{"id":30109,"date":"2023-12-19T20:11:49","date_gmt":"2023-12-19T20:11:49","guid":{"rendered":"https:\/\/e.kosmolat.eu\/product\/7d-attir-oksigenejosa-maska-ar-ogli-un-acid-kompleksu-25-g\/"},"modified":"2026-03-29T05:45:42","modified_gmt":"2026-03-29T05:45:42","slug":"7d-attir-oksigenejosa-maska-ar-ogli-un-acid-kompleksu-25-g","status":"publish","type":"product","link":"https:\/\/e.kosmolat.eu\/lv\/product\/7d-attir-oksigenejosa-maska-ar-ogli-un-acid-kompleksu-25-g\/","title":{"rendered":"7D Att\u012br.oksigen\u0113jo\u0161a maska ar ogli un Acid+ kompleksu, 25 g"},"content":{"rendered":"<p>&Scaron;\u012bs maskas akt\u012bv\u0101s sast\u0101vda\u013cas bag\u0101tina \u0101du ar sk\u0101bekli. Pateicoties unik\u0101lajai formulai ar aug\u013csk\u0101b\u0113m, t\u0101d\u0101m k\u0101, AHA, tostarp glikolsk\u0101bi, piensk\u0101bi, \u0101bolsk\u0101bi un v\u012bnsk\u0101bi, maska veido sk\u0101bek\u013ca burbu\u013cu putas, kas att\u012bra poras un nov\u0113r&scaron; sebuma veido&scaron;anos. Maskas sast\u0101v\u0101 eso&scaron;ajai akt\u012bvajai oglei piem\u012bt absorb\u0113jo&scaron;as \u012bpa&scaron;\u012bbas, t\u0101 izvada toks\u012bnus, mat\u0113 un izl\u012bdzina \u0101das toni.<\/p>\n<p><strong>Lieto&scaron;ana:<\/strong> not\u012briet sejas \u0101du, uzkl\u0101jiet masku uz 10-15 min\u016bt\u0113m. P\u0113c maskas no\u0146em&scaron;anas pamas\u0113jiet \u0101du. No\u0146emiet maskas paliekas ar vates disku un noskalojiet seju ar \u016bdeni.<\/p>\n<p><strong>Piesardz\u012bbas pas\u0101kumi: <\/strong>tikai \u0101r\u012bgai lieto&scaron;anai. Neizmantot atk\u0101rtoti. Izvair\u012bties no saskares ar ac\u012bm. Ja nok\u013c\u016bst ac\u012bs, nekav\u0113joties izskalot ar lielu daudzumu \u016bdens un, nepiecie&scaron;am\u012bbas gad\u012bjum\u0101, v\u0113rsties p\u0113c medic\u012bniskas pal\u012bdz\u012bbas. Neuzkl\u0101t uz boj\u0101tas \u0101das. Nelietot, ja ir paaugstin\u0101ta jut\u012bba pret k\u0101du no maskas sast\u0101vda\u013c\u0101m. P\u0101rtraukt lieto&scaron;anu, ja rodas kairin\u0101jums. Izvairieties no ilgsto&scaron;as saules iedarb\u012bbas un p\u0113c produkta lieto&scaron;anas uzkl\u0101jiet atbilsto&scaron;u saules aizsargl\u012bdzekli. Sarg\u0101t no b\u0113rniem. Uzglab\u0101t temperat\u016br\u0101 no +5&deg;C l\u012bdz +25&deg;C.<br \/>\n&nbsp;<\/p>\n","protected":false},"excerpt":{"rendered":"<p>&Scaron;\u012bs maskas akt\u012bv\u0101s sast\u0101vda\u013cas bag\u0101tina \u0101du ar sk\u0101bekli. Pateicoties unik\u0101lajai formulai ar aug\u013csk\u0101b\u0113m, t\u0101d\u0101m k\u0101, AHA, tostarp glikolsk\u0101bi, piensk\u0101bi, \u0101bolsk\u0101bi un v\u012bnsk\u0101bi, maska veido sk\u0101bek\u013ca burbu\u013cu putas, kas att\u012bra poras un nov\u0113r&scaron; sebuma veido&scaron;anos. Maskas sast\u0101v\u0101 eso&scaron;ajai akt\u012bvajai oglei piem\u012bt absorb\u0113jo&scaron;as \u012bpa&scaron;\u012bbas, t\u0101 izvada toks\u012bnus, mat\u0113 un izl\u012bdzina \u0101das toni. Lieto&scaron;ana: not\u012briet sejas \u0101du, uzkl\u0101jiet [&#8230;]\n","protected":false},"featured_media":101514,"template":"","meta":[],"product_cat":[1999],"product_tag":[],"class_list":{"0":"post-30109","1":"product","2":"type-product","3":"status-publish","4":"has-post-thumbnail","6":"product_brand-7days_it","7":"product_cat-bez-kategorijas","9":"first","10":"outofstock","11":"taxable","12":"shipping-taxable","13":"product-type-simple"},"_links":{"self":[{"href":"https:\/\/e.kosmolat.eu\/lv\/wp-json\/wp\/v2\/product\/30109","targetHints":{"allow":["GET"]}}],"collection":[{"href":"https:\/\/e.kosmolat.eu\/lv\/wp-json\/wp\/v2\/product"}],"about":[{"href":"https:\/\/e.kosmolat.eu\/lv\/wp-json\/wp\/v2\/types\/product"}],"wp:featuredmedia":[{"embeddable":true,"href":"https:\/\/e.kosmolat.eu\/lv\/wp-json\/wp\/v2\/media\/101514"}],"wp:attachment":[{"href":"https:\/\/e.kosmolat.eu\/lv\/wp-json\/wp\/v2\/media?parent=30109"}],"wp:term":[{"taxonomy":"product_cat","embeddable":true,"href":"https:\/\/e.kosmolat.eu\/lv\/wp-json\/wp\/v2\/product_cat?post=30109"},{"taxonomy":"product_tag","embeddable":true,"href":"https:\/\/e.kosmolat.eu\/lv\/wp-json\/wp\/v2\/product_tag?post=30109"}],"curies":[{"name":"wp","href":"https:\/\/api.w.org\/{rel}","templated":true}]}}