{"id":30105,"date":"2023-12-19T20:10:07","date_gmt":"2023-12-19T20:10:07","guid":{"rendered":"https:\/\/e.kosmolat.eu\/product\/7d-candy-shop-zila-aud-sej-maska-makaruni-un-mellenu-jogurts-25-g\/"},"modified":"2025-09-15T11:43:49","modified_gmt":"2025-09-15T11:43:49","slug":"7d-candy-shop-zila-aud-sej-maska-makaruni-un-mellenu-jogurts-25-g","status":"publish","type":"product","link":"https:\/\/e.kosmolat.eu\/lv\/product\/7d-candy-shop-zila-aud-sej-maska-makaruni-un-mellenu-jogurts-25-g\/","title":{"rendered":"7D Candy Shop Zil\u0101 aud.sej.maska Makar\u016bni un melle\u0146u jogurts, 25 g"},"content":{"rendered":"<p>Maskas gais\u012bg\u0101 tekst\u016bra sniedz \u012bstu baudu, l\u012bdz\u012bgi k\u0101 fran\u010du mande\u013cu biskv\u012bta cepumi\u0146i, un ir bag\u0101tin\u0101ta ar uzmundrino&scaron;u melle\u0146u iev\u0101r\u012bjumam l\u012bdz\u012bgu losjonu. Vien\u012bg\u0101 at&scaron;\u0137ir\u012bba ir t\u0101, ka &scaron;\u012b skaistule-maska patie&scaron;\u0101m uzlabos j\u016bsu \u0101das izskatu un nenodar\u012bs nek\u0101du \u013caunumu fig\u016brai!<\/p>\n<p><strong>Lieto&scaron;ana: <\/strong>no\u0146emiet makij\u0101\u017eu, att\u012briet sejas \u0101, uzkl\u0101jiet masku uz 15 min\u016bt\u0113m, tad no\u0146emiet un noskalojiet seju ar \u016bdeni.<\/p>\n<p><strong>Piesardz\u012bbas pas\u0101kumi: <\/strong>tikai \u0101r\u012bgai lieto&scaron;anai. Neizmantot atk\u0101rtoti. Izvair\u012bties no saskares ar ac\u012bm. Ja nok\u013c\u016bst ac\u012bs, nekav\u0113joties izskalot ar lielu daudzumu \u016bdens un, nepiecie&scaron;am\u012bbas gad\u012bjum\u0101, v\u0113rsties p\u0113c medic\u012bniskas pal\u012bdz\u012bbas. Neuzkl\u0101t uz boj\u0101tas \u0101das. Nelietot, ja ir paaugstin\u0101ta jut\u012bba pret k\u0101du no maskas sast\u0101vda\u013c\u0101m. P\u0101rtraukt lieto&scaron;anu, ja rodas kairin\u0101jums. Izvairieties no ilgsto&scaron;as saules iedarb\u012bbas un p\u0113c produkta lieto&scaron;anas uzkl\u0101jiet atbilsto&scaron;u saules aizsargl\u012bdzekli.&nbsp;Sarg\u0101t no b\u0113rniem. Uzglab\u0101t temperat\u016br\u0101 no +5&deg;C l\u012bdz +25&deg;C.<\/p>\n","protected":false},"excerpt":{"rendered":"<p>Maskas gais\u012bg\u0101 tekst\u016bra sniedz \u012bstu baudu, l\u012bdz\u012bgi k\u0101 fran\u010du mande\u013cu biskv\u012bta cepumi\u0146i, un ir bag\u0101tin\u0101ta ar uzmundrino&scaron;u melle\u0146u iev\u0101r\u012bjumam l\u012bdz\u012bgu losjonu. Vien\u012bg\u0101 at&scaron;\u0137ir\u012bba ir t\u0101, ka &scaron;\u012b skaistule-maska patie&scaron;\u0101m uzlabos j\u016bsu \u0101das izskatu un nenodar\u012bs nek\u0101du \u013caunumu fig\u016brai! Lieto&scaron;ana: no\u0146emiet makij\u0101\u017eu, att\u012briet sejas \u0101, uzkl\u0101jiet masku uz 15 min\u016bt\u0113m, tad no\u0146emiet un noskalojiet seju ar [&#8230;]\n","protected":false},"featured_media":0,"template":"","meta":[],"product_cat":[1367],"product_tag":[],"class_list":{"0":"post-30105","1":"product","2":"type-product","3":"status-publish","5":"product_brand-7days_it","6":"product_cat-sejas-maskas","8":"first","9":"outofstock","10":"taxable","11":"shipping-taxable","12":"product-type-simple"},"_links":{"self":[{"href":"https:\/\/e.kosmolat.eu\/lv\/wp-json\/wp\/v2\/product\/30105","targetHints":{"allow":["GET"]}}],"collection":[{"href":"https:\/\/e.kosmolat.eu\/lv\/wp-json\/wp\/v2\/product"}],"about":[{"href":"https:\/\/e.kosmolat.eu\/lv\/wp-json\/wp\/v2\/types\/product"}],"wp:attachment":[{"href":"https:\/\/e.kosmolat.eu\/lv\/wp-json\/wp\/v2\/media?parent=30105"}],"wp:term":[{"taxonomy":"product_cat","embeddable":true,"href":"https:\/\/e.kosmolat.eu\/lv\/wp-json\/wp\/v2\/product_cat?post=30105"},{"taxonomy":"product_tag","embeddable":true,"href":"https:\/\/e.kosmolat.eu\/lv\/wp-json\/wp\/v2\/product_tag?post=30105"}],"curies":[{"name":"wp","href":"https:\/\/api.w.org\/{rel}","templated":true}]}}