{"id":30097,"date":"2023-12-19T20:09:29","date_gmt":"2023-12-19T20:09:29","guid":{"rendered":"https:\/\/e.kosmolat.eu\/product\/skinlite-nomierin-sej-maska-ar-kolagenu-gurka-ekst-23-ml\/"},"modified":"2026-04-22T07:39:50","modified_gmt":"2026-04-22T07:39:50","slug":"skinlite-nomierin-sej-maska-ar-kolagenu-gurka-ekst-23-ml","status":"publish","type":"product","link":"https:\/\/e.kosmolat.eu\/lv\/product\/skinlite-nomierin-sej-maska-ar-kolagenu-gurka-ekst-23-ml\/","title":{"rendered":"Skinlite Nomierin.sej.maska ar kolag\u0113nu, gur\u0137a ekst., 23 ml"},"content":{"rendered":"<p>Auduma sejas maska ar augstu dab\u012bgo ekstraktu un kolag\u0113na koncentr\u0101ciju nodro&scaron;ina pilnv\u0113rt\u012bgu sejas \u0101das kop&scaron;anu un baro&scaron;anu.<\/p>\n<p>15-20 min\u016b&scaron;u laik\u0101 maska pal\u012bdz\u0113s atsvaidzin\u0101t, dzi\u013ci mitrin\u0101t un atjaunot vesel\u012bgo \u0101das mirdzumu.<\/p>\n<ul>\n<li>Gur\u0137a&nbsp;ekstrakts mitrina, nomierina \u0101du p\u0113c uztur\u0113&scaron;an\u0101s saul\u0113, mazinot aps\u0101rtumu un niezi, nov\u0113r&scaron; lob\u012b&scaron;anos, izl\u012bdzina tonusu, padara \u0101du elast\u012bg\u0101ku un toniz\u0113t\u0101ku.<\/li>\n<li>Augu izcelsmes kolag\u0113ns, kas ieg\u016bts no ferment\u0113t\u0101m sojas pupi\u0146\u0101m, ir pept\u012bdu un aminosk\u0101bju mais\u012bjums, kas ir viena no sp\u0113c\u012bg\u0101kaj\u0101m mitrino&scaron;\u0101m sast\u0101vda\u013c\u0101m, ko izmanto m\u016bsdienu kosmetolo\u0123ij\u0101.<\/li>\n<li>Za\u013c\u0101s t\u0113jas, burvju lazdas un an\u012bsa ekstrakti iedarbojas uz visiem \u0101das sl\u0101\u0146iem, labv\u0113l\u012bgi ietekm\u0113jot \u0101das atjauno&scaron;an\u0101s procesu &scaron;\u016bnu l\u012bmen\u012b, t\u0101d\u0113j\u0101di veicinot kolag\u0113na un elast\u012bna izstr\u0101di, kas ir neaizst\u0101jami \u0101das skaistumam un jaun\u012bbai.<\/li>\n<\/ul>\n<p><strong>Lieto&scaron;ana: <\/strong>Uzkl\u0101jiet masku uz att\u012br\u012btas sejas \u0101das un atst\u0101jiet uz 15-20 min\u016bt\u0113m. P\u0113c tam no\u0146emiet masku, paplik&scaron;\u0137\u0113jot ar pirkstu gali\u0146iem akt\u012bv\u0101 seruma paliekas. Neskalojiet.<br \/>\nMasku var lietot jebkur\u0101 dienas laik\u0101.<\/p>\n<p><strong>Piesardz\u012bbas pas\u0101kumi:<\/strong> 1) Nelietot uz boj\u0101tas, iekaisu&scaron;as un saul\u0113 apdegu&scaron;as \u0101das. 2) Nelietot, ja ir paaugstin\u0101ta jut\u012bba pret k\u0101du no maskas sast\u0101vda\u013c\u0101m. Ja lieto&scaron;anas laik\u0101 par\u0101d\u0101s \u0101das aps\u0101rtums vai kairin\u0101jums, p\u0101rtrauciet lieto&scaron;anu un konsult\u0113jieties ar \u0101rstu. 3) Izvairieties no saskares ar ac\u012bm. Ja iek\u013c\u016bst ac\u012bs, r\u016bp\u012bgi izskalojiet ar \u016bdeni. 4) Tikai \u0101r\u012bgai lieto&scaron;anai. Nenor\u012bt! 5) Uzglab\u0101t b\u0113rniem nepieejam\u0101 viet\u0101, temperat\u016br\u0101 no 0 &deg;C l\u012bdz 25 &deg;C, sarg\u0101jot no tie&scaron;iem saules stariem.&nbsp;<\/p>\n<p><strong>Der\u012bguma termi\u0146&scaron;: <\/strong>3 gadi no izgatavo&scaron;anas datuma.<br \/>\n&nbsp;<\/p>\n","protected":false},"excerpt":{"rendered":"<p>Auduma sejas maska ar augstu dab\u012bgo ekstraktu un kolag\u0113na koncentr\u0101ciju nodro&scaron;ina pilnv\u0113rt\u012bgu sejas \u0101das kop&scaron;anu un baro&scaron;anu. 15-20 min\u016b&scaron;u laik\u0101 maska pal\u012bdz\u0113s atsvaidzin\u0101t, dzi\u013ci mitrin\u0101t un atjaunot vesel\u012bgo \u0101das mirdzumu. Gur\u0137a&nbsp;ekstrakts mitrina, nomierina \u0101du p\u0113c uztur\u0113&scaron;an\u0101s saul\u0113, mazinot aps\u0101rtumu un niezi, nov\u0113r&scaron; lob\u012b&scaron;anos, izl\u012bdzina tonusu, padara \u0101du elast\u012bg\u0101ku un toniz\u0113t\u0101ku. Augu izcelsmes kolag\u0113ns, kas ieg\u016bts [&#8230;]\n","protected":false},"featured_media":102247,"template":"","meta":[],"product_cat":[1999],"product_tag":[],"class_list":{"0":"post-30097","1":"product","2":"type-product","3":"status-publish","4":"has-post-thumbnail","6":"product_brand-skinlite","7":"product_cat-bez-kategorijas","9":"first","10":"instock","11":"taxable","12":"shipping-taxable","13":"product-type-simple"},"_links":{"self":[{"href":"https:\/\/e.kosmolat.eu\/lv\/wp-json\/wp\/v2\/product\/30097","targetHints":{"allow":["GET"]}}],"collection":[{"href":"https:\/\/e.kosmolat.eu\/lv\/wp-json\/wp\/v2\/product"}],"about":[{"href":"https:\/\/e.kosmolat.eu\/lv\/wp-json\/wp\/v2\/types\/product"}],"wp:featuredmedia":[{"embeddable":true,"href":"https:\/\/e.kosmolat.eu\/lv\/wp-json\/wp\/v2\/media\/102247"}],"wp:attachment":[{"href":"https:\/\/e.kosmolat.eu\/lv\/wp-json\/wp\/v2\/media?parent=30097"}],"wp:term":[{"taxonomy":"product_cat","embeddable":true,"href":"https:\/\/e.kosmolat.eu\/lv\/wp-json\/wp\/v2\/product_cat?post=30097"},{"taxonomy":"product_tag","embeddable":true,"href":"https:\/\/e.kosmolat.eu\/lv\/wp-json\/wp\/v2\/product_tag?post=30097"}],"curies":[{"name":"wp","href":"https:\/\/api.w.org\/{rel}","templated":true}]}}