{"id":30093,"date":"2023-12-19T20:09:10","date_gmt":"2023-12-19T20:09:10","guid":{"rendered":"https:\/\/e.kosmolat.eu\/product\/vollare-pw-intens-balinoss-kermena-losjons-norm-un-saus-adai-250-ml\/"},"modified":"2024-06-14T08:00:56","modified_gmt":"2024-06-14T08:00:56","slug":"vollare-pw-intens-balinoss-kermena-losjons-norm-un-saus-adai-250-ml","status":"publish","type":"product","link":"https:\/\/e.kosmolat.eu\/lv\/product\/vollare-pw-intens-balinoss-kermena-losjons-norm-un-saus-adai-250-ml\/","title":{"rendered":"VOLLARE PW Intens.balino\u0161s \u0137erme\u0146a losjons norm. un saus.\u0101dai, 250 ml"},"content":{"rendered":"<p>Akt\u012bvi balina un man\u0101mi mazina hiperpigment\u0101cijas plankumus uz kakla, plecu un dekolt\u0113 zonas \u0101das, pateicoties balino&scaron;\u0101m akt\u012bv\u0101m sast\u0101vda\u013c\u0101m. R\u016bp\u012bgi atlas\u012bt\u0101s dab\u012bg\u0101s sast\u0101vda\u013cas un viegl\u0101 tekst\u016bra balina \u0101du pat visjut\u012bg\u0101kaj\u0101s \u0137erme\u0146a zon\u0101s. Bioakt\u012bvais Provi White komplekss ir moderna formula, kas nov\u0113r&scaron; pigment\u0101cijas c\u0113lo\u0146us, mazinot melan\u012bna izstr\u0101di. Man\u0101mi balina un izl\u012bdzina \u0101das toni. Dzi\u013ci baro, mitrina , izl\u012bdzinot \u0101das reljefu, k\u0101 ar\u012b pal\u0113nina priek&scaron;laic\u012bgu \u0101das noveco&scaron;anos, ko izraisa UVA\/UVB stari, padarot \u0101du gludu, barotu un mirdzo&scaron;u.<\/p>\n<p><strong>Lieto&scaron;ana: <\/strong>uzkl\u0101jiet uz att\u012br\u012btas \u0137erme\u0146a \u0101das, viegli iemas\u0113jot, l\u012bdz l\u012bdzeklis ir piln\u012bb\u0101 uzs\u016bcies. Lietojiet katru dienu, it \u012bpa&scaron;i p\u0113c mazg\u0101&scaron;an\u0101s. Balino&scaron;ais efekts ir nov\u0113rojams jau p\u0113c 2-3 regul\u0101ras lieto&scaron;anas ned\u0113\u013c\u0101m.<br \/>\n&nbsp;<\/p>\n","protected":false},"excerpt":{"rendered":"<p>Akt\u012bvi balina un man\u0101mi mazina hiperpigment\u0101cijas plankumus uz kakla, plecu un dekolt\u0113 zonas \u0101das, pateicoties balino&scaron;\u0101m akt\u012bv\u0101m sast\u0101vda\u013c\u0101m. R\u016bp\u012bgi atlas\u012bt\u0101s dab\u012bg\u0101s sast\u0101vda\u013cas un viegl\u0101 tekst\u016bra balina \u0101du pat visjut\u012bg\u0101kaj\u0101s \u0137erme\u0146a zon\u0101s. Bioakt\u012bvais Provi White komplekss ir moderna formula, kas nov\u0113r&scaron; pigment\u0101cijas c\u0113lo\u0146us, mazinot melan\u012bna izstr\u0101di. Man\u0101mi balina un izl\u012bdzina \u0101das toni. Dzi\u013ci baro, mitrina , [&#8230;]\n","protected":false},"featured_media":26798,"template":"","meta":[],"product_cat":[1999],"product_tag":[],"class_list":{"0":"post-30093","1":"product","2":"type-product","3":"status-publish","4":"has-post-thumbnail","6":"product_brand-malina-akcija","7":"product_cat-bez-kategorijas","9":"first","10":"outofstock","11":"taxable","12":"shipping-taxable","13":"product-type-simple"},"_links":{"self":[{"href":"https:\/\/e.kosmolat.eu\/lv\/wp-json\/wp\/v2\/product\/30093","targetHints":{"allow":["GET"]}}],"collection":[{"href":"https:\/\/e.kosmolat.eu\/lv\/wp-json\/wp\/v2\/product"}],"about":[{"href":"https:\/\/e.kosmolat.eu\/lv\/wp-json\/wp\/v2\/types\/product"}],"wp:featuredmedia":[{"embeddable":true,"href":"https:\/\/e.kosmolat.eu\/lv\/wp-json\/wp\/v2\/media\/26798"}],"wp:attachment":[{"href":"https:\/\/e.kosmolat.eu\/lv\/wp-json\/wp\/v2\/media?parent=30093"}],"wp:term":[{"taxonomy":"product_cat","embeddable":true,"href":"https:\/\/e.kosmolat.eu\/lv\/wp-json\/wp\/v2\/product_cat?post=30093"},{"taxonomy":"product_tag","embeddable":true,"href":"https:\/\/e.kosmolat.eu\/lv\/wp-json\/wp\/v2\/product_tag?post=30093"}],"curies":[{"name":"wp","href":"https:\/\/api.w.org\/{rel}","templated":true}]}}