{"id":30089,"date":"2023-12-19T20:08:50","date_gmt":"2023-12-19T20:08:50","guid":{"rendered":"https:\/\/e.kosmolat.eu\/product\/vollare-pw-intens-balinoss-kr-intimam-zonam-un-padusem-50-ml\/"},"modified":"2025-03-19T14:03:28","modified_gmt":"2025-03-19T14:03:28","slug":"vollare-pw-intens-balinoss-kr-intimam-zonam-un-padusem-50-ml","status":"publish","type":"product","link":"https:\/\/e.kosmolat.eu\/lv\/product\/vollare-pw-intens-balinoss-kr-intimam-zonam-un-padusem-50-ml\/","title":{"rendered":"VOLLARE PW Intens.balino\u0161s kr.int\u012bm\u0101m zon\u0101m un padus\u0113m, 50 ml"},"content":{"rendered":"<p>Man\u0101mi mazina da\u017e\u0101das izcelsmes pigmenta plankumu izteiksm\u012bgumu un nov\u0113r&scaron; to ra&scaron;anos.&nbsp;Pantenols un vitam\u012bni E un B3 nomierina kairin\u0101tu \u0101du p\u0113c vaks\u0101cijas un sk\u016b&scaron;an\u0101s, veicina \u0101das atjauno&scaron;an\u0101s procesu un \u0101das tvirtuma uzlabo&scaron;anos.<\/p>\n<p><strong>Lieto&scaron;ana:<\/strong> katru r\u012btu un vakaru uzkl\u0101t uz t\u012bras padu&scaron;u un int\u012bmo zonu \u0101das, maigi iemas\u0113jot. Balino&scaron;ais efekts nov\u0113rojams jau p\u0113c 2-3 ned\u0113\u013cu regul\u0101ras lieto&scaron;anas.<\/p>\n","protected":false},"excerpt":{"rendered":"<p>Man\u0101mi mazina da\u017e\u0101das izcelsmes pigmenta plankumu izteiksm\u012bgumu un nov\u0113r&scaron; to ra&scaron;anos.&nbsp;Pantenols un vitam\u012bni E un B3 nomierina kairin\u0101tu \u0101du p\u0113c vaks\u0101cijas un sk\u016b&scaron;an\u0101s, veicina \u0101das atjauno&scaron;an\u0101s procesu un \u0101das tvirtuma uzlabo&scaron;anos. Lieto&scaron;ana: katru r\u012btu un vakaru uzkl\u0101t uz t\u012bras padu&scaron;u un int\u012bmo zonu \u0101das, maigi iemas\u0113jot. Balino&scaron;ais efekts nov\u0113rojams jau p\u0113c 2-3 ned\u0113\u013cu regul\u0101ras lieto&scaron;anas.<\/p>\n","protected":false},"featured_media":26792,"template":"","meta":[],"product_cat":[1388],"product_tag":[],"class_list":{"0":"post-30089","1":"product","2":"type-product","3":"status-publish","4":"has-post-thumbnail","6":"product_brand-verona_pl","7":"product_cat-kermena-kremi-pienini-sviesti","9":"first","10":"outofstock","11":"taxable","12":"shipping-taxable","13":"product-type-simple"},"_links":{"self":[{"href":"https:\/\/e.kosmolat.eu\/lv\/wp-json\/wp\/v2\/product\/30089","targetHints":{"allow":["GET"]}}],"collection":[{"href":"https:\/\/e.kosmolat.eu\/lv\/wp-json\/wp\/v2\/product"}],"about":[{"href":"https:\/\/e.kosmolat.eu\/lv\/wp-json\/wp\/v2\/types\/product"}],"wp:featuredmedia":[{"embeddable":true,"href":"https:\/\/e.kosmolat.eu\/lv\/wp-json\/wp\/v2\/media\/26792"}],"wp:attachment":[{"href":"https:\/\/e.kosmolat.eu\/lv\/wp-json\/wp\/v2\/media?parent=30089"}],"wp:term":[{"taxonomy":"product_cat","embeddable":true,"href":"https:\/\/e.kosmolat.eu\/lv\/wp-json\/wp\/v2\/product_cat?post=30089"},{"taxonomy":"product_tag","embeddable":true,"href":"https:\/\/e.kosmolat.eu\/lv\/wp-json\/wp\/v2\/product_tag?post=30089"}],"curies":[{"name":"wp","href":"https:\/\/api.w.org\/{rel}","templated":true}]}}