{"id":30053,"date":"2023-12-19T20:06:07","date_gmt":"2023-12-19T20:06:07","guid":{"rendered":"https:\/\/e.kosmolat.eu\/product\/vollare-parfimets-kermena-sprejs-ar-spidumu-coconut-200-ml\/"},"modified":"2025-07-30T10:21:59","modified_gmt":"2025-07-30T10:21:59","slug":"vollare-parfimets-kermena-sprejs-ar-spidumu-coconut-200-ml","status":"publish","type":"product","link":"https:\/\/e.kosmolat.eu\/lv\/product\/vollare-parfimets-kermena-sprejs-ar-spidumu-coconut-200-ml\/","title":{"rendered":"VOLLARE Parfim\u0113ts \u0137erme\u0146a sprejs ar sp\u012bdumu Coconut, 200 ml"},"content":{"rendered":"<p>Burv\u012bgais kokosriekstu arom\u0101ts uzl\u0101d\u0113 ar ener\u0123iju un pamodina visas ma\u0146as. Maiga, spirtu nesaturo&scaron;a formula ir bag\u0101tin\u0101ta ar hialuronsk\u0101bi, kas nodro&scaron;ina optim\u0101lu \u0101das mitrin\u0101&scaron;anu un komfortu. Sprejs satur t\u016bksto&scaron;iem mirdzo&scaron;u da\u013ci\u0146u, kas pie&scaron;\u0137irs j\u016bsu \u0137ermenim greznu p\u0113r\u013cu mirdzumu.<\/p>\n<p><strong>Lieto&scaron;ana: <\/strong>izsmidziniet uz \u0137erme\u0146a \u0101das no 30 cm att\u0101luma un \u013caujiet piln\u012bb\u0101 uzs\u016bkties.<br \/>\n&nbsp;<\/p>\n","protected":false},"excerpt":{"rendered":"<p>Burv\u012bgais kokosriekstu arom\u0101ts uzl\u0101d\u0113 ar ener\u0123iju un pamodina visas ma\u0146as. Maiga, spirtu nesaturo&scaron;a formula ir bag\u0101tin\u0101ta ar hialuronsk\u0101bi, kas nodro&scaron;ina optim\u0101lu \u0101das mitrin\u0101&scaron;anu un komfortu. Sprejs satur t\u016bksto&scaron;iem mirdzo&scaron;u da\u013ci\u0146u, kas pie&scaron;\u0137irs j\u016bsu \u0137ermenim greznu p\u0113r\u013cu mirdzumu. Lieto&scaron;ana: izsmidziniet uz \u0137erme\u0146a \u0101das no 30 cm att\u0101luma un \u013caujiet piln\u012bb\u0101 uzs\u016bkties. &nbsp;<\/p>\n","protected":false},"featured_media":26770,"template":"","meta":[],"product_cat":[1999],"product_tag":[],"class_list":{"0":"post-30053","1":"product","2":"type-product","3":"status-publish","4":"has-post-thumbnail","6":"product_brand-malina-akcija","7":"product_cat-bez-kategorijas","9":"first","10":"outofstock","11":"taxable","12":"shipping-taxable","13":"product-type-simple"},"_links":{"self":[{"href":"https:\/\/e.kosmolat.eu\/lv\/wp-json\/wp\/v2\/product\/30053","targetHints":{"allow":["GET"]}}],"collection":[{"href":"https:\/\/e.kosmolat.eu\/lv\/wp-json\/wp\/v2\/product"}],"about":[{"href":"https:\/\/e.kosmolat.eu\/lv\/wp-json\/wp\/v2\/types\/product"}],"wp:featuredmedia":[{"embeddable":true,"href":"https:\/\/e.kosmolat.eu\/lv\/wp-json\/wp\/v2\/media\/26770"}],"wp:attachment":[{"href":"https:\/\/e.kosmolat.eu\/lv\/wp-json\/wp\/v2\/media?parent=30053"}],"wp:term":[{"taxonomy":"product_cat","embeddable":true,"href":"https:\/\/e.kosmolat.eu\/lv\/wp-json\/wp\/v2\/product_cat?post=30053"},{"taxonomy":"product_tag","embeddable":true,"href":"https:\/\/e.kosmolat.eu\/lv\/wp-json\/wp\/v2\/product_tag?post=30053"}],"curies":[{"name":"wp","href":"https:\/\/api.w.org\/{rel}","templated":true}]}}