{"id":30049,"date":"2023-12-19T20:05:46","date_gmt":"2023-12-19T20:05:46","guid":{"rendered":"https:\/\/e.kosmolat.eu\/product\/vollare-pw-intimas-higienas-zeleja-100-ml\/"},"modified":"2026-04-24T05:29:58","modified_gmt":"2026-04-24T05:29:58","slug":"vollare-pw-intimas-higienas-zeleja-100-ml","status":"publish","type":"product","link":"https:\/\/e.kosmolat.eu\/lv\/product\/vollare-pw-intimas-higienas-zeleja-100-ml\/","title":{"rendered":"VOLLARE PW Int\u012bm\u0101s higi\u0113nas \u017eeleja, 100 ml"},"content":{"rendered":"<p>Ikdienas higi\u0113nas l\u012bdzeklis jut\u012bg\u0101m int\u012bmaj\u0101m zon\u0101m, kur\u0101m nepiecie&scaron;ama maiga, sabalans\u0113ta kop&scaron;ana. Formula ir bag\u0101tin\u0101ta ar piensk\u0101bi, kas nomierina, mitrina un l\u012bdzsvaro dabisko bakt\u0113riju floru. Dermatolo\u0123iski p\u0101rbaud\u012bts.<\/p>\n<p><strong>Lieto&scaron;ana: <\/strong>uzkl\u0101jiet nelielu daudzumu \u017eelejas int\u012bm\u0101s zon\u0101s. R\u016bp\u012bgi noskalojiet ar siltu \u016bdeni.<br \/>\n&nbsp;<\/p>\n","protected":false},"excerpt":{"rendered":"<p>Ikdienas higi\u0113nas l\u012bdzeklis jut\u012bg\u0101m int\u012bmaj\u0101m zon\u0101m, kur\u0101m nepiecie&scaron;ama maiga, sabalans\u0113ta kop&scaron;ana. Formula ir bag\u0101tin\u0101ta ar piensk\u0101bi, kas nomierina, mitrina un l\u012bdzsvaro dabisko bakt\u0113riju floru. Dermatolo\u0123iski p\u0101rbaud\u012bts. Lieto&scaron;ana: uzkl\u0101jiet nelielu daudzumu \u017eelejas int\u012bm\u0101s zon\u0101s. R\u016bp\u012bgi noskalojiet ar siltu \u016bdeni. &nbsp;<\/p>\n","protected":false},"featured_media":98514,"template":"","meta":[],"product_cat":[1375],"product_tag":[],"class_list":{"0":"post-30049","1":"product","2":"type-product","3":"status-publish","4":"has-post-thumbnail","6":"product_brand-verona_pl","7":"product_cat-1375","9":"first","10":"instock","11":"taxable","12":"shipping-taxable","13":"product-type-simple"},"_links":{"self":[{"href":"https:\/\/e.kosmolat.eu\/lv\/wp-json\/wp\/v2\/product\/30049","targetHints":{"allow":["GET"]}}],"collection":[{"href":"https:\/\/e.kosmolat.eu\/lv\/wp-json\/wp\/v2\/product"}],"about":[{"href":"https:\/\/e.kosmolat.eu\/lv\/wp-json\/wp\/v2\/types\/product"}],"wp:featuredmedia":[{"embeddable":true,"href":"https:\/\/e.kosmolat.eu\/lv\/wp-json\/wp\/v2\/media\/98514"}],"wp:attachment":[{"href":"https:\/\/e.kosmolat.eu\/lv\/wp-json\/wp\/v2\/media?parent=30049"}],"wp:term":[{"taxonomy":"product_cat","embeddable":true,"href":"https:\/\/e.kosmolat.eu\/lv\/wp-json\/wp\/v2\/product_cat?post=30049"},{"taxonomy":"product_tag","embeddable":true,"href":"https:\/\/e.kosmolat.eu\/lv\/wp-json\/wp\/v2\/product_tag?post=30049"}],"curies":[{"name":"wp","href":"https:\/\/api.w.org\/{rel}","templated":true}]}}