{"id":30045,"date":"2023-12-19T20:05:22","date_gmt":"2023-12-19T20:05:22","guid":{"rendered":"https:\/\/e.kosmolat.eu\/product\/vollare-pw-intens-balinoss-serums-sej-kakla-un-dekolte-z-adai-50-ml\/"},"modified":"2024-12-03T19:37:50","modified_gmt":"2024-12-03T19:37:50","slug":"vollare-pw-intens-balinoss-serums-sej-kakla-un-dekolte-z-adai-50-ml","status":"publish","type":"product","link":"https:\/\/e.kosmolat.eu\/lv\/product\/vollare-pw-intens-balinoss-serums-sej-kakla-un-dekolte-z-adai-50-ml\/","title":{"rendered":"VOLLARE PW Intens.balino\u0161s serums sej., kakla un dekolt\u0113 z.\u0101dai, 50 ml"},"content":{"rendered":"<p>Mazina da\u017e\u0101das izcelsmes plankumu, nevienm\u0113r\u012bgas pigment\u0101cijas un vasaras raibumu izteiksm\u012bgumu un nov\u0113r&scaron; to veido&scaron;anos, pateicoties sast\u0101v\u0101 eso&scaron;aj\u0101m izgaismojo&scaron;aj\u0101m akt\u012bvaj\u0101m sast\u0101vda\u013c\u0101m. Bioakt\u012bvais Provi White komplekss ir moderna formula, kas nov\u0113r&scaron; pigment\u0101cijas c\u0113lo\u0146us, mazinot melan\u012bna izstr\u0101di. Man\u0101mi balina un izl\u012bdzina \u0101das toni. E un B3 vitam\u012bni augst\u0101 koncentr\u0101cij\u0101 izl\u012bdzina, atjauno un dzi\u013ci mitrina \u0101du, uzlabojot t\u0101s elast\u012bbu.<\/p>\n<p><strong>Lieto&scaron;ana:<\/strong> katru r\u012btu uzkl\u0101jiet uz att\u012br\u012btas sejas, kakla un dekolt\u0113 zonas \u0101das, viegli iemas\u0113jot ar pirkstu gali\u0146iem, l\u012bdz l\u012bdzeklis ir piln\u012bb\u0101 uzs\u016bcies. Ieteicams ar\u012b punktveida uzkl\u0101&scaron;anai uz plankumiem da\u017e\u0101d\u0101s \u0101das zon\u0101s. Balino&scaron;ais efekts ir nov\u0113rojams jau p\u0113c 2-3 regul\u0101ras lieto&scaron;anas ned\u0113\u013c\u0101m.<br \/>\n&nbsp;<\/p>\n","protected":false},"excerpt":{"rendered":"<p>Mazina da\u017e\u0101das izcelsmes plankumu, nevienm\u0113r\u012bgas pigment\u0101cijas un vasaras raibumu izteiksm\u012bgumu un nov\u0113r&scaron; to veido&scaron;anos, pateicoties sast\u0101v\u0101 eso&scaron;aj\u0101m izgaismojo&scaron;aj\u0101m akt\u012bvaj\u0101m sast\u0101vda\u013c\u0101m. Bioakt\u012bvais Provi White komplekss ir moderna formula, kas nov\u0113r&scaron; pigment\u0101cijas c\u0113lo\u0146us, mazinot melan\u012bna izstr\u0101di. Man\u0101mi balina un izl\u012bdzina \u0101das toni. E un B3 vitam\u012bni augst\u0101 koncentr\u0101cij\u0101 izl\u012bdzina, atjauno un dzi\u013ci mitrina \u0101du, uzlabojot t\u0101s elast\u012bbu. [&#8230;]\n","protected":false},"featured_media":26759,"template":"","meta":[],"product_cat":[1328],"product_tag":[],"class_list":{"0":"post-30045","1":"product","2":"type-product","3":"status-publish","4":"has-post-thumbnail","6":"product_brand-malina-akcija","7":"product_cat-1328","9":"first","10":"outofstock","11":"taxable","12":"shipping-taxable","13":"product-type-simple"},"_links":{"self":[{"href":"https:\/\/e.kosmolat.eu\/lv\/wp-json\/wp\/v2\/product\/30045","targetHints":{"allow":["GET"]}}],"collection":[{"href":"https:\/\/e.kosmolat.eu\/lv\/wp-json\/wp\/v2\/product"}],"about":[{"href":"https:\/\/e.kosmolat.eu\/lv\/wp-json\/wp\/v2\/types\/product"}],"wp:featuredmedia":[{"embeddable":true,"href":"https:\/\/e.kosmolat.eu\/lv\/wp-json\/wp\/v2\/media\/26759"}],"wp:attachment":[{"href":"https:\/\/e.kosmolat.eu\/lv\/wp-json\/wp\/v2\/media?parent=30045"}],"wp:term":[{"taxonomy":"product_cat","embeddable":true,"href":"https:\/\/e.kosmolat.eu\/lv\/wp-json\/wp\/v2\/product_cat?post=30045"},{"taxonomy":"product_tag","embeddable":true,"href":"https:\/\/e.kosmolat.eu\/lv\/wp-json\/wp\/v2\/product_tag?post=30045"}],"curies":[{"name":"wp","href":"https:\/\/api.w.org\/{rel}","templated":true}]}}