{"id":30041,"date":"2023-12-19T20:04:59","date_gmt":"2023-12-19T20:04:59","guid":{"rendered":"https:\/\/e.kosmolat.eu\/product\/vollare-pw-intens-balinoss-diennakts-kr-sejas-kakla-un-dekolte-z-adai-50-ml\/"},"modified":"2024-06-14T07:54:49","modified_gmt":"2024-06-14T07:54:49","slug":"vollare-pw-intens-balinoss-diennakts-kr-sejas-kakla-un-dekolte-z-adai-50-ml","status":"publish","type":"product","link":"https:\/\/e.kosmolat.eu\/lv\/product\/vollare-pw-intens-balinoss-diennakts-kr-sejas-kakla-un-dekolte-z-adai-50-ml\/","title":{"rendered":"VOLLARE PW Intens.balino\u0161s diennakts kr.sejas, kakla un dekolt\u0113 z.\u0101dai, 50 ml"},"content":{"rendered":"<p>Kr\u0113ms ar uzlabotu balino&scaron;o kompleksu Provi White man\u0101mi samazina da\u017e\u0101das izcelsmes pigmenta plankumu un vasaras raibumu izteiksm\u012bgumu. T\u0101 modern\u0101 formula nodro&scaron;ina dzi\u013cu mitrin\u0101&scaron;anu un izl\u012bdzina \u0101du, pie&scaron;\u0137irot tai intens\u012bvi mitrin\u0101tu un barotu izskatu.<\/p>\n<p><strong>Lieto&scaron;ana:<\/strong> katru r\u012btu un vakaru uzkl\u0101t uz att\u012br\u012btas sejas, kakla un dekolt\u0113 zonas \u0101das. Pateicoties vieglai tekst\u016brai, kr\u0113ms \u0101tri uzs\u016bcas, atst\u0101jot pl\u0101nu pl\u0113v\u012bti uz \u0101das. Ieteicams ar\u012b punktveida uzkl\u0101&scaron;anai uz pigmenta un vecuma plankumiem da\u017e\u0101d\u0101s \u0101das zon\u0101s. Balino&scaron;ais efekts ir nov\u0113rojams jau p\u0113c 2-3 regul\u0101ras lieto&scaron;anas ned\u0113\u013c\u0101m.<br \/>\n&nbsp;<\/p>\n","protected":false},"excerpt":{"rendered":"<p>Kr\u0113ms ar uzlabotu balino&scaron;o kompleksu Provi White man\u0101mi samazina da\u017e\u0101das izcelsmes pigmenta plankumu un vasaras raibumu izteiksm\u012bgumu. T\u0101 modern\u0101 formula nodro&scaron;ina dzi\u013cu mitrin\u0101&scaron;anu un izl\u012bdzina \u0101du, pie&scaron;\u0137irot tai intens\u012bvi mitrin\u0101tu un barotu izskatu. Lieto&scaron;ana: katru r\u012btu un vakaru uzkl\u0101t uz att\u012br\u012btas sejas, kakla un dekolt\u0113 zonas \u0101das. Pateicoties vieglai tekst\u016brai, kr\u0113ms \u0101tri uzs\u016bcas, atst\u0101jot pl\u0101nu [&#8230;]\n","protected":false},"featured_media":26752,"template":"","meta":[],"product_cat":[1999],"product_tag":[],"class_list":{"0":"post-30041","1":"product","2":"type-product","3":"status-publish","4":"has-post-thumbnail","6":"product_brand-malina-akcija","7":"product_cat-bez-kategorijas","9":"first","10":"outofstock","11":"taxable","12":"shipping-taxable","13":"product-type-simple"},"_links":{"self":[{"href":"https:\/\/e.kosmolat.eu\/lv\/wp-json\/wp\/v2\/product\/30041","targetHints":{"allow":["GET"]}}],"collection":[{"href":"https:\/\/e.kosmolat.eu\/lv\/wp-json\/wp\/v2\/product"}],"about":[{"href":"https:\/\/e.kosmolat.eu\/lv\/wp-json\/wp\/v2\/types\/product"}],"wp:featuredmedia":[{"embeddable":true,"href":"https:\/\/e.kosmolat.eu\/lv\/wp-json\/wp\/v2\/media\/26752"}],"wp:attachment":[{"href":"https:\/\/e.kosmolat.eu\/lv\/wp-json\/wp\/v2\/media?parent=30041"}],"wp:term":[{"taxonomy":"product_cat","embeddable":true,"href":"https:\/\/e.kosmolat.eu\/lv\/wp-json\/wp\/v2\/product_cat?post=30041"},{"taxonomy":"product_tag","embeddable":true,"href":"https:\/\/e.kosmolat.eu\/lv\/wp-json\/wp\/v2\/product_tag?post=30041"}],"curies":[{"name":"wp","href":"https:\/\/api.w.org\/{rel}","templated":true}]}}