{"id":30037,"date":"2023-12-19T20:04:37","date_gmt":"2023-12-19T20:04:37","guid":{"rendered":"https:\/\/e.kosmolat.eu\/product\/vollare-pw-intens-balinoss-nakts-kr-sej-kakla-un-dekolte-z-adai-50-ml\/"},"modified":"2024-06-14T07:52:55","modified_gmt":"2024-06-14T07:52:55","slug":"vollare-pw-intens-balinoss-nakts-kr-sej-kakla-un-dekolte-z-adai-50-ml","status":"publish","type":"product","link":"https:\/\/e.kosmolat.eu\/lv\/product\/vollare-pw-intens-balinoss-nakts-kr-sej-kakla-un-dekolte-z-adai-50-ml\/","title":{"rendered":"VOLLARE PW Intens.balino\u0161s nakts kr.sej., kakla un dekolt\u0113 z.\u0101dai, 50 ml"},"content":{"rendered":"<p>Unik\u0101lais balino&scaron;ais komplekss mazina da\u017e\u0101das izcelsmes plankumu, nevienm\u0113r\u012bgas pigment\u0101cijas un vasaras raibumu izteiksm\u012bgumu. Bioakt\u012bvais Provi White komplekss ir moderna formula, kas nov\u0113r&scaron; pigment\u0101cijas c\u0113lo\u0146us, mazinot melan\u012bna izstr\u0101di. Man\u0101mi balina un izl\u012bdzina \u0101das toni, padara \u0101du glud\u0101ku, dzi\u013ci baro un mitrina, uzlabo \u0101das elast\u012bbu un stimul\u0113 \u0101das atjauno&scaron;anos nakts laik\u0101, kad norisin\u0101s visintens\u012bv\u0101kie \u0101das atjauno&scaron;an\u0101s procesi.<\/p>\n<p><strong>Lieto&scaron;ana: <\/strong>katru nakti pirms miega uzkl\u0101jiet uz att\u012br\u012btas sejas, kakla un dekolt\u0113 zonas \u0101das, viegli iemas\u0113jot ar pirkstu gali\u0146iem, l\u012bdz l\u012bdzeklis ir piln\u012bb\u0101 uzs\u016bcies. Ieteicams ar\u012b punktveida uzkl\u0101&scaron;anai &nbsp;uz plankumiem da\u017e\u0101d\u0101s \u0101das zon\u0101s. Balino&scaron;ais efekts ir nov\u0113rojams jau p\u0113c 2-3 regul\u0101ras lieto&scaron;anas ned\u0113\u013c\u0101m.<\/p>\n","protected":false},"excerpt":{"rendered":"<p>Unik\u0101lais balino&scaron;ais komplekss mazina da\u017e\u0101das izcelsmes plankumu, nevienm\u0113r\u012bgas pigment\u0101cijas un vasaras raibumu izteiksm\u012bgumu. Bioakt\u012bvais Provi White komplekss ir moderna formula, kas nov\u0113r&scaron; pigment\u0101cijas c\u0113lo\u0146us, mazinot melan\u012bna izstr\u0101di. Man\u0101mi balina un izl\u012bdzina \u0101das toni, padara \u0101du glud\u0101ku, dzi\u013ci baro un mitrina, uzlabo \u0101das elast\u012bbu un stimul\u0113 \u0101das atjauno&scaron;anos nakts laik\u0101, kad norisin\u0101s visintens\u012bv\u0101kie \u0101das atjauno&scaron;an\u0101s procesi. [&#8230;]\n","protected":false},"featured_media":26746,"template":"","meta":[],"product_cat":[1999],"product_tag":[],"class_list":{"0":"post-30037","1":"product","2":"type-product","3":"status-publish","4":"has-post-thumbnail","6":"product_brand-malina-akcija","7":"product_cat-bez-kategorijas","9":"first","10":"outofstock","11":"taxable","12":"shipping-taxable","13":"product-type-simple"},"_links":{"self":[{"href":"https:\/\/e.kosmolat.eu\/lv\/wp-json\/wp\/v2\/product\/30037","targetHints":{"allow":["GET"]}}],"collection":[{"href":"https:\/\/e.kosmolat.eu\/lv\/wp-json\/wp\/v2\/product"}],"about":[{"href":"https:\/\/e.kosmolat.eu\/lv\/wp-json\/wp\/v2\/types\/product"}],"wp:featuredmedia":[{"embeddable":true,"href":"https:\/\/e.kosmolat.eu\/lv\/wp-json\/wp\/v2\/media\/26746"}],"wp:attachment":[{"href":"https:\/\/e.kosmolat.eu\/lv\/wp-json\/wp\/v2\/media?parent=30037"}],"wp:term":[{"taxonomy":"product_cat","embeddable":true,"href":"https:\/\/e.kosmolat.eu\/lv\/wp-json\/wp\/v2\/product_cat?post=30037"},{"taxonomy":"product_tag","embeddable":true,"href":"https:\/\/e.kosmolat.eu\/lv\/wp-json\/wp\/v2\/product_tag?post=30037"}],"curies":[{"name":"wp","href":"https:\/\/api.w.org\/{rel}","templated":true}]}}