{"id":30029,"date":"2023-12-19T20:03:49","date_gmt":"2023-12-19T20:03:49","guid":{"rendered":"https:\/\/e.kosmolat.eu\/product\/vollare-pw-intens-balinoss-roku-krems-75-ml\/"},"modified":"2025-03-20T06:25:09","modified_gmt":"2025-03-20T06:25:09","slug":"vollare-pw-intens-balinoss-roku-krems-75-ml","status":"publish","type":"product","link":"https:\/\/e.kosmolat.eu\/lv\/product\/vollare-pw-intens-balinoss-roku-krems-75-ml\/","title":{"rendered":"VOLLARE PW Intens.balino\u0161s roku kr\u0113ms, 75 ml"},"content":{"rendered":"<p>Pateicoties balino&scaron;\u0101m akt\u012bv\u0101m sast\u0101vda\u013c\u0101m, tas efekt\u012bvi balina roku \u0101du, mazina pigment\u0101ciju un izl\u012bdzina nevienm\u0113r\u012bgu \u0101das toni. Bioakt\u012bvais Provi White komplekss nov\u0113r&scaron; pigment\u0101cijas c\u0113lo\u0146us un samazina melan\u012bna izstr\u0101di. Kr\u0113ms mitrina, nomierina un uzlabo sausas roku \u0101das st\u0101vokli uz ilgu laiku, aizsarg\u0101 pret t\u0101du \u0101r\u0113j\u0101s vides faktoru negat\u012bvo ietekmi k\u0101 saules gaisma, \u016bdens, mazg\u0101&scaron;anas l\u012bdzek\u013ci un mikroboj\u0101jumi, acumirkl\u012b padarot roku \u0101du samtainu, gludu un elast\u012bgu.<\/p>\n<p><strong>Lieto&scaron;ana: <\/strong>r\u016bp\u012bgi iemas\u0113jiet kr\u0113mu roku \u0101d\u0101. Uzkl\u0101jiet 1-2 reizes dien\u0101 vai p\u0113c roku mazg\u0101&scaron;anas. Balino&scaron;ais efekts ir nov\u0113rojams jau p\u0113c 2-3 regul\u0101ras lieto&scaron;anas ned\u0113\u013c\u0101m.<br \/>\n&nbsp;<\/p>\n","protected":false},"excerpt":{"rendered":"<p>Pateicoties balino&scaron;\u0101m akt\u012bv\u0101m sast\u0101vda\u013c\u0101m, tas efekt\u012bvi balina roku \u0101du, mazina pigment\u0101ciju un izl\u012bdzina nevienm\u0113r\u012bgu \u0101das toni. Bioakt\u012bvais Provi White komplekss nov\u0113r&scaron; pigment\u0101cijas c\u0113lo\u0146us un samazina melan\u012bna izstr\u0101di. Kr\u0113ms mitrina, nomierina un uzlabo sausas roku \u0101das st\u0101vokli uz ilgu laiku, aizsarg\u0101 pret t\u0101du \u0101r\u0113j\u0101s vides faktoru negat\u012bvo ietekmi k\u0101 saules gaisma, \u016bdens, mazg\u0101&scaron;anas l\u012bdzek\u013ci un mikroboj\u0101jumi, [&#8230;]\n","protected":false},"featured_media":26736,"template":"","meta":[],"product_cat":[1302],"product_tag":[],"class_list":{"0":"post-30029","1":"product","2":"type-product","3":"status-publish","4":"has-post-thumbnail","6":"product_brand-verona_pl","7":"product_cat-roku-kopsanas-kosmetika","9":"first","10":"outofstock","11":"taxable","12":"shipping-taxable","13":"product-type-simple"},"_links":{"self":[{"href":"https:\/\/e.kosmolat.eu\/lv\/wp-json\/wp\/v2\/product\/30029","targetHints":{"allow":["GET"]}}],"collection":[{"href":"https:\/\/e.kosmolat.eu\/lv\/wp-json\/wp\/v2\/product"}],"about":[{"href":"https:\/\/e.kosmolat.eu\/lv\/wp-json\/wp\/v2\/types\/product"}],"wp:featuredmedia":[{"embeddable":true,"href":"https:\/\/e.kosmolat.eu\/lv\/wp-json\/wp\/v2\/media\/26736"}],"wp:attachment":[{"href":"https:\/\/e.kosmolat.eu\/lv\/wp-json\/wp\/v2\/media?parent=30029"}],"wp:term":[{"taxonomy":"product_cat","embeddable":true,"href":"https:\/\/e.kosmolat.eu\/lv\/wp-json\/wp\/v2\/product_cat?post=30029"},{"taxonomy":"product_tag","embeddable":true,"href":"https:\/\/e.kosmolat.eu\/lv\/wp-json\/wp\/v2\/product_tag?post=30029"}],"curies":[{"name":"wp","href":"https:\/\/api.w.org\/{rel}","templated":true}]}}