{"id":30025,"date":"2023-12-19T20:03:29","date_gmt":"2023-12-19T20:03:29","guid":{"rendered":"https:\/\/e.kosmolat.eu\/product\/vollare-sejas-maska-maksimala-mitrinasana-2-x-5-ml\/"},"modified":"2024-06-14T07:52:44","modified_gmt":"2024-06-14T07:52:44","slug":"vollare-sejas-maska-maksimala-mitrinasana-2-x-5-ml","status":"publish","type":"product","link":"https:\/\/e.kosmolat.eu\/lv\/product\/vollare-sejas-maska-maksimala-mitrinasana-2-x-5-ml\/","title":{"rendered":"VOLLARE Sejas maska Maksim\u0101la mitrin\u0101\u0161ana, 2 x 5 ml"},"content":{"rendered":"<p>Pateicoties hialuronsk\u0101bei ar tr\u012bs da\u017e\u0101d\u0101m molekulmas\u0101m, a\u013c\u0123u un C un E vitam\u012bnu kompleksam, maska lieliski mitrina, nov\u0113r&scaron; noveco&scaron;anos un pal\u012bdz saglab\u0101t \u0101das jaun\u012bbu un svaigumu. Piem\u0113rota visiem \u0101das tipiem.<\/p>\n<p><strong>Lieto&scaron;ana: <\/strong>uzkl\u0101jiet biezu maskas k\u0101rtu uz t\u012bras sejas, kakla un dekolt\u0113 zonas \u0101das, izvairoties no zonas ap ac\u012bm un l\u016bp\u0101m. Atst\u0101jiet uz 10-15 min\u016bt\u0113m. Maskas paliekas iemas\u0113jiet \u0101d\u0101 vai not\u012briet ar vates disku. P\u0113c maskas uzkl\u0101jiet savam \u0101das tipam piem\u0113rotu kr\u0113mu.<br \/>\n&nbsp;<\/p>\n","protected":false},"excerpt":{"rendered":"<p>Pateicoties hialuronsk\u0101bei ar tr\u012bs da\u017e\u0101d\u0101m molekulmas\u0101m, a\u013c\u0123u un C un E vitam\u012bnu kompleksam, maska lieliski mitrina, nov\u0113r&scaron; noveco&scaron;anos un pal\u012bdz saglab\u0101t \u0101das jaun\u012bbu un svaigumu. Piem\u0113rota visiem \u0101das tipiem. Lieto&scaron;ana: uzkl\u0101jiet biezu maskas k\u0101rtu uz t\u012bras sejas, kakla un dekolt\u0113 zonas \u0101das, izvairoties no zonas ap ac\u012bm un l\u016bp\u0101m. Atst\u0101jiet uz 10-15 min\u016bt\u0113m. Maskas paliekas [&#8230;]\n","protected":false},"featured_media":26730,"template":"","meta":[],"product_cat":[1999],"product_tag":[],"class_list":{"0":"post-30025","1":"product","2":"type-product","3":"status-publish","4":"has-post-thumbnail","6":"product_brand-malina-akcija","7":"product_cat-bez-kategorijas","9":"first","10":"outofstock","11":"taxable","12":"shipping-taxable","13":"product-type-simple"},"_links":{"self":[{"href":"https:\/\/e.kosmolat.eu\/lv\/wp-json\/wp\/v2\/product\/30025","targetHints":{"allow":["GET"]}}],"collection":[{"href":"https:\/\/e.kosmolat.eu\/lv\/wp-json\/wp\/v2\/product"}],"about":[{"href":"https:\/\/e.kosmolat.eu\/lv\/wp-json\/wp\/v2\/types\/product"}],"wp:featuredmedia":[{"embeddable":true,"href":"https:\/\/e.kosmolat.eu\/lv\/wp-json\/wp\/v2\/media\/26730"}],"wp:attachment":[{"href":"https:\/\/e.kosmolat.eu\/lv\/wp-json\/wp\/v2\/media?parent=30025"}],"wp:term":[{"taxonomy":"product_cat","embeddable":true,"href":"https:\/\/e.kosmolat.eu\/lv\/wp-json\/wp\/v2\/product_cat?post=30025"},{"taxonomy":"product_tag","embeddable":true,"href":"https:\/\/e.kosmolat.eu\/lv\/wp-json\/wp\/v2\/product_tag?post=30025"}],"curies":[{"name":"wp","href":"https:\/\/api.w.org\/{rel}","templated":true}]}}