{"id":30021,"date":"2023-12-19T20:03:08","date_gmt":"2023-12-19T20:03:08","guid":{"rendered":"https:\/\/e.kosmolat.eu\/product\/vollare-sejas-maska-nevainojama-attirisana-2-x-5-ml\/"},"modified":"2024-06-14T07:44:52","modified_gmt":"2024-06-14T07:44:52","slug":"vollare-sejas-maska-nevainojama-attirisana-2-x-5-ml","status":"publish","type":"product","link":"https:\/\/e.kosmolat.eu\/lv\/product\/vollare-sejas-maska-nevainojama-attirisana-2-x-5-ml\/","title":{"rendered":"VOLLARE Sejas maska Nevainojama att\u012br\u012b\u0161ana, 2 x 5 ml"},"content":{"rendered":"<p>Nodro&scaron;ina sp\u0113c\u012bgu att\u012bro&scaron;u iedarb\u012bba. Likvid\u0113jot dienas laik\u0101 uzkr\u0101tos net\u012brumus, \u0101da tiek att\u012br\u012bta no liek\u0101 sebuma, t\u0101d\u0113j\u0101di nov\u0113r&scaron;ot taukaino sp\u012bdumu. Akt\u012bv\u0101s ogles un C vitam\u012bna komplekss izl\u012bdzina \u0101das toni.<\/p>\n<p><strong>Lieto&scaron;ana: <\/strong>uzkl\u0101jiet biezu maskas k\u0101rtu uz t\u012bras sejas, kakla un dekolt\u0113 zonas \u0101das, izvairoties no zonas ap ac\u012bm un l\u016bp\u0101m. Atst\u0101jiet uz 10-15 min\u016bt\u0113m. Maskas paliekas iemas\u0113jiet \u0101d\u0101 vai not\u012briet ar vates disku. P\u0113c maskas uzkl\u0101jiet savam \u0101das tipam piem\u0113rotu kr\u0113mu.<br \/>\n&nbsp;<\/p>\n","protected":false},"excerpt":{"rendered":"<p>Nodro&scaron;ina sp\u0113c\u012bgu att\u012bro&scaron;u iedarb\u012bba. Likvid\u0113jot dienas laik\u0101 uzkr\u0101tos net\u012brumus, \u0101da tiek att\u012br\u012bta no liek\u0101 sebuma, t\u0101d\u0113j\u0101di nov\u0113r&scaron;ot taukaino sp\u012bdumu. Akt\u012bv\u0101s ogles un C vitam\u012bna komplekss izl\u012bdzina \u0101das toni. Lieto&scaron;ana: uzkl\u0101jiet biezu maskas k\u0101rtu uz t\u012bras sejas, kakla un dekolt\u0113 zonas \u0101das, izvairoties no zonas ap ac\u012bm un l\u016bp\u0101m. Atst\u0101jiet uz 10-15 min\u016bt\u0113m. Maskas paliekas iemas\u0113jiet [&#8230;]\n","protected":false},"featured_media":26726,"template":"","meta":[],"product_cat":[1999],"product_tag":[],"class_list":{"0":"post-30021","1":"product","2":"type-product","3":"status-publish","4":"has-post-thumbnail","6":"product_brand-malina-akcija","7":"product_cat-bez-kategorijas","9":"first","10":"outofstock","11":"taxable","12":"shipping-taxable","13":"product-type-simple"},"_links":{"self":[{"href":"https:\/\/e.kosmolat.eu\/lv\/wp-json\/wp\/v2\/product\/30021","targetHints":{"allow":["GET"]}}],"collection":[{"href":"https:\/\/e.kosmolat.eu\/lv\/wp-json\/wp\/v2\/product"}],"about":[{"href":"https:\/\/e.kosmolat.eu\/lv\/wp-json\/wp\/v2\/types\/product"}],"wp:featuredmedia":[{"embeddable":true,"href":"https:\/\/e.kosmolat.eu\/lv\/wp-json\/wp\/v2\/media\/26726"}],"wp:attachment":[{"href":"https:\/\/e.kosmolat.eu\/lv\/wp-json\/wp\/v2\/media?parent=30021"}],"wp:term":[{"taxonomy":"product_cat","embeddable":true,"href":"https:\/\/e.kosmolat.eu\/lv\/wp-json\/wp\/v2\/product_cat?post=30021"},{"taxonomy":"product_tag","embeddable":true,"href":"https:\/\/e.kosmolat.eu\/lv\/wp-json\/wp\/v2\/product_tag?post=30021"}],"curies":[{"name":"wp","href":"https:\/\/api.w.org\/{rel}","templated":true}]}}