{"id":30017,"date":"2023-12-19T20:02:47","date_gmt":"2023-12-19T20:02:47","guid":{"rendered":"https:\/\/e.kosmolat.eu\/product\/skinup-dermoseries-maska-express-lifting-2-x-5-ml\/"},"modified":"2024-06-14T08:09:21","modified_gmt":"2024-06-14T08:09:21","slug":"skinup-dermoseries-maska-express-lifting-2-x-5-ml","status":"publish","type":"product","link":"https:\/\/e.kosmolat.eu\/lv\/product\/skinup-dermoseries-maska-express-lifting-2-x-5-ml\/","title":{"rendered":"SkinUp DermoSeries+ Maska Express Lifting, 2 x 5 ml"},"content":{"rendered":"<p>Sast\u0101v\u0101 eso&scaron;ais koloid\u0101lais zelts un dimanta pulveris intens\u012bvi izgaismo \u0101du. Arg\u0101ne\u013c\u013ca, pateicoties augtam E vitam\u012bna saturam, intens\u012bvi mitrina un baro \u0101du. Sarkan\u0101s mikroa\u013c\u0123es ekstrakts &nbsp;uz \u0101das veido smalku mikro-t\u012bkli\u0146u, kas uzlabo \u0101das elast\u012bbu un tvirtumu. Sejas \u0101dai k\u013c\u016bst tvirta, gluda un atg\u016bst jaunekl\u012bgu mirdzumu.<\/p>\n<p><strong>Lieto&scaron;ana: <\/strong>uzkl\u0101jiet biezu maskas k\u0101rtu uz t\u012bras sejas, kakla un dekolt\u0113 zonas \u0101das, izvairoties no zonas ap ac\u012bm un l\u016bp\u0101m. Atst\u0101jiet uz 10-15 min\u016bt\u0113m. Maskas paliekas iemas\u0113jiet \u0101d\u0101 vai not\u012briet ar vates disku. P\u0113c maskas uzkl\u0101jiet savam \u0101das tipam piem\u0113rotu kr\u0113mu.<br \/>\n&nbsp;<\/p>\n","protected":false},"excerpt":{"rendered":"<p>Sast\u0101v\u0101 eso&scaron;ais koloid\u0101lais zelts un dimanta pulveris intens\u012bvi izgaismo \u0101du. Arg\u0101ne\u013c\u013ca, pateicoties augtam E vitam\u012bna saturam, intens\u012bvi mitrina un baro \u0101du. Sarkan\u0101s mikroa\u013c\u0123es ekstrakts &nbsp;uz \u0101das veido smalku mikro-t\u012bkli\u0146u, kas uzlabo \u0101das elast\u012bbu un tvirtumu. Sejas \u0101dai k\u013c\u016bst tvirta, gluda un atg\u016bst jaunekl\u012bgu mirdzumu. Lieto&scaron;ana: uzkl\u0101jiet biezu maskas k\u0101rtu uz t\u012bras sejas, kakla un dekolt\u0113 [&#8230;]\n","protected":false},"featured_media":25429,"template":"","meta":[],"product_cat":[1370],"product_tag":[],"class_list":{"0":"post-30017","1":"product","2":"type-product","3":"status-publish","4":"has-post-thumbnail","6":"product_brand-malina-akcija","7":"product_cat-1370","9":"first","10":"outofstock","11":"taxable","12":"shipping-taxable","13":"product-type-simple"},"_links":{"self":[{"href":"https:\/\/e.kosmolat.eu\/lv\/wp-json\/wp\/v2\/product\/30017","targetHints":{"allow":["GET"]}}],"collection":[{"href":"https:\/\/e.kosmolat.eu\/lv\/wp-json\/wp\/v2\/product"}],"about":[{"href":"https:\/\/e.kosmolat.eu\/lv\/wp-json\/wp\/v2\/types\/product"}],"wp:featuredmedia":[{"embeddable":true,"href":"https:\/\/e.kosmolat.eu\/lv\/wp-json\/wp\/v2\/media\/25429"}],"wp:attachment":[{"href":"https:\/\/e.kosmolat.eu\/lv\/wp-json\/wp\/v2\/media?parent=30017"}],"wp:term":[{"taxonomy":"product_cat","embeddable":true,"href":"https:\/\/e.kosmolat.eu\/lv\/wp-json\/wp\/v2\/product_cat?post=30017"},{"taxonomy":"product_tag","embeddable":true,"href":"https:\/\/e.kosmolat.eu\/lv\/wp-json\/wp\/v2\/product_tag?post=30017"}],"curies":[{"name":"wp","href":"https:\/\/api.w.org\/{rel}","templated":true}]}}