{"id":30005,"date":"2023-12-19T20:02:00","date_gmt":"2023-12-19T20:02:00","guid":{"rendered":"https:\/\/e.kosmolat.eu\/product\/skinup-dermoseries-mitrinosa-maska-active-oxygenate-2-x-5-ml\/"},"modified":"2024-06-14T08:08:31","modified_gmt":"2024-06-14T08:08:31","slug":"skinup-dermoseries-mitrinosa-maska-active-oxygenate-2-x-5-ml","status":"publish","type":"product","link":"https:\/\/e.kosmolat.eu\/lv\/product\/skinup-dermoseries-mitrinosa-maska-active-oxygenate-2-x-5-ml\/","title":{"rendered":"SkinUp DermoSeries+ Mitrino\u0161a maska Active Oxygenate, 2 x 5 ml"},"content":{"rendered":"<p>Aktiv\u0113tajai oglei piem\u012bt dzi\u013ci att\u012bro&scaron;a iedarb\u012bba &ndash; t\u0101 efekt\u012bvi absorb\u0113 net\u012brumus no \u0101das virsmas, piem\u0113ram, lieko sebumu un nolob\u012bju&scaron;\u0101s \u0101das &scaron;\u016bnas. Nov\u0113r&scaron; p\u016bt\u012b&scaron;u un melno punktu par\u0101d\u012b&scaron;anos, neizjaucot \u0101das dabisko aizsargbarjeru. \u0100da k\u013c\u016bst ide\u0101li t\u012bra, mat\u0113ta un svaiga.<\/p>\n<p><strong>Lieto&scaron;ana: <\/strong>uzkl\u0101jiet biezu maskas k\u0101rtu uz t\u012bras sejas, kakla un dekolt\u0113 zonas \u0101das, izvairoties no zonas ap ac\u012bm un l\u016bp\u0101m. Atst\u0101jiet uz 10-15 min\u016bt\u0113m. Maskas paliekas iemas\u0113jiet \u0101d\u0101 vai not\u012briet ar vates disku. P\u0113c maskas uzkl\u0101jiet savam \u0101das tipam piem\u0113rotu kr\u0113mu.<br \/>\n&nbsp;<\/p>\n","protected":false},"excerpt":{"rendered":"<p>Aktiv\u0113tajai oglei piem\u012bt dzi\u013ci att\u012bro&scaron;a iedarb\u012bba &ndash; t\u0101 efekt\u012bvi absorb\u0113 net\u012brumus no \u0101das virsmas, piem\u0113ram, lieko sebumu un nolob\u012bju&scaron;\u0101s \u0101das &scaron;\u016bnas. Nov\u0113r&scaron; p\u016bt\u012b&scaron;u un melno punktu par\u0101d\u012b&scaron;anos, neizjaucot \u0101das dabisko aizsargbarjeru. \u0100da k\u013c\u016bst ide\u0101li t\u012bra, mat\u0113ta un svaiga. Lieto&scaron;ana: uzkl\u0101jiet biezu maskas k\u0101rtu uz t\u012bras sejas, kakla un dekolt\u0113 zonas \u0101das, izvairoties no zonas ap [&#8230;]\n","protected":false},"featured_media":26720,"template":"","meta":[],"product_cat":[1370],"product_tag":[],"class_list":{"0":"post-30005","1":"product","2":"type-product","3":"status-publish","4":"has-post-thumbnail","6":"product_brand-malina-akcija","7":"product_cat-1370","9":"first","10":"outofstock","11":"taxable","12":"shipping-taxable","13":"product-type-simple"},"_links":{"self":[{"href":"https:\/\/e.kosmolat.eu\/lv\/wp-json\/wp\/v2\/product\/30005","targetHints":{"allow":["GET"]}}],"collection":[{"href":"https:\/\/e.kosmolat.eu\/lv\/wp-json\/wp\/v2\/product"}],"about":[{"href":"https:\/\/e.kosmolat.eu\/lv\/wp-json\/wp\/v2\/types\/product"}],"wp:featuredmedia":[{"embeddable":true,"href":"https:\/\/e.kosmolat.eu\/lv\/wp-json\/wp\/v2\/media\/26720"}],"wp:attachment":[{"href":"https:\/\/e.kosmolat.eu\/lv\/wp-json\/wp\/v2\/media?parent=30005"}],"wp:term":[{"taxonomy":"product_cat","embeddable":true,"href":"https:\/\/e.kosmolat.eu\/lv\/wp-json\/wp\/v2\/product_cat?post=30005"},{"taxonomy":"product_tag","embeddable":true,"href":"https:\/\/e.kosmolat.eu\/lv\/wp-json\/wp\/v2\/product_tag?post=30005"}],"curies":[{"name":"wp","href":"https:\/\/api.w.org\/{rel}","templated":true}]}}