{"id":30001,"date":"2023-12-19T20:01:36","date_gmt":"2023-12-19T20:01:36","guid":{"rendered":"https:\/\/e.kosmolat.eu\/product\/skinup-dermoseries-pretnovec-maska-maximum-rejuvenation-2-x-5-ml\/"},"modified":"2024-06-14T08:06:40","modified_gmt":"2024-06-14T08:06:40","slug":"skinup-dermoseries-pretnovec-maska-maximum-rejuvenation-2-x-5-ml","status":"publish","type":"product","link":"https:\/\/e.kosmolat.eu\/lv\/product\/skinup-dermoseries-pretnovec-maska-maximum-rejuvenation-2-x-5-ml\/","title":{"rendered":"SkinUp DermoSeries+ Pretnovec.maska Maximum Rejuvenation, 2 x 5 ml"},"content":{"rendered":"<p>Pept\u012bdi veicina \u0101das sasprindzin\u0101juma nov\u0113r&scaron;anu, t\u0101d\u0113j\u0101di uzlabojot t\u0101s elast\u012bbu. Za\u013cie m\u0101li izl\u012bdzina \u0101du un padara elast\u012bg\u0101ku. A\u013c\u0123es izl\u012bdzina \u0101das toni, pie&scaron;\u0137ir mirdzumu, un, pateicoties sp\u0113c\u012bgajai antioksidanta iedarb\u012bbai, mitrina, baro un pies\u0101tina \u0101du ar sk\u0101bekli. Miner\u0101li veicina \u0101das stiprin\u0101&scaron;anu un atjauno&scaron;anos.<\/p>\n<p><strong>Lieto&scaron;ana: <\/strong>uzkl\u0101jiet biezu maskas k\u0101rtu uz t\u012bras sejas, kakla un dekolt\u0113 zonas \u0101das, izvairoties no zonas ap ac\u012bm un l\u016bp\u0101m. Atst\u0101jiet uz 10-15 min\u016bt\u0113m. Maskas paliekas iemas\u0113jiet \u0101d\u0101 vai not\u012briet ar vates disku. P\u0113c maskas uzkl\u0101jiet savam \u0101das tipam piem\u0113rotu kr\u0113mu.<br \/>\n&nbsp;<\/p>\n","protected":false},"excerpt":{"rendered":"<p>Pept\u012bdi veicina \u0101das sasprindzin\u0101juma nov\u0113r&scaron;anu, t\u0101d\u0113j\u0101di uzlabojot t\u0101s elast\u012bbu. Za\u013cie m\u0101li izl\u012bdzina \u0101du un padara elast\u012bg\u0101ku. A\u013c\u0123es izl\u012bdzina \u0101das toni, pie&scaron;\u0137ir mirdzumu, un, pateicoties sp\u0113c\u012bgajai antioksidanta iedarb\u012bbai, mitrina, baro un pies\u0101tina \u0101du ar sk\u0101bekli. Miner\u0101li veicina \u0101das stiprin\u0101&scaron;anu un atjauno&scaron;anos. Lieto&scaron;ana: uzkl\u0101jiet biezu maskas k\u0101rtu uz t\u012bras sejas, kakla un dekolt\u0113 zonas \u0101das, izvairoties no [&#8230;]\n","protected":false},"featured_media":26714,"template":"","meta":[],"product_cat":[1367],"product_tag":[],"class_list":{"0":"post-30001","1":"product","2":"type-product","3":"status-publish","4":"has-post-thumbnail","6":"product_brand-malina-akcija","7":"product_cat-sejas-maskas","9":"first","10":"outofstock","11":"taxable","12":"shipping-taxable","13":"product-type-simple"},"_links":{"self":[{"href":"https:\/\/e.kosmolat.eu\/lv\/wp-json\/wp\/v2\/product\/30001","targetHints":{"allow":["GET"]}}],"collection":[{"href":"https:\/\/e.kosmolat.eu\/lv\/wp-json\/wp\/v2\/product"}],"about":[{"href":"https:\/\/e.kosmolat.eu\/lv\/wp-json\/wp\/v2\/types\/product"}],"wp:featuredmedia":[{"embeddable":true,"href":"https:\/\/e.kosmolat.eu\/lv\/wp-json\/wp\/v2\/media\/26714"}],"wp:attachment":[{"href":"https:\/\/e.kosmolat.eu\/lv\/wp-json\/wp\/v2\/media?parent=30001"}],"wp:term":[{"taxonomy":"product_cat","embeddable":true,"href":"https:\/\/e.kosmolat.eu\/lv\/wp-json\/wp\/v2\/product_cat?post=30001"},{"taxonomy":"product_tag","embeddable":true,"href":"https:\/\/e.kosmolat.eu\/lv\/wp-json\/wp\/v2\/product_tag?post=30001"}],"curies":[{"name":"wp","href":"https:\/\/api.w.org\/{rel}","templated":true}]}}