{"id":29997,"date":"2023-12-19T20:01:13","date_gmt":"2023-12-19T20:01:13","guid":{"rendered":"https:\/\/e.kosmolat.eu\/product\/skinup-dermoseries-nomierinosa-maska-s-o-s-repair-2-x-5-ml\/"},"modified":"2024-06-14T08:05:41","modified_gmt":"2024-06-14T08:05:41","slug":"skinup-dermoseries-nomierinosa-maska-s-o-s-repair-2-x-5-ml","status":"publish","type":"product","link":"https:\/\/e.kosmolat.eu\/lv\/product\/skinup-dermoseries-nomierinosa-maska-s-o-s-repair-2-x-5-ml\/","title":{"rendered":"SkinUp DermoSeries+ Nomierino\u0161a maska S.O.S. Repair, 2 x 5 ml"},"content":{"rendered":"<p>Alvejas ekstraktam piem\u012bt sp\u0113c\u012bga nomierino&scaron;a un mitrino&scaron;a darb\u012bba, tas veicina kairin\u0101tas \u0101das atjauno&scaron;an\u0101s procesus. Baltie m\u0101li nomierina un maigi baro \u0101du, sniedzot atsvaidzino&scaron;u efektu. Avokado e\u013c\u013ca pal\u012bdz uztur\u0113t nepiecie&scaron;amo mitruma l\u012bmeni, nodro&scaron;inot \u0101das gludumu, elast\u012bbu un vienm\u0113r\u012bgu toni.<\/p>\n<p><strong>Lieto&scaron;ana:<\/strong> uzkl\u0101jiet biezu maskas k\u0101rtu uz t\u012bras sejas, kakla un dekolt\u0113 zonas \u0101das, izvairoties no zonas ap ac\u012bm un l\u016bp\u0101m. Atst\u0101jiet uz 10-15 min\u016bt\u0113m. Maskas paliekas iemas\u0113jiet \u0101d\u0101 vai not\u012briet ar vates disku. P\u0113c maskas uzkl\u0101jiet savam \u0101das tipam piem\u0113rotu kr\u0113mu.<br \/>\n&nbsp;<\/p>\n","protected":false},"excerpt":{"rendered":"<p>Alvejas ekstraktam piem\u012bt sp\u0113c\u012bga nomierino&scaron;a un mitrino&scaron;a darb\u012bba, tas veicina kairin\u0101tas \u0101das atjauno&scaron;an\u0101s procesus. Baltie m\u0101li nomierina un maigi baro \u0101du, sniedzot atsvaidzino&scaron;u efektu. Avokado e\u013c\u013ca pal\u012bdz uztur\u0113t nepiecie&scaron;amo mitruma l\u012bmeni, nodro&scaron;inot \u0101das gludumu, elast\u012bbu un vienm\u0113r\u012bgu toni. Lieto&scaron;ana: uzkl\u0101jiet biezu maskas k\u0101rtu uz t\u012bras sejas, kakla un dekolt\u0113 zonas \u0101das, izvairoties no zonas ap [&#8230;]\n","protected":false},"featured_media":26708,"template":"","meta":[],"product_cat":[1367],"product_tag":[],"class_list":{"0":"post-29997","1":"product","2":"type-product","3":"status-publish","4":"has-post-thumbnail","6":"product_brand-malina-akcija","7":"product_cat-sejas-maskas","9":"first","10":"outofstock","11":"taxable","12":"shipping-taxable","13":"product-type-simple"},"_links":{"self":[{"href":"https:\/\/e.kosmolat.eu\/lv\/wp-json\/wp\/v2\/product\/29997","targetHints":{"allow":["GET"]}}],"collection":[{"href":"https:\/\/e.kosmolat.eu\/lv\/wp-json\/wp\/v2\/product"}],"about":[{"href":"https:\/\/e.kosmolat.eu\/lv\/wp-json\/wp\/v2\/types\/product"}],"wp:featuredmedia":[{"embeddable":true,"href":"https:\/\/e.kosmolat.eu\/lv\/wp-json\/wp\/v2\/media\/26708"}],"wp:attachment":[{"href":"https:\/\/e.kosmolat.eu\/lv\/wp-json\/wp\/v2\/media?parent=29997"}],"wp:term":[{"taxonomy":"product_cat","embeddable":true,"href":"https:\/\/e.kosmolat.eu\/lv\/wp-json\/wp\/v2\/product_cat?post=29997"},{"taxonomy":"product_tag","embeddable":true,"href":"https:\/\/e.kosmolat.eu\/lv\/wp-json\/wp\/v2\/product_tag?post=29997"}],"curies":[{"name":"wp","href":"https:\/\/api.w.org\/{rel}","templated":true}]}}