{"id":29993,"date":"2023-12-19T20:00:47","date_gmt":"2023-12-19T20:00:47","guid":{"rendered":"https:\/\/e.kosmolat.eu\/product\/skinup-dermoseries-atjaunojosa-maska-cellular-revival-2-x-5-ml\/"},"modified":"2024-06-14T08:03:57","modified_gmt":"2024-06-14T08:03:57","slug":"skinup-dermoseries-atjaunojosa-maska-cellular-revival-2-x-5-ml","status":"publish","type":"product","link":"https:\/\/e.kosmolat.eu\/lv\/product\/skinup-dermoseries-atjaunojosa-maska-cellular-revival-2-x-5-ml\/","title":{"rendered":"SkinUp DermoSeries+ Atjaunojo\u0161a maska Cellular Revival, 2 x 5 ml"},"content":{"rendered":"<p>7 barojo&scaron;as e\u013c\u013cas intens\u012bvi mitrina un atjauno \u0101das st\u0101vokli. Nov\u0113r&scaron; raupjumu, sniedzot maiguma un gluduma saj\u016btu. E vitam\u012bns k\u0101 sp\u0113c\u012bgs antioksidants, pal\u0113nina \u0101das noveco&scaron;an\u0101s procesus, ko veicina \u0101r\u0113j\u0101s vides faktori. Dab\u012bg\u0101s izcelsmes skval\u0101ns, kas ieg\u016bts no ol\u012bve\u013c\u013cas, pal\u012bdz uztur\u0113t nepiecie&scaron;amo mitruma l\u012bmeni. \u0100da k\u013c\u016bst barota, svaiga un mirdzo&scaron;a.<\/p>\n<p><strong>Lieto&scaron;ana: <\/strong>uzkl\u0101jiet biezu maskas k\u0101rtu uz t\u012bras sejas, kakla un dekolt\u0113 zonas \u0101das, izvairoties no zonas ap ac\u012bm un l\u016bp\u0101m. Atst\u0101jiet uz 10-15 min\u016bt\u0113m. Maskas paliekas iemas\u0113jiet \u0101d\u0101 vai not\u012briet ar vates disku. P\u0113c maskas uzkl\u0101jiet savam \u0101das tipam piem\u0113rotu kr\u0113mu.<br \/>\n&nbsp;<\/p>\n","protected":false},"excerpt":{"rendered":"<p>7 barojo&scaron;as e\u013c\u013cas intens\u012bvi mitrina un atjauno \u0101das st\u0101vokli. Nov\u0113r&scaron; raupjumu, sniedzot maiguma un gluduma saj\u016btu. E vitam\u012bns k\u0101 sp\u0113c\u012bgs antioksidants, pal\u0113nina \u0101das noveco&scaron;an\u0101s procesus, ko veicina \u0101r\u0113j\u0101s vides faktori. Dab\u012bg\u0101s izcelsmes skval\u0101ns, kas ieg\u016bts no ol\u012bve\u013c\u013cas, pal\u012bdz uztur\u0113t nepiecie&scaron;amo mitruma l\u012bmeni. \u0100da k\u013c\u016bst barota, svaiga un mirdzo&scaron;a. Lieto&scaron;ana: uzkl\u0101jiet biezu maskas k\u0101rtu uz t\u012bras [&#8230;]\n","protected":false},"featured_media":26702,"template":"","meta":[],"product_cat":[1367],"product_tag":[],"class_list":{"0":"post-29993","1":"product","2":"type-product","3":"status-publish","4":"has-post-thumbnail","6":"product_brand-malina-akcija","7":"product_cat-sejas-maskas","9":"first","10":"outofstock","11":"taxable","12":"shipping-taxable","13":"product-type-simple"},"_links":{"self":[{"href":"https:\/\/e.kosmolat.eu\/lv\/wp-json\/wp\/v2\/product\/29993","targetHints":{"allow":["GET"]}}],"collection":[{"href":"https:\/\/e.kosmolat.eu\/lv\/wp-json\/wp\/v2\/product"}],"about":[{"href":"https:\/\/e.kosmolat.eu\/lv\/wp-json\/wp\/v2\/types\/product"}],"wp:featuredmedia":[{"embeddable":true,"href":"https:\/\/e.kosmolat.eu\/lv\/wp-json\/wp\/v2\/media\/26702"}],"wp:attachment":[{"href":"https:\/\/e.kosmolat.eu\/lv\/wp-json\/wp\/v2\/media?parent=29993"}],"wp:term":[{"taxonomy":"product_cat","embeddable":true,"href":"https:\/\/e.kosmolat.eu\/lv\/wp-json\/wp\/v2\/product_cat?post=29993"},{"taxonomy":"product_tag","embeddable":true,"href":"https:\/\/e.kosmolat.eu\/lv\/wp-json\/wp\/v2\/product_tag?post=29993"}],"curies":[{"name":"wp","href":"https:\/\/api.w.org\/{rel}","templated":true}]}}