{"id":29937,"date":"2023-12-19T19:56:42","date_gmt":"2023-12-19T19:56:42","guid":{"rendered":"https:\/\/e.kosmolat.eu\/product\/deba-nb-maska-krasotiem-matiem-ar-granatabola-ekstr-arganellu-500-ml\/"},"modified":"2026-04-20T10:18:32","modified_gmt":"2026-04-20T10:18:32","slug":"deba-nb-maska-krasotiem-matiem-ar-granatabola-ekstr-arganellu-500-ml","status":"publish","type":"product","link":"https:\/\/e.kosmolat.eu\/lv\/product\/deba-nb-maska-krasotiem-matiem-ar-granatabola-ekstr-arganellu-500-ml\/","title":{"rendered":"DeBa NB Maska kr\u0101sotiem matiem ar gran\u0101t\u0101bola ekstr., arg\u0101ne\u013c\u013cu, 500 ml"},"content":{"rendered":"<p>Satur 96% dab\u012bgo sast\u0101vda\u013cu. Pie&scaron;\u0137ir matiem m\u012bkstumu, elast\u012bbu un vitalit\u0101ti, saglab\u0101jot kr\u0101soto matu spilgtumu.<\/p>\n<p><strong>Lieto&scaron;ana: <\/strong>uzkl\u0101t uz izmazg\u0101tiem matiem, \u012bpa&scaron;u uzman\u012bbu piev\u0113r&scaron;ot sausiem matu galiem. \u013baujiet iedarboties da\u017eas min\u016btes un noskalojiet ar \u016bdeni.<\/p>\n","protected":false},"excerpt":{"rendered":"<p>Satur 96% dab\u012bgo sast\u0101vda\u013cu. Pie&scaron;\u0137ir matiem m\u012bkstumu, elast\u012bbu un vitalit\u0101ti, saglab\u0101jot kr\u0101soto matu spilgtumu. Lieto&scaron;ana: uzkl\u0101t uz izmazg\u0101tiem matiem, \u012bpa&scaron;u uzman\u012bbu piev\u0113r&scaron;ot sausiem matu galiem. \u013baujiet iedarboties da\u017eas min\u016btes un noskalojiet ar \u016bdeni.<\/p>\n","protected":false},"featured_media":100560,"template":"","meta":[],"product_cat":[1257],"product_tag":[],"class_list":{"0":"post-29937","1":"product","2":"type-product","3":"status-publish","4":"has-post-thumbnail","6":"product_brand-rubella-bg","7":"product_cat-1257","9":"first","10":"instock","11":"taxable","12":"shipping-taxable","13":"product-type-simple"},"_links":{"self":[{"href":"https:\/\/e.kosmolat.eu\/lv\/wp-json\/wp\/v2\/product\/29937","targetHints":{"allow":["GET"]}}],"collection":[{"href":"https:\/\/e.kosmolat.eu\/lv\/wp-json\/wp\/v2\/product"}],"about":[{"href":"https:\/\/e.kosmolat.eu\/lv\/wp-json\/wp\/v2\/types\/product"}],"wp:featuredmedia":[{"embeddable":true,"href":"https:\/\/e.kosmolat.eu\/lv\/wp-json\/wp\/v2\/media\/100560"}],"wp:attachment":[{"href":"https:\/\/e.kosmolat.eu\/lv\/wp-json\/wp\/v2\/media?parent=29937"}],"wp:term":[{"taxonomy":"product_cat","embeddable":true,"href":"https:\/\/e.kosmolat.eu\/lv\/wp-json\/wp\/v2\/product_cat?post=29937"},{"taxonomy":"product_tag","embeddable":true,"href":"https:\/\/e.kosmolat.eu\/lv\/wp-json\/wp\/v2\/product_tag?post=29937"}],"curies":[{"name":"wp","href":"https:\/\/api.w.org\/{rel}","templated":true}]}}