{"id":29933,"date":"2023-12-19T19:56:21","date_gmt":"2023-12-19T19:56:21","guid":{"rendered":"https:\/\/e.kosmolat.eu\/product\/deba-nb-hinina-udens-matiem-150-ml\/"},"modified":"2026-04-20T08:10:31","modified_gmt":"2026-04-20T08:10:31","slug":"deba-nb-hinina-udens-matiem-150-ml","status":"publish","type":"product","link":"https:\/\/e.kosmolat.eu\/lv\/product\/deba-nb-hinina-udens-matiem-150-ml\/","title":{"rendered":"DeBa NB Hin\u012bna \u016bdens matiem, 150 ml"},"content":{"rendered":"<p>Hin\u012bna koka mizas ekstrakts ir dab\u012bgs produkts, kas akt\u012bvi piedal\u0101s c\u012b\u0146\u0101 pret matu izkri&scaron;anu, stiprina matus un pa\u0101trina to aug&scaron;anu. Viegli uzs\u016bcas galvas \u0101d\u0101, labv\u0113l\u012bgi ietekm\u0113jot jaunu matu aug&scaron;anas procesu.&nbsp;<\/p>\n<p><strong>Lieto&scaron;ana:<\/strong> uzkl\u0101jiet uz izmazg\u0101tu matu sakn\u0113m, r\u016bp\u012bgi pamas\u0113jiet. Nenoskalojiet. Izteiksm\u012bg\u0101kam sp\u012bdumam un m\u012bkstumam lietojiet kop\u0101 ar citiem DeBa Natural Beauty l\u012bnijas produktiem.&nbsp;<br \/>\n&nbsp;<\/p>\n","protected":false},"excerpt":{"rendered":"<p>Hin\u012bna koka mizas ekstrakts ir dab\u012bgs produkts, kas akt\u012bvi piedal\u0101s c\u012b\u0146\u0101 pret matu izkri&scaron;anu, stiprina matus un pa\u0101trina to aug&scaron;anu. Viegli uzs\u016bcas galvas \u0101d\u0101, labv\u0113l\u012bgi ietekm\u0113jot jaunu matu aug&scaron;anas procesu.&nbsp; Lieto&scaron;ana: uzkl\u0101jiet uz izmazg\u0101tu matu sakn\u0113m, r\u016bp\u012bgi pamas\u0113jiet. Nenoskalojiet. Izteiksm\u012bg\u0101kam sp\u012bdumam un m\u012bkstumam lietojiet kop\u0101 ar citiem DeBa Natural Beauty l\u012bnijas produktiem.&nbsp; &nbsp;<\/p>\n","protected":false},"featured_media":101198,"template":"","meta":[],"product_cat":[1345],"product_tag":[],"class_list":{"0":"post-29933","1":"product","2":"type-product","3":"status-publish","4":"has-post-thumbnail","6":"product_brand-rubella-bg","7":"product_cat-kitos-plauku-prieziuros-priemones","9":"first","10":"instock","11":"taxable","12":"shipping-taxable","13":"product-type-simple"},"_links":{"self":[{"href":"https:\/\/e.kosmolat.eu\/lv\/wp-json\/wp\/v2\/product\/29933","targetHints":{"allow":["GET"]}}],"collection":[{"href":"https:\/\/e.kosmolat.eu\/lv\/wp-json\/wp\/v2\/product"}],"about":[{"href":"https:\/\/e.kosmolat.eu\/lv\/wp-json\/wp\/v2\/types\/product"}],"wp:featuredmedia":[{"embeddable":true,"href":"https:\/\/e.kosmolat.eu\/lv\/wp-json\/wp\/v2\/media\/101198"}],"wp:attachment":[{"href":"https:\/\/e.kosmolat.eu\/lv\/wp-json\/wp\/v2\/media?parent=29933"}],"wp:term":[{"taxonomy":"product_cat","embeddable":true,"href":"https:\/\/e.kosmolat.eu\/lv\/wp-json\/wp\/v2\/product_cat?post=29933"},{"taxonomy":"product_tag","embeddable":true,"href":"https:\/\/e.kosmolat.eu\/lv\/wp-json\/wp\/v2\/product_tag?post=29933"}],"curies":[{"name":"wp","href":"https:\/\/api.w.org\/{rel}","templated":true}]}}