{"id":29921,"date":"2023-12-19T19:55:41","date_gmt":"2023-12-19T19:55:41","guid":{"rendered":"https:\/\/e.kosmolat.eu\/product\/deba-nb-sampuns-kras-matiem-ar-granatabolu-arganellu-500-ml\/"},"modified":"2026-04-22T08:24:24","modified_gmt":"2026-04-22T08:24:24","slug":"deba-nb-sampuns-kras-matiem-ar-granatabolu-arganellu-500-ml","status":"publish","type":"product","link":"https:\/\/e.kosmolat.eu\/lv\/product\/deba-nb-sampuns-kras-matiem-ar-granatabolu-arganellu-500-ml\/","title":{"rendered":"DeBa NB \u0160amp\u016bns kr\u0101s. matiem ar gran\u0101t\u0101bolu, arg\u0101ne\u013c\u013cu, 500 ml"},"content":{"rendered":"<p>Pie&scaron;\u0137ir kr\u0101sotiem matiem m\u012bkstumu, elast\u012bbu un dz\u012bves sp\u0113ku, saglab\u0101jot kr\u0101sas spilgtumu. Satur 91% dab\u012bgas izcelsmes sast\u0101vda\u013cu.<\/p>\n<p><strong>Akt\u012bv\u0101s sast\u0101vda\u013cas:<\/strong> gran\u0101t\u0101bola ekstrakts &ndash; saglab\u0101 matu kr\u0101sas spilgtumu, arg\u0101ne\u013c\u013ca &ndash; baro matus.<\/p>\n<p><strong>Lieto&scaron;ana: <\/strong>ar mas\u0101\u017eas kust\u012bb\u0101m uzkl\u0101jiet uz mitriem matiem, tad r\u016bp\u012bgi izskalojiet ar \u016bdeni. Optim\u0101lam rezult\u0101tam lietojiet kop\u0101 ar DeBa Natural Beauty kondicionieri.<\/p>\n<p><strong>Piesardz\u012bbas pas\u0101kumi: <\/strong>Ja iek\u013c\u016bst ac\u012bs, r\u016bp\u012bgi izskalojiet ar lielu daudzumu \u016bdens.<br \/>\n&nbsp;<\/p>\n","protected":false},"excerpt":{"rendered":"<p>Pie&scaron;\u0137ir kr\u0101sotiem matiem m\u012bkstumu, elast\u012bbu un dz\u012bves sp\u0113ku, saglab\u0101jot kr\u0101sas spilgtumu. Satur 91% dab\u012bgas izcelsmes sast\u0101vda\u013cu. Akt\u012bv\u0101s sast\u0101vda\u013cas: gran\u0101t\u0101bola ekstrakts &ndash; saglab\u0101 matu kr\u0101sas spilgtumu, arg\u0101ne\u013c\u013ca &ndash; baro matus. Lieto&scaron;ana: ar mas\u0101\u017eas kust\u012bb\u0101m uzkl\u0101jiet uz mitriem matiem, tad r\u016bp\u012bgi izskalojiet ar \u016bdeni. Optim\u0101lam rezult\u0101tam lietojiet kop\u0101 ar DeBa Natural Beauty kondicionieri. Piesardz\u012bbas pas\u0101kumi: Ja iek\u013c\u016bst [&#8230;]\n","protected":false},"featured_media":101194,"template":"","meta":[],"product_cat":[1999],"product_tag":[],"class_list":{"0":"post-29921","1":"product","2":"type-product","3":"status-publish","4":"has-post-thumbnail","6":"product_brand-rubella-bg","7":"product_cat-bez-kategorijas","9":"first","10":"instock","11":"taxable","12":"shipping-taxable","13":"product-type-simple"},"_links":{"self":[{"href":"https:\/\/e.kosmolat.eu\/lv\/wp-json\/wp\/v2\/product\/29921","targetHints":{"allow":["GET"]}}],"collection":[{"href":"https:\/\/e.kosmolat.eu\/lv\/wp-json\/wp\/v2\/product"}],"about":[{"href":"https:\/\/e.kosmolat.eu\/lv\/wp-json\/wp\/v2\/types\/product"}],"wp:featuredmedia":[{"embeddable":true,"href":"https:\/\/e.kosmolat.eu\/lv\/wp-json\/wp\/v2\/media\/101194"}],"wp:attachment":[{"href":"https:\/\/e.kosmolat.eu\/lv\/wp-json\/wp\/v2\/media?parent=29921"}],"wp:term":[{"taxonomy":"product_cat","embeddable":true,"href":"https:\/\/e.kosmolat.eu\/lv\/wp-json\/wp\/v2\/product_cat?post=29921"},{"taxonomy":"product_tag","embeddable":true,"href":"https:\/\/e.kosmolat.eu\/lv\/wp-json\/wp\/v2\/product_tag?post=29921"}],"curies":[{"name":"wp","href":"https:\/\/api.w.org\/{rel}","templated":true}]}}