{"id":29917,"date":"2023-12-19T19:55:19","date_gmt":"2023-12-19T19:55:19","guid":{"rendered":"https:\/\/e.kosmolat.eu\/product\/deba-nb-krems-mitrin-uzturesanai-ar-vinogu-ellu-un-e-vit-200-ml\/"},"modified":"2025-01-28T11:18:22","modified_gmt":"2025-01-28T11:18:22","slug":"deba-nb-krems-mitrin-uzturesanai-ar-vinogu-ellu-un-e-vit-200-ml","status":"publish","type":"product","link":"https:\/\/e.kosmolat.eu\/lv\/product\/deba-nb-krems-mitrin-uzturesanai-ar-vinogu-ellu-un-e-vit-200-ml\/","title":{"rendered":"DeBa NB Kr\u0113ms mitrin.uztur\u0113\u0161anai ar v\u012bnogu e\u013c\u013cu un E vit., 200 ml"},"content":{"rendered":"<p>Pal\u012bdz uztur\u0113t \u0101das aizsargfunkcijas, uzlabojot \u0101das st\u0101vokli. Mazina \u0101das noveco&scaron;an\u0101s paz\u012bmju par\u0101d\u012b&scaron;anos. \u0100tri uzs\u016bcas, bez taukainas tekst\u016bras. Piem\u0113rots visiem \u0101das tipiem.<\/p>\n<p><strong>Lieto&scaron;ana: <\/strong>ar viegl\u0101m mas\u0101\u017eas kust\u012bb\u0101m uzkl\u0101jiet kr\u0113mu uz v\u0113lam\u0101s zonas.<br \/>\n&nbsp;<\/p>\n","protected":false},"excerpt":{"rendered":"<p>Pal\u012bdz uztur\u0113t \u0101das aizsargfunkcijas, uzlabojot \u0101das st\u0101vokli. Mazina \u0101das noveco&scaron;an\u0101s paz\u012bmju par\u0101d\u012b&scaron;anos. \u0100tri uzs\u016bcas, bez taukainas tekst\u016bras. Piem\u0113rots visiem \u0101das tipiem. Lieto&scaron;ana: ar viegl\u0101m mas\u0101\u017eas kust\u012bb\u0101m uzkl\u0101jiet kr\u0113mu uz v\u0113lam\u0101s zonas. &nbsp;<\/p>\n","protected":false},"featured_media":26626,"template":"","meta":[],"product_cat":[1320],"product_tag":[],"class_list":{"0":"post-29917","1":"product","2":"type-product","3":"status-publish","4":"has-post-thumbnail","6":"product_brand-rubella-inopharm-dental-deba-mistergroomer-topten-quackquack","7":"product_cat-sejas-kremi","9":"first","10":"outofstock","11":"taxable","12":"shipping-taxable","13":"product-type-simple"},"_links":{"self":[{"href":"https:\/\/e.kosmolat.eu\/lv\/wp-json\/wp\/v2\/product\/29917","targetHints":{"allow":["GET"]}}],"collection":[{"href":"https:\/\/e.kosmolat.eu\/lv\/wp-json\/wp\/v2\/product"}],"about":[{"href":"https:\/\/e.kosmolat.eu\/lv\/wp-json\/wp\/v2\/types\/product"}],"wp:featuredmedia":[{"embeddable":true,"href":"https:\/\/e.kosmolat.eu\/lv\/wp-json\/wp\/v2\/media\/26626"}],"wp:attachment":[{"href":"https:\/\/e.kosmolat.eu\/lv\/wp-json\/wp\/v2\/media?parent=29917"}],"wp:term":[{"taxonomy":"product_cat","embeddable":true,"href":"https:\/\/e.kosmolat.eu\/lv\/wp-json\/wp\/v2\/product_cat?post=29917"},{"taxonomy":"product_tag","embeddable":true,"href":"https:\/\/e.kosmolat.eu\/lv\/wp-json\/wp\/v2\/product_tag?post=29917"}],"curies":[{"name":"wp","href":"https:\/\/api.w.org\/{rel}","templated":true}]}}