{"id":29901,"date":"2023-12-19T19:54:17","date_gmt":"2023-12-19T19:54:17","guid":{"rendered":"https:\/\/e.kosmolat.eu\/product\/deba-pure-clay-attirosas-maskas-3-veidi\/"},"modified":"2026-04-22T08:24:08","modified_gmt":"2026-04-22T08:24:08","slug":"deba-pure-clay-attirosas-maskas-3-veidi","status":"publish","type":"product","link":"https:\/\/e.kosmolat.eu\/lv\/product\/deba-pure-clay-attirosas-maskas-3-veidi\/","title":{"rendered":"DeBa Pure Clay Att\u012bro\u0161\u0101s maskas, 3 veidi"},"content":{"rendered":"<p>3 da\u017e\u0101das att\u012bro&scaron;\u0101s sejas maskas:<\/p>\n<p><strong>1. Dzi\u013ci att\u012bro&scaron;a maska ar aktiv\u0113to ogli, kaol\u012bnu un vitam\u012bnu E.<\/strong> Viegli no\u0146em net\u012brumus. Aktiv\u0113t\u0101 ogle att\u012bra poras, E vitam\u012bns baro un uzlabo \u0101das elast\u012bbu. Piem\u0113rots visiem \u0101das tipiem.<br \/>\n<strong>2. Att\u012bro&scaron;a maska ar m\u0101lu un eikalipta e\u013c\u013cu. <\/strong>L\u012bdzek\u013ca formula nodro&scaron;ina dzi\u013cu \u0101das att\u012br\u012b&scaron;anu un mitrin\u0101&scaron;anu, nep\u0101rsausinot to. Baltais m\u0101ls ir dabisks absorbents, kas efekt\u012bvi no\u0146em net\u012brumus un lieko sebumu. E vitam\u012bns baro un uzlabo \u0101das elast\u012bbu. Piem\u0113rots norm\u0101lai un kombin\u0113tai \u0101dai.<br \/>\n<strong>3. Att\u012bro&scaron;a maska ar m\u0101lu un aktiv\u0113to ogli. <\/strong>Formula, kas bag\u0101tin\u0101ta ar dab\u012bg\u0101m sast\u0101vda\u013c\u0101m, maigi nolob\u012bta \u0101das &scaron;\u016bnas un padar\u012bta \u0101das toni gai&scaron;\u0101ku. M\u0101ls att\u012bra, baro un atsvaidzina \u0101du. Aktiv\u0113t\u0101 ogle absorb\u0113 lieko sebumu. E vitam\u012bns uzlabo \u0101das elast\u012bbu. Piem\u0113rots norm\u0101lai un taukainai \u0101dai.<\/p>\n<p><strong>Lieto&scaron;ana: <\/strong>uzkl\u0101jiet uz t\u012bras \u0101das, atst\u0101jiet uz 10-15 min\u016bt\u0113m, l\u012bdz maska iz\u017e\u016bst, p\u0113c tam noskalojiet \u0101du ar siltu \u016bdeni. Izvairieties no acu un l\u016bpu zonas. Lietojiet 2-3 reizes ned\u0113\u013c\u0101.<br \/>\n&nbsp;<\/p>\n","protected":false},"excerpt":{"rendered":"<p>3 da\u017e\u0101das att\u012bro&scaron;\u0101s sejas maskas: 1. Dzi\u013ci att\u012bro&scaron;a maska ar aktiv\u0113to ogli, kaol\u012bnu un vitam\u012bnu E. Viegli no\u0146em net\u012brumus. Aktiv\u0113t\u0101 ogle att\u012bra poras, E vitam\u012bns baro un uzlabo \u0101das elast\u012bbu. Piem\u0113rots visiem \u0101das tipiem. 2. Att\u012bro&scaron;a maska ar m\u0101lu un eikalipta e\u013c\u013cu. L\u012bdzek\u013ca formula nodro&scaron;ina dzi\u013cu \u0101das att\u012br\u012b&scaron;anu un mitrin\u0101&scaron;anu, nep\u0101rsausinot to. Baltais m\u0101ls ir [&#8230;]\n","protected":false},"featured_media":98864,"template":"","meta":[],"product_cat":[1999],"product_tag":[],"class_list":{"0":"post-29901","1":"product","2":"type-product","3":"status-publish","4":"has-post-thumbnail","6":"product_brand-rubella-bg","7":"product_cat-bez-kategorijas","9":"first","10":"instock","11":"taxable","12":"shipping-taxable","13":"product-type-simple"},"_links":{"self":[{"href":"https:\/\/e.kosmolat.eu\/lv\/wp-json\/wp\/v2\/product\/29901","targetHints":{"allow":["GET"]}}],"collection":[{"href":"https:\/\/e.kosmolat.eu\/lv\/wp-json\/wp\/v2\/product"}],"about":[{"href":"https:\/\/e.kosmolat.eu\/lv\/wp-json\/wp\/v2\/types\/product"}],"wp:featuredmedia":[{"embeddable":true,"href":"https:\/\/e.kosmolat.eu\/lv\/wp-json\/wp\/v2\/media\/98864"}],"wp:attachment":[{"href":"https:\/\/e.kosmolat.eu\/lv\/wp-json\/wp\/v2\/media?parent=29901"}],"wp:term":[{"taxonomy":"product_cat","embeddable":true,"href":"https:\/\/e.kosmolat.eu\/lv\/wp-json\/wp\/v2\/product_cat?post=29901"},{"taxonomy":"product_tag","embeddable":true,"href":"https:\/\/e.kosmolat.eu\/lv\/wp-json\/wp\/v2\/product_tag?post=29901"}],"curies":[{"name":"wp","href":"https:\/\/api.w.org\/{rel}","templated":true}]}}