{"id":29893,"date":"2023-12-19T19:53:52","date_gmt":"2023-12-19T19:53:52","guid":{"rendered":"https:\/\/e.kosmolat.eu\/product\/deba-vitamin-c-serums-adai-ap-acim-15-ml\/"},"modified":"2026-04-23T07:16:08","modified_gmt":"2026-04-23T07:16:08","slug":"deba-vitamin-c-serums-adai-ap-acim-15-ml","status":"publish","type":"product","link":"https:\/\/e.kosmolat.eu\/lv\/product\/deba-vitamin-c-serums-adai-ap-acim-15-ml\/","title":{"rendered":"DeBa Vitamin C Serums \u0101dai ap ac\u012bm, 15 ml"},"content":{"rendered":"<p>Efekt\u012bvi mazina noguruma paz\u012bmes, tum&scaron;os lokus un maisi\u0146us zem ac\u012bm. Piem\u0113rots ikdienas lieto&scaron;anai visiem \u0101das tipiem.&nbsp;<\/p>\n<p>Akt\u012bv\u0101s sast\u0101vda\u013cas:<\/p>\n<ul>\n<li>C vitam\u012bns &ndash; sp\u0113c\u012bgs antioksidants, izl\u012bdzina toni un padara \u0101du gai&scaron;\u0101ku;<\/li>\n<li>Hialuronsk\u0101be &ndash; pal\u012bdz uztur\u0113t optim\u0101lu mitruma l\u012bmeni \u0101d\u0101;<\/li>\n<li>Efejas ekstrakts &ndash; izgaismo acu kont\u016bru;<\/li>\n<li>Pleurimincyl&nbsp;&ndash; savelk un izl\u012bdzina \u0101du.<\/li>\n<\/ul>\n<p><strong>Lieto&scaron;ana: <\/strong>ar aplikatora pal\u012bdz\u012bbu uzkl\u0101jiet serumu acs kont\u016bras zon\u0101 un uzman\u012bgi izkl\u0101jiet to virzien\u0101 no acs \u0101r\u0113j\u0101 uz iek&scaron;\u0113jo kakti\u0146u. Met\u0101la aplikatoram ir pat\u012bkams atv\u0113sino&scaron;s efekts un tas atvieglo l\u012bdzek\u013ca uzkl\u0101&scaron;anu. Izvairieties no saskares aracs g\u013cot\u0101du.<br \/>\n&nbsp;<\/p>\n","protected":false},"excerpt":{"rendered":"<p>Efekt\u012bvi mazina noguruma paz\u012bmes, tum&scaron;os lokus un maisi\u0146us zem ac\u012bm. Piem\u0113rots ikdienas lieto&scaron;anai visiem \u0101das tipiem.&nbsp; Akt\u012bv\u0101s sast\u0101vda\u013cas: C vitam\u012bns &ndash; sp\u0113c\u012bgs antioksidants, izl\u012bdzina toni un padara \u0101du gai&scaron;\u0101ku; Hialuronsk\u0101be &ndash; pal\u012bdz uztur\u0113t optim\u0101lu mitruma l\u012bmeni \u0101d\u0101; Efejas ekstrakts &ndash; izgaismo acu kont\u016bru; Pleurimincyl&nbsp;&ndash; savelk un izl\u012bdzina \u0101du. Lieto&scaron;ana: ar aplikatora pal\u012bdz\u012bbu uzkl\u0101jiet serumu acs [&#8230;]\n","protected":false},"featured_media":102222,"template":"","meta":[],"product_cat":[1325],"product_tag":[],"class_list":{"0":"post-29893","1":"product","2":"type-product","3":"status-publish","4":"has-post-thumbnail","6":"product_brand-rubella-bg","7":"product_cat-serumi","9":"first","10":"instock","11":"taxable","12":"shipping-taxable","13":"product-type-simple"},"_links":{"self":[{"href":"https:\/\/e.kosmolat.eu\/lv\/wp-json\/wp\/v2\/product\/29893","targetHints":{"allow":["GET"]}}],"collection":[{"href":"https:\/\/e.kosmolat.eu\/lv\/wp-json\/wp\/v2\/product"}],"about":[{"href":"https:\/\/e.kosmolat.eu\/lv\/wp-json\/wp\/v2\/types\/product"}],"wp:featuredmedia":[{"embeddable":true,"href":"https:\/\/e.kosmolat.eu\/lv\/wp-json\/wp\/v2\/media\/102222"}],"wp:attachment":[{"href":"https:\/\/e.kosmolat.eu\/lv\/wp-json\/wp\/v2\/media?parent=29893"}],"wp:term":[{"taxonomy":"product_cat","embeddable":true,"href":"https:\/\/e.kosmolat.eu\/lv\/wp-json\/wp\/v2\/product_cat?post=29893"},{"taxonomy":"product_tag","embeddable":true,"href":"https:\/\/e.kosmolat.eu\/lv\/wp-json\/wp\/v2\/product_tag?post=29893"}],"curies":[{"name":"wp","href":"https:\/\/api.w.org\/{rel}","templated":true}]}}