{"id":29889,"date":"2023-12-19T19:53:31","date_gmt":"2023-12-19T19:53:31","guid":{"rendered":"https:\/\/e.kosmolat.eu\/product\/dental-antiparodontit-sensitive-zobu-pasta-jut-smag-100-ml\/"},"modified":"2026-04-23T07:37:01","modified_gmt":"2026-04-23T07:37:01","slug":"dental-antiparodontit-sensitive-zobu-pasta-jut-smag-100-ml","status":"publish","type":"product","link":"https:\/\/e.kosmolat.eu\/lv\/product\/dental-antiparodontit-sensitive-zobu-pasta-jut-smag-100-ml\/","title":{"rendered":"Dental Antiparodontit Sensitive Zobu pasta jut.smag., 100 ml"},"content":{"rendered":"<p>Zobu pastas formula iek\u013cauj r\u016bp\u012bgi atlas\u012btus 7 \u0101rstniec\u012bbas augu ekstraktus un akt\u012bv\u0101s sast\u0101vda\u013cas, kas pal\u012bdz profilaktiski mazin\u0101t periodonta probl\u0113mas (gingiv\u012btu, parodont\u012btu). Sumaka ekstrakts mazina iekaisu&scaron;o smaganu jut\u012bgumu, mazina asi\u0146o&scaron;anu un stiprina t\u0101s.<\/p>\n<p><strong>Lieto&scaron;ana: <\/strong>Lai nodro&scaron;in\u0101tu zobu un smaganu vesel\u012bbu, t\u012briet zobus 2-3 min\u016btes vismaz divas reizes dien\u0101.<\/p>\n<p><strong>Br\u012bdin\u0101jums: <\/strong>satur n\u0101trija fluor\u012bdu 0,100 %, kas apr\u0113\u0137in\u0101ti k\u0101 F.<\/p>\n<p>Tikai pieaugu&scaron;ajiem.<\/p>\n","protected":false},"excerpt":{"rendered":"<p>Zobu pastas formula iek\u013cauj r\u016bp\u012bgi atlas\u012btus 7 \u0101rstniec\u012bbas augu ekstraktus un akt\u012bv\u0101s sast\u0101vda\u013cas, kas pal\u012bdz profilaktiski mazin\u0101t periodonta probl\u0113mas (gingiv\u012btu, parodont\u012btu). Sumaka ekstrakts mazina iekaisu&scaron;o smaganu jut\u012bgumu, mazina asi\u0146o&scaron;anu un stiprina t\u0101s. Lieto&scaron;ana: Lai nodro&scaron;in\u0101tu zobu un smaganu vesel\u012bbu, t\u012briet zobus 2-3 min\u016btes vismaz divas reizes dien\u0101. Br\u012bdin\u0101jums: satur n\u0101trija fluor\u012bdu 0,100 %, kas apr\u0113\u0137in\u0101ti [&#8230;]\n","protected":false},"featured_media":99791,"template":"","meta":[],"product_cat":[2181],"product_tag":[],"class_list":{"0":"post-29889","1":"product","2":"type-product","3":"status-publish","4":"has-post-thumbnail","6":"product_brand-rubella-bg","7":"product_cat-bez-kategorijas-lt","9":"first","10":"instock","11":"taxable","12":"shipping-taxable","13":"product-type-simple"},"_links":{"self":[{"href":"https:\/\/e.kosmolat.eu\/lv\/wp-json\/wp\/v2\/product\/29889","targetHints":{"allow":["GET"]}}],"collection":[{"href":"https:\/\/e.kosmolat.eu\/lv\/wp-json\/wp\/v2\/product"}],"about":[{"href":"https:\/\/e.kosmolat.eu\/lv\/wp-json\/wp\/v2\/types\/product"}],"wp:featuredmedia":[{"embeddable":true,"href":"https:\/\/e.kosmolat.eu\/lv\/wp-json\/wp\/v2\/media\/99791"}],"wp:attachment":[{"href":"https:\/\/e.kosmolat.eu\/lv\/wp-json\/wp\/v2\/media?parent=29889"}],"wp:term":[{"taxonomy":"product_cat","embeddable":true,"href":"https:\/\/e.kosmolat.eu\/lv\/wp-json\/wp\/v2\/product_cat?post=29889"},{"taxonomy":"product_tag","embeddable":true,"href":"https:\/\/e.kosmolat.eu\/lv\/wp-json\/wp\/v2\/product_tag?post=29889"}],"curies":[{"name":"wp","href":"https:\/\/api.w.org\/{rel}","templated":true}]}}