{"id":29885,"date":"2023-12-19T19:53:13","date_gmt":"2023-12-19T19:53:13","guid":{"rendered":"https:\/\/e.kosmolat.eu\/product\/dental-antiparodontit-active-zobu-pasta-jut-smag-100-ml\/"},"modified":"2026-04-22T08:23:38","modified_gmt":"2026-04-22T08:23:38","slug":"dental-antiparodontit-active-zobu-pasta-jut-smag-100-ml","status":"publish","type":"product","link":"https:\/\/e.kosmolat.eu\/lv\/product\/dental-antiparodontit-active-zobu-pasta-jut-smag-100-ml\/","title":{"rendered":"Dental Antiparodontit Active Zobu pasta jut.smag.,100 ml"},"content":{"rendered":"<p>Profilaktiska zobu pasta ar stiprino&scaron;u un nomierino&scaron;u efektu. Kav\u0113 patog\u0113no mikroorganismu att\u012bst\u012bbu mutes dobum\u0101 un nov\u0113r&scaron; smaganu aps\u0101rtumu, piet\u016bkumu un asi\u0146o&scaron;anu gingiv\u012bta gad\u012bjum\u0101. Regul\u0101ra zobu pastas lieto&scaron;ana profilaktiski mazina gingiv\u012bta un parodont\u012bta att\u012bst\u012bbu mutes dobum\u0101.<\/p>\n<p><strong>Lieto&scaron;ana:<\/strong> Lai nodro&scaron;in\u0101tu zobu un smaganu vesel\u012bbu, t\u012briet zobus 2-3 min\u016btes vismaz divas reizes dien\u0101.<\/p>\n<p><strong>Br\u012bdin\u0101jums:<\/strong> satur n\u0101trija fluor\u012bdu 0,100 %, kas apr\u0113\u0137in\u0101ti k\u0101 F.<\/p>\n<p>Tikai pieaugu&scaron;ajiem.<\/p>\n","protected":false},"excerpt":{"rendered":"<p>Profilaktiska zobu pasta ar stiprino&scaron;u un nomierino&scaron;u efektu. Kav\u0113 patog\u0113no mikroorganismu att\u012bst\u012bbu mutes dobum\u0101 un nov\u0113r&scaron; smaganu aps\u0101rtumu, piet\u016bkumu un asi\u0146o&scaron;anu gingiv\u012bta gad\u012bjum\u0101. Regul\u0101ra zobu pastas lieto&scaron;ana profilaktiski mazina gingiv\u012bta un parodont\u012bta att\u012bst\u012bbu mutes dobum\u0101. Lieto&scaron;ana: Lai nodro&scaron;in\u0101tu zobu un smaganu vesel\u012bbu, t\u012briet zobus 2-3 min\u016btes vismaz divas reizes dien\u0101. Br\u012bdin\u0101jums: satur n\u0101trija fluor\u012bdu 0,100 [&#8230;]\n","protected":false},"featured_media":98960,"template":"","meta":[],"product_cat":[1999],"product_tag":[],"class_list":{"0":"post-29885","1":"product","2":"type-product","3":"status-publish","4":"has-post-thumbnail","6":"product_brand-rubella-bg","7":"product_cat-bez-kategorijas","9":"first","10":"instock","11":"taxable","12":"shipping-taxable","13":"product-type-simple"},"_links":{"self":[{"href":"https:\/\/e.kosmolat.eu\/lv\/wp-json\/wp\/v2\/product\/29885","targetHints":{"allow":["GET"]}}],"collection":[{"href":"https:\/\/e.kosmolat.eu\/lv\/wp-json\/wp\/v2\/product"}],"about":[{"href":"https:\/\/e.kosmolat.eu\/lv\/wp-json\/wp\/v2\/types\/product"}],"wp:featuredmedia":[{"embeddable":true,"href":"https:\/\/e.kosmolat.eu\/lv\/wp-json\/wp\/v2\/media\/98960"}],"wp:attachment":[{"href":"https:\/\/e.kosmolat.eu\/lv\/wp-json\/wp\/v2\/media?parent=29885"}],"wp:term":[{"taxonomy":"product_cat","embeddable":true,"href":"https:\/\/e.kosmolat.eu\/lv\/wp-json\/wp\/v2\/product_cat?post=29885"},{"taxonomy":"product_tag","embeddable":true,"href":"https:\/\/e.kosmolat.eu\/lv\/wp-json\/wp\/v2\/product_tag?post=29885"}],"curies":[{"name":"wp","href":"https:\/\/api.w.org\/{rel}","templated":true}]}}