{"id":29877,"date":"2023-12-19T19:52:31","date_gmt":"2023-12-19T19:52:31","guid":{"rendered":"https:\/\/e.kosmolat.eu\/product\/dental-dream-sc-zobu-pasta-repair-protect-75-ml\/"},"modified":"2026-04-22T09:08:54","modified_gmt":"2026-04-22T09:08:54","slug":"dental-dream-sc-zobu-pasta-repair-protect-75-ml","status":"publish","type":"product","link":"https:\/\/e.kosmolat.eu\/lv\/product\/dental-dream-sc-zobu-pasta-repair-protect-75-ml\/","title":{"rendered":"Dental Dream SC Zobu pasta Repair &#038; Protect, 75 ml"},"content":{"rendered":"<p>Zobu pastas sast\u0101vda\u013cu kombin\u0101cija nodro&scaron;ina dabisku aizsardz\u012bbu un nov\u0113r&scaron; zobu un smaganu slim\u012bbas. Spirul\u012bnas ekstrakts uztur mutes dobuma g\u013cot\u0101das vesel\u012bbu, j\u016bras s\u0101\u013ci uzlabo smaganu un zobu visp\u0101r\u0113jo st\u0101vokli, cinka citr\u0101ts nov\u0113r&scaron; nev\u0113lamo mikroorganismu att\u012bst\u012bbu mutes dobum\u0101.&nbsp;<\/p>\n<p><strong>Lieto&scaron;ana: <\/strong>uzkl\u0101jiet nelielu pastas daudzumu uz samitrin\u0101tas birstes, r\u016bp\u012bgi izt\u012briet zobus, izskalojiet muti ar \u016bdeni. Lietojiet vismaz 2 reizes dien\u0101.&nbsp;<\/p>\n<p><strong>Piesardz\u012bbas pas\u0101kumi:<\/strong> Nenor\u012bt! Tikai pieaugu&scaron;ajiem. Satur n\u0101trija fluor\u012bdu. Fluor\u012bda masas da\u013ca 0,145 % F- (1450 ppm).&nbsp;<\/p>\n<p>Uzglab\u0101t b\u0113rniem nepieejam\u0101 viet\u0101, saus\u0101 telp\u0101, temperat\u016br\u0101 no 0 &deg;C l\u012bdz +30 &deg;C, sarg\u0101jot no tie&scaron;iem saules stariem, vismaz 1 m att\u0101lum\u0101 no apkures ier\u012bc\u0113m.<br \/>\n&nbsp;<\/p>\n","protected":false},"excerpt":{"rendered":"<p>Zobu pastas sast\u0101vda\u013cu kombin\u0101cija nodro&scaron;ina dabisku aizsardz\u012bbu un nov\u0113r&scaron; zobu un smaganu slim\u012bbas. Spirul\u012bnas ekstrakts uztur mutes dobuma g\u013cot\u0101das vesel\u012bbu, j\u016bras s\u0101\u013ci uzlabo smaganu un zobu visp\u0101r\u0113jo st\u0101vokli, cinka citr\u0101ts nov\u0113r&scaron; nev\u0113lamo mikroorganismu att\u012bst\u012bbu mutes dobum\u0101.&nbsp; Lieto&scaron;ana: uzkl\u0101jiet nelielu pastas daudzumu uz samitrin\u0101tas birstes, r\u016bp\u012bgi izt\u012briet zobus, izskalojiet muti ar \u016bdeni. Lietojiet vismaz 2 reizes [&#8230;]\n","protected":false},"featured_media":101190,"template":"","meta":[],"product_cat":[1999],"product_tag":[],"class_list":{"0":"post-29877","1":"product","2":"type-product","3":"status-publish","4":"has-post-thumbnail","6":"product_brand-rubella-bg","7":"product_cat-bez-kategorijas","9":"first","10":"instock","11":"taxable","12":"shipping-taxable","13":"product-type-simple"},"_links":{"self":[{"href":"https:\/\/e.kosmolat.eu\/lv\/wp-json\/wp\/v2\/product\/29877","targetHints":{"allow":["GET"]}}],"collection":[{"href":"https:\/\/e.kosmolat.eu\/lv\/wp-json\/wp\/v2\/product"}],"about":[{"href":"https:\/\/e.kosmolat.eu\/lv\/wp-json\/wp\/v2\/types\/product"}],"wp:featuredmedia":[{"embeddable":true,"href":"https:\/\/e.kosmolat.eu\/lv\/wp-json\/wp\/v2\/media\/101190"}],"wp:attachment":[{"href":"https:\/\/e.kosmolat.eu\/lv\/wp-json\/wp\/v2\/media?parent=29877"}],"wp:term":[{"taxonomy":"product_cat","embeddable":true,"href":"https:\/\/e.kosmolat.eu\/lv\/wp-json\/wp\/v2\/product_cat?post=29877"},{"taxonomy":"product_tag","embeddable":true,"href":"https:\/\/e.kosmolat.eu\/lv\/wp-json\/wp\/v2\/product_tag?post=29877"}],"curies":[{"name":"wp","href":"https:\/\/api.w.org\/{rel}","templated":true}]}}