{"id":29873,"date":"2023-12-19T19:52:09","date_gmt":"2023-12-19T19:52:09","guid":{"rendered":"https:\/\/e.kosmolat.eu\/product\/dental-dream-sc-zobu-pasta-ar-aktivo-skab-whitening-care-75-ml\/"},"modified":"2026-04-22T09:08:37","modified_gmt":"2026-04-22T09:08:37","slug":"dental-dream-sc-zobu-pasta-ar-aktivo-skab-whitening-care-75-ml","status":"publish","type":"product","link":"https:\/\/e.kosmolat.eu\/lv\/product\/dental-dream-sc-zobu-pasta-ar-aktivo-skab-whitening-care-75-ml\/","title":{"rendered":"Dental Dream SC Zobu pasta ar akt\u012bvo sk\u0101b. Whitening Care, 75 ml"},"content":{"rendered":"<p>Zobu pasta izstr\u0101d\u0101ta p\u0113c micel\u0101r\u0101s formulas, kas bag\u0101tin\u0101ta ar akt\u012bvo sk\u0101bekli. Nodro&scaron;ina efekt\u012bvu t\u012br\u012b&scaron;anu, nov\u0113r&scaron;ot aplikuma veido&scaron;anos un sliktu elpu. Bag\u0101t\u012bg\u0101s putas, kas veidojas zobu t\u012br\u012b&scaron;anas laik\u0101, viegli tiek gr\u016bti sasniedzam\u0101s mutes dobuma viet\u0101s un nodro&scaron;ina to piln\u012bgu att\u012br\u012b&scaron;anu. Akt\u012bvais sk\u0101beklis aizsarg\u0101 pret bakt\u0113rij\u0101m un dabiski no\u0146em traipus no zobu emaljas. Fluoru saturo&scaron;\u0101 formula veicina emaljas remineraliz\u0101ciju un nodro&scaron;ina kariesa profilaksi.<\/p>\n<p><strong>Lieto&scaron;ana: <\/strong>zobu vesel\u012bbai zobu pastu ieteicams lietot vismaz divreiz dien\u0101 un t\u012br\u012bt zobus 2-3 min\u016btes.<\/p>\n<p><strong>Piesardz\u012bbas pas\u0101kumi: <\/strong>Nenor\u012bt! Tikai pieaugu&scaron;ajiem. Satur n\u0101trija fluor\u012bdu. Fluor\u012bda masas da\u013ca 0,100 F- (1000 ppm).&nbsp;<\/p>\n<p>Uzglab\u0101t b\u0113rniem nepieejam\u0101 viet\u0101, saus\u0101 telp\u0101, temperat\u016br\u0101 no 0 &deg;C l\u012bdz +30 &deg;C, sarg\u0101jot no tie&scaron;iem saules stariem, vismaz 1 m att\u0101lum\u0101 no apkures ier\u012bc\u0113m.<br \/>\n&nbsp;<\/p>\n","protected":false},"excerpt":{"rendered":"<p>Zobu pasta izstr\u0101d\u0101ta p\u0113c micel\u0101r\u0101s formulas, kas bag\u0101tin\u0101ta ar akt\u012bvo sk\u0101bekli. Nodro&scaron;ina efekt\u012bvu t\u012br\u012b&scaron;anu, nov\u0113r&scaron;ot aplikuma veido&scaron;anos un sliktu elpu. Bag\u0101t\u012bg\u0101s putas, kas veidojas zobu t\u012br\u012b&scaron;anas laik\u0101, viegli tiek gr\u016bti sasniedzam\u0101s mutes dobuma viet\u0101s un nodro&scaron;ina to piln\u012bgu att\u012br\u012b&scaron;anu. Akt\u012bvais sk\u0101beklis aizsarg\u0101 pret bakt\u0113rij\u0101m un dabiski no\u0146em traipus no zobu emaljas. Fluoru saturo&scaron;\u0101 formula veicina [&#8230;]\n","protected":false},"featured_media":102479,"template":"","meta":[],"product_cat":[2181],"product_tag":[],"class_list":{"0":"post-29873","1":"product","2":"type-product","3":"status-publish","4":"has-post-thumbnail","6":"product_brand-rubella-bg","7":"product_cat-bez-kategorijas-lt","9":"first","10":"instock","11":"taxable","12":"shipping-taxable","13":"product-type-simple"},"_links":{"self":[{"href":"https:\/\/e.kosmolat.eu\/lv\/wp-json\/wp\/v2\/product\/29873","targetHints":{"allow":["GET"]}}],"collection":[{"href":"https:\/\/e.kosmolat.eu\/lv\/wp-json\/wp\/v2\/product"}],"about":[{"href":"https:\/\/e.kosmolat.eu\/lv\/wp-json\/wp\/v2\/types\/product"}],"wp:featuredmedia":[{"embeddable":true,"href":"https:\/\/e.kosmolat.eu\/lv\/wp-json\/wp\/v2\/media\/102479"}],"wp:attachment":[{"href":"https:\/\/e.kosmolat.eu\/lv\/wp-json\/wp\/v2\/media?parent=29873"}],"wp:term":[{"taxonomy":"product_cat","embeddable":true,"href":"https:\/\/e.kosmolat.eu\/lv\/wp-json\/wp\/v2\/product_cat?post=29873"},{"taxonomy":"product_tag","embeddable":true,"href":"https:\/\/e.kosmolat.eu\/lv\/wp-json\/wp\/v2\/product_tag?post=29873"}],"curies":[{"name":"wp","href":"https:\/\/api.w.org\/{rel}","templated":true}]}}