{"id":29869,"date":"2023-12-19T19:51:47","date_gmt":"2023-12-19T19:51:47","guid":{"rendered":"https:\/\/e.kosmolat.eu\/product\/dental-dream-sc-zobu-pasta-sensitive-care-75-ml\/"},"modified":"2026-04-22T13:56:18","modified_gmt":"2026-04-22T13:56:18","slug":"dental-dream-sc-zobu-pasta-sensitive-care-75-ml","status":"publish","type":"product","link":"https:\/\/e.kosmolat.eu\/lv\/product\/dental-dream-sc-zobu-pasta-sensitive-care-75-ml\/","title":{"rendered":"Dental Dream SC Zobu pasta Sensitive Care, 75 ml"},"content":{"rendered":"<p>Regul\u0101ra zobu pastas lieto&scaron;ana pal\u012bdz samazin\u0101t zobu jut\u012bgumu \u0113&scaron;anas un dzer&scaron;anas laik\u0101 un nodro&scaron;ina \u012bpa&scaron;u mutes dobuma kop&scaron;anu. Piparm\u0113tru arom\u0101ts sniedz t\u012br\u012bbas un svaiguma saj\u016btu.<\/p>\n<p><strong>Lieto&scaron;ana: <\/strong>uzkl\u0101jiet nelielu pastas daudzumu uz samitrin\u0101tas birstes, r\u016bp\u012bgi izt\u012briet zobus, izskalojiet muti ar \u016bdeni. Lietojiet vismaz 2 reizes dien\u0101.<\/p>\n<p><strong>Piesardz\u012bbas pas\u0101kumi: <\/strong>Nenor\u012bt! Tikai pieaugu&scaron;ajiem.&nbsp;Satur n\u0101trija fluor\u012bdu. Fluor\u012bda masas da\u013ca 0,100 F- (1000 ppm).<\/p>\n<p>Uzglab\u0101t b\u0113rniem nepieejam\u0101 viet\u0101, saus\u0101 telp\u0101, temperat\u016br\u0101 no 0 &deg;C l\u012bdz +30 &deg;C, sarg\u0101jot no tie&scaron;iem saules stariem, vismaz 1 m att\u0101lum\u0101 no apkures ier\u012bc\u0113m.<br \/>\n&nbsp;<\/p>\n","protected":false},"excerpt":{"rendered":"<p>Regul\u0101ra zobu pastas lieto&scaron;ana pal\u012bdz samazin\u0101t zobu jut\u012bgumu \u0113&scaron;anas un dzer&scaron;anas laik\u0101 un nodro&scaron;ina \u012bpa&scaron;u mutes dobuma kop&scaron;anu. Piparm\u0113tru arom\u0101ts sniedz t\u012br\u012bbas un svaiguma saj\u016btu. Lieto&scaron;ana: uzkl\u0101jiet nelielu pastas daudzumu uz samitrin\u0101tas birstes, r\u016bp\u012bgi izt\u012briet zobus, izskalojiet muti ar \u016bdeni. Lietojiet vismaz 2 reizes dien\u0101. Piesardz\u012bbas pas\u0101kumi: Nenor\u012bt! Tikai pieaugu&scaron;ajiem.&nbsp;Satur n\u0101trija fluor\u012bdu. Fluor\u012bda masas da\u013ca [&#8230;]\n","protected":false},"featured_media":101566,"template":"","meta":[],"product_cat":[1999],"product_tag":[],"class_list":{"0":"post-29869","1":"product","2":"type-product","3":"status-publish","4":"has-post-thumbnail","6":"product_brand-rubella-bg","7":"product_cat-bez-kategorijas","9":"first","10":"instock","11":"taxable","12":"shipping-taxable","13":"product-type-simple"},"_links":{"self":[{"href":"https:\/\/e.kosmolat.eu\/lv\/wp-json\/wp\/v2\/product\/29869","targetHints":{"allow":["GET"]}}],"collection":[{"href":"https:\/\/e.kosmolat.eu\/lv\/wp-json\/wp\/v2\/product"}],"about":[{"href":"https:\/\/e.kosmolat.eu\/lv\/wp-json\/wp\/v2\/types\/product"}],"wp:featuredmedia":[{"embeddable":true,"href":"https:\/\/e.kosmolat.eu\/lv\/wp-json\/wp\/v2\/media\/101566"}],"wp:attachment":[{"href":"https:\/\/e.kosmolat.eu\/lv\/wp-json\/wp\/v2\/media?parent=29869"}],"wp:term":[{"taxonomy":"product_cat","embeddable":true,"href":"https:\/\/e.kosmolat.eu\/lv\/wp-json\/wp\/v2\/product_cat?post=29869"},{"taxonomy":"product_tag","embeddable":true,"href":"https:\/\/e.kosmolat.eu\/lv\/wp-json\/wp\/v2\/product_tag?post=29869"}],"curies":[{"name":"wp","href":"https:\/\/api.w.org\/{rel}","templated":true}]}}