{"id":29865,"date":"2023-12-19T19:51:23","date_gmt":"2023-12-19T19:51:23","guid":{"rendered":"https:\/\/e.kosmolat.eu\/product\/dental-dream-sc-zobu-pasta-anti-parodontit-75-ml\/"},"modified":"2026-04-20T09:26:42","modified_gmt":"2026-04-20T09:26:42","slug":"dental-dream-sc-zobu-pasta-anti-parodontit-75-ml","status":"publish","type":"product","link":"https:\/\/e.kosmolat.eu\/lv\/product\/dental-dream-sc-zobu-pasta-anti-parodontit-75-ml\/","title":{"rendered":"Dental Dream SC Zobu pasta Anti-Parodontit, 75 ml"},"content":{"rendered":"<p>Zobu pastai, pateicoties t\u0101s sast\u0101v\u0101 eso&scaron;ajam hlorheksid\u012bnam un alum\u012bnija hidroks\u012bdam, piem\u012bt savelko&scaron;a un nomierino&scaron;a iedarb\u012bba, t\u0101 att\u012bra aplikumu un pal\u0113nina aplikuma veido&scaron;anos.<\/p>\n<p><strong>Lieto&scaron;ana:<\/strong> uzkl\u0101jiet nelielu pastas daudzumu uz samitrin\u0101tas birstes, r\u016bp\u012bgi izt\u012briet zobus, izskalojiet muti ar \u016bdeni. Lietojiet vismaz 2 reizes dien\u0101.<\/p>\n<p><strong>Piesardz\u012bbas pas\u0101kumi:<\/strong> Nenor\u012bt! Tikai pieaugu&scaron;ajiem.&nbsp;Satur n\u0101trija fluor\u012bdu. Fluor\u012bda masas da\u013ca 0,100 F- (1000 ppm).<\/p>\n<p>Uzglab\u0101t b\u0113rniem nepieejam\u0101 viet\u0101, saus\u0101 telp\u0101, temperat\u016br\u0101 no 0 &deg;C l\u012bdz +30 &deg;C, sarg\u0101jot no tie&scaron;iem saules stariem,&nbsp;vismaz 1 m att\u0101lum\u0101 no apkures ier\u012bc\u0113m.<\/p>\n","protected":false},"excerpt":{"rendered":"<p>Zobu pastai, pateicoties t\u0101s sast\u0101v\u0101 eso&scaron;ajam hlorheksid\u012bnam un alum\u012bnija hidroks\u012bdam, piem\u012bt savelko&scaron;a un nomierino&scaron;a iedarb\u012bba, t\u0101 att\u012bra aplikumu un pal\u0113nina aplikuma veido&scaron;anos. Lieto&scaron;ana: uzkl\u0101jiet nelielu pastas daudzumu uz samitrin\u0101tas birstes, r\u016bp\u012bgi izt\u012briet zobus, izskalojiet muti ar \u016bdeni. Lietojiet vismaz 2 reizes dien\u0101. Piesardz\u012bbas pas\u0101kumi: Nenor\u012bt! Tikai pieaugu&scaron;ajiem.&nbsp;Satur n\u0101trija fluor\u012bdu. Fluor\u012bda masas da\u013ca 0,100 F- (1000 [&#8230;]\n","protected":false},"featured_media":26574,"template":"","meta":[],"product_cat":[1306],"product_tag":[],"class_list":{"0":"post-29865","1":"product","2":"type-product","3":"status-publish","4":"has-post-thumbnail","6":"product_brand-rubella-bg","7":"product_cat-zobu-pastas-un-zelejas","9":"first","10":"outofstock","11":"taxable","12":"shipping-taxable","13":"product-type-simple"},"_links":{"self":[{"href":"https:\/\/e.kosmolat.eu\/lv\/wp-json\/wp\/v2\/product\/29865","targetHints":{"allow":["GET"]}}],"collection":[{"href":"https:\/\/e.kosmolat.eu\/lv\/wp-json\/wp\/v2\/product"}],"about":[{"href":"https:\/\/e.kosmolat.eu\/lv\/wp-json\/wp\/v2\/types\/product"}],"wp:featuredmedia":[{"embeddable":true,"href":"https:\/\/e.kosmolat.eu\/lv\/wp-json\/wp\/v2\/media\/26574"}],"wp:attachment":[{"href":"https:\/\/e.kosmolat.eu\/lv\/wp-json\/wp\/v2\/media?parent=29865"}],"wp:term":[{"taxonomy":"product_cat","embeddable":true,"href":"https:\/\/e.kosmolat.eu\/lv\/wp-json\/wp\/v2\/product_cat?post=29865"},{"taxonomy":"product_tag","embeddable":true,"href":"https:\/\/e.kosmolat.eu\/lv\/wp-json\/wp\/v2\/product_tag?post=29865"}],"curies":[{"name":"wp","href":"https:\/\/api.w.org\/{rel}","templated":true}]}}