{"id":29861,"date":"2023-12-19T19:51:03","date_gmt":"2023-12-19T19:51:03","guid":{"rendered":"https:\/\/e.kosmolat.eu\/product\/dental-sensitive-zobu-pasta-ar-fluoru-100-ml\/"},"modified":"2026-04-22T08:23:09","modified_gmt":"2026-04-22T08:23:09","slug":"dental-sensitive-zobu-pasta-ar-fluoru-100-ml","status":"publish","type":"product","link":"https:\/\/e.kosmolat.eu\/lv\/product\/dental-sensitive-zobu-pasta-ar-fluoru-100-ml\/","title":{"rendered":"Dental Sensitive Zobu pasta ar fluoru, 100 ml"},"content":{"rendered":"<p>Profilaktiska zobu pasta nodro&scaron;ina jut\u012bgu zobu \u012bpa&scaron;u kop&scaron;anu. Mazina paaugstin\u0101tu zobu jut\u012bgumu, nodro&scaron;inot labv\u0113l\u012bgu ietekmi uz zoba cieto audu &scaron;\u016bnu nervu galiem.<\/p>\n<p><strong>Lieto&scaron;ana: <\/strong>Lai nodro&scaron;in\u0101tu zobu un smaganu vesel\u012bbu, t\u012briet zobus 2-3 min\u016btes vismaz divas reizes dien\u0101.<\/p>\n<p><strong>Br\u012bdin\u0101jums: <\/strong>satur n\u0101trija fluor\u012bdu 0,100 %, kas apr\u0113\u0137in\u0101ti k\u0101 F.<\/p>\n<p>Tikai pieaugu&scaron;ajiem.<\/p>\n","protected":false},"excerpt":{"rendered":"<p>Profilaktiska zobu pasta nodro&scaron;ina jut\u012bgu zobu \u012bpa&scaron;u kop&scaron;anu. Mazina paaugstin\u0101tu zobu jut\u012bgumu, nodro&scaron;inot labv\u0113l\u012bgu ietekmi uz zoba cieto audu &scaron;\u016bnu nervu galiem. Lieto&scaron;ana: Lai nodro&scaron;in\u0101tu zobu un smaganu vesel\u012bbu, t\u012briet zobus 2-3 min\u016btes vismaz divas reizes dien\u0101. Br\u012bdin\u0101jums: satur n\u0101trija fluor\u012bdu 0,100 %, kas apr\u0113\u0137in\u0101ti k\u0101 F. Tikai pieaugu&scaron;ajiem.<\/p>\n","protected":false},"featured_media":101510,"template":"","meta":[],"product_cat":[1999],"product_tag":[],"class_list":{"0":"post-29861","1":"product","2":"type-product","3":"status-publish","4":"has-post-thumbnail","6":"product_brand-rubella-bg","7":"product_cat-bez-kategorijas","9":"first","10":"instock","11":"taxable","12":"shipping-taxable","13":"product-type-simple"},"_links":{"self":[{"href":"https:\/\/e.kosmolat.eu\/lv\/wp-json\/wp\/v2\/product\/29861","targetHints":{"allow":["GET"]}}],"collection":[{"href":"https:\/\/e.kosmolat.eu\/lv\/wp-json\/wp\/v2\/product"}],"about":[{"href":"https:\/\/e.kosmolat.eu\/lv\/wp-json\/wp\/v2\/types\/product"}],"wp:featuredmedia":[{"embeddable":true,"href":"https:\/\/e.kosmolat.eu\/lv\/wp-json\/wp\/v2\/media\/101510"}],"wp:attachment":[{"href":"https:\/\/e.kosmolat.eu\/lv\/wp-json\/wp\/v2\/media?parent=29861"}],"wp:term":[{"taxonomy":"product_cat","embeddable":true,"href":"https:\/\/e.kosmolat.eu\/lv\/wp-json\/wp\/v2\/product_cat?post=29861"},{"taxonomy":"product_tag","embeddable":true,"href":"https:\/\/e.kosmolat.eu\/lv\/wp-json\/wp\/v2\/product_tag?post=29861"}],"curies":[{"name":"wp","href":"https:\/\/api.w.org\/{rel}","templated":true}]}}