{"id":29853,"date":"2023-12-19T19:50:41","date_gmt":"2023-12-19T19:50:41","guid":{"rendered":"https:\/\/e.kosmolat.eu\/product\/dental-family-cavity-protection-fresh-breath-zobu-pasta-100-ml\/"},"modified":"2026-04-22T08:22:56","modified_gmt":"2026-04-22T08:22:56","slug":"dental-family-cavity-protection-fresh-breath-zobu-pasta-100-ml","status":"publish","type":"product","link":"https:\/\/e.kosmolat.eu\/lv\/product\/dental-family-cavity-protection-fresh-breath-zobu-pasta-100-ml\/","title":{"rendered":"Dental Family Cavity Protection + Fresh Breath Zobu pasta, 100 ml"},"content":{"rendered":"<p>Profilaktisk\u0101s zobu pastas formula , kas bag\u0101tin\u0101ta ar fluoru, uzlabo dabisk\u0101 kalcija darb\u012bbu mutes dobum\u0101 zobu emaljas v\u0101j\u0101s viet\u0101s, nostiprinot to un aizsarg\u0101jot zobus no kariesa. Regul\u0101ra lieto&scaron;ana nodro&scaron;ina optim\u0101lu zobu att\u012br\u012b&scaron;anu un smaganu aizsardz\u012bbu, savuk\u0101rt piparm\u0113tru arom\u0101ts atst\u0101j t\u012br\u012bbas un svaiguma saj\u016btu uz ilgu laiku.<\/p>\n<p><strong>Lieto&scaron;ana:<\/strong> lai nodro&scaron;in\u0101tu zobu un smaganu vesel\u012bbu, t\u012briet zobus 2-3 min\u016btes vismaz divas reizes dien\u0101.<\/p>\n<p><strong>Br\u012bdin\u0101jums: <\/strong>satur n\u0101trija fluor\u012bdu 0,145 %, kas apr\u0113\u0137in\u0101ti k\u0101 F.&nbsp;B\u0113rniem vecum\u0101 l\u012bdz se&scaron;iem gadiem: lietot pastu zir\u0146a lielum\u0101 un t\u012br\u012bt zobus pieaugu&scaron;\u0101 uzraudz\u012bb\u0101, lai samazin\u0101tu nor\u012b&scaron;anas iesp\u0113ju. Ja lietojat citus fluoru saturo&scaron;us l\u012bdzek\u013cus, konsult\u0113jieties ar zob\u0101rstu vai \u0101rstu.<\/p>\n","protected":false},"excerpt":{"rendered":"<p>Profilaktisk\u0101s zobu pastas formula , kas bag\u0101tin\u0101ta ar fluoru, uzlabo dabisk\u0101 kalcija darb\u012bbu mutes dobum\u0101 zobu emaljas v\u0101j\u0101s viet\u0101s, nostiprinot to un aizsarg\u0101jot zobus no kariesa. Regul\u0101ra lieto&scaron;ana nodro&scaron;ina optim\u0101lu zobu att\u012br\u012b&scaron;anu un smaganu aizsardz\u012bbu, savuk\u0101rt piparm\u0113tru arom\u0101ts atst\u0101j t\u012br\u012bbas un svaiguma saj\u016btu uz ilgu laiku. Lieto&scaron;ana: lai nodro&scaron;in\u0101tu zobu un smaganu vesel\u012bbu, t\u012briet zobus [&#8230;]\n","protected":false},"featured_media":100472,"template":"","meta":[],"product_cat":[1999],"product_tag":[],"class_list":{"0":"post-29853","1":"product","2":"type-product","3":"status-publish","4":"has-post-thumbnail","6":"product_brand-rubella-bg","7":"product_cat-bez-kategorijas","9":"first","10":"instock","11":"taxable","12":"shipping-taxable","13":"product-type-simple"},"_links":{"self":[{"href":"https:\/\/e.kosmolat.eu\/lv\/wp-json\/wp\/v2\/product\/29853","targetHints":{"allow":["GET"]}}],"collection":[{"href":"https:\/\/e.kosmolat.eu\/lv\/wp-json\/wp\/v2\/product"}],"about":[{"href":"https:\/\/e.kosmolat.eu\/lv\/wp-json\/wp\/v2\/types\/product"}],"wp:featuredmedia":[{"embeddable":true,"href":"https:\/\/e.kosmolat.eu\/lv\/wp-json\/wp\/v2\/media\/100472"}],"wp:attachment":[{"href":"https:\/\/e.kosmolat.eu\/lv\/wp-json\/wp\/v2\/media?parent=29853"}],"wp:term":[{"taxonomy":"product_cat","embeddable":true,"href":"https:\/\/e.kosmolat.eu\/lv\/wp-json\/wp\/v2\/product_cat?post=29853"},{"taxonomy":"product_tag","embeddable":true,"href":"https:\/\/e.kosmolat.eu\/lv\/wp-json\/wp\/v2\/product_tag?post=29853"}],"curies":[{"name":"wp","href":"https:\/\/api.w.org\/{rel}","templated":true}]}}