{"id":29845,"date":"2023-12-19T19:50:17","date_gmt":"2023-12-19T19:50:17","guid":{"rendered":"https:\/\/e.kosmolat.eu\/product\/dental-family-total-whitening-zobu-pasta-100-ml\/"},"modified":"2026-04-22T08:22:40","modified_gmt":"2026-04-22T08:22:40","slug":"dental-family-total-whitening-zobu-pasta-100-ml","status":"publish","type":"product","link":"https:\/\/e.kosmolat.eu\/lv\/product\/dental-family-total-whitening-zobu-pasta-100-ml\/","title":{"rendered":"Dental Family Total + Whitening Zobu pasta, 100 ml"},"content":{"rendered":"<p>Profilaktisk\u0101 zobu pasta nodro&scaron;ina kompleksu mutes dobuma aizsardz\u012bbu visai \u0123imenei. Regul\u0101ri lietojot, t\u0101 maigi no\u0146em aplikumu un nodro&scaron;ina kariesa profilaksi. Pal\u012bdz atjaunot zobu dabisko baltumu. Piparm\u0113tru arom\u0101ts atsvaidzina elpu.<\/p>\n<p><strong>Lieto&scaron;ana:<\/strong> Zobu vesel\u012bbai zobu pastu ieteicams lietot vismaz divreiz dien\u0101 un t\u012br\u012bt zobus 2-3 min\u016btes. Satur n\u0101trija fluor\u012bdu, 0,145 % (k\u0101 fluors). B\u0113rniem vecum\u0101 l\u012bdz se&scaron;iem gadiem: lietot pastu zir\u0146a lielum\u0101 un t\u012br\u012bt zobus pieaugu&scaron;\u0101 uzraudz\u012bb\u0101, lai samazin\u0101tu nor\u012b&scaron;anas iesp\u0113ju. Ja lietojat citus fluoru saturo&scaron;us l\u012bdzek\u013cus, konsult\u0113jieties ar zob\u0101rstu vai \u0101rstu.<br \/>\n&nbsp;<\/p>\n","protected":false},"excerpt":{"rendered":"<p>Profilaktisk\u0101 zobu pasta nodro&scaron;ina kompleksu mutes dobuma aizsardz\u012bbu visai \u0123imenei. Regul\u0101ri lietojot, t\u0101 maigi no\u0146em aplikumu un nodro&scaron;ina kariesa profilaksi. Pal\u012bdz atjaunot zobu dabisko baltumu. Piparm\u0113tru arom\u0101ts atsvaidzina elpu. Lieto&scaron;ana: Zobu vesel\u012bbai zobu pastu ieteicams lietot vismaz divreiz dien\u0101 un t\u012br\u012bt zobus 2-3 min\u016btes. Satur n\u0101trija fluor\u012bdu, 0,145 % (k\u0101 fluors). B\u0113rniem vecum\u0101 l\u012bdz se&scaron;iem [&#8230;]\n","protected":false},"featured_media":98860,"template":"","meta":[],"product_cat":[1999],"product_tag":[],"class_list":{"0":"post-29845","1":"product","2":"type-product","3":"status-publish","4":"has-post-thumbnail","6":"product_brand-rubella-bg","7":"product_cat-bez-kategorijas","9":"first","10":"instock","11":"taxable","12":"shipping-taxable","13":"product-type-simple"},"_links":{"self":[{"href":"https:\/\/e.kosmolat.eu\/lv\/wp-json\/wp\/v2\/product\/29845","targetHints":{"allow":["GET"]}}],"collection":[{"href":"https:\/\/e.kosmolat.eu\/lv\/wp-json\/wp\/v2\/product"}],"about":[{"href":"https:\/\/e.kosmolat.eu\/lv\/wp-json\/wp\/v2\/types\/product"}],"wp:featuredmedia":[{"embeddable":true,"href":"https:\/\/e.kosmolat.eu\/lv\/wp-json\/wp\/v2\/media\/98860"}],"wp:attachment":[{"href":"https:\/\/e.kosmolat.eu\/lv\/wp-json\/wp\/v2\/media?parent=29845"}],"wp:term":[{"taxonomy":"product_cat","embeddable":true,"href":"https:\/\/e.kosmolat.eu\/lv\/wp-json\/wp\/v2\/product_cat?post=29845"},{"taxonomy":"product_tag","embeddable":true,"href":"https:\/\/e.kosmolat.eu\/lv\/wp-json\/wp\/v2\/product_tag?post=29845"}],"curies":[{"name":"wp","href":"https:\/\/api.w.org\/{rel}","templated":true}]}}