{"id":29837,"date":"2023-12-19T19:49:53","date_gmt":"2023-12-19T19:49:53","guid":{"rendered":"https:\/\/e.kosmolat.eu\/product\/dental-family-propolis-herbal-zobu-pasta-ar-arstn-zalu-ekstr-100-ml\/"},"modified":"2026-04-20T13:51:34","modified_gmt":"2026-04-20T13:51:34","slug":"dental-family-propolis-herbal-zobu-pasta-ar-arstn-zalu-ekstr-100-ml","status":"publish","type":"product","link":"https:\/\/e.kosmolat.eu\/lv\/product\/dental-family-propolis-herbal-zobu-pasta-ar-arstn-zalu-ekstr-100-ml\/","title":{"rendered":"Dental Family Propolis + Herbal Zobu pasta ar \u0101rstn.z\u0101\u013cu ekstr., 100 ml"},"content":{"rendered":"<p>Pal\u012bdz saglab\u0101t visas \u0123imenes zobu un smaganu vesel\u012bbu, pateicoties \u0101rstniecisko z\u0101\u013cu un propolisa ekstraktiem. Atsvaidzina un toniz\u0113 mutes dobumu.&nbsp;<\/p>\n<p><strong>Lieto&scaron;ana: <\/strong>zobu vesel\u012bbai zobu pastu ieteicams lietot vismaz divreiz dien\u0101 un t\u012br\u012bt zobus 2-3 min\u016btes.<\/p>\n<p><strong>Br\u012bdin\u0101jums: <\/strong>Satur n\u0101trija fluor\u012bdu, 0,1 % (k\u0101 fluors). B\u0113rniem vecum\u0101 l\u012bdz se&scaron;iem gadiem: lietot pastu zir\u0146a lielum\u0101 un t\u012br\u012bt zobus pieaugu&scaron;\u0101 uzraudz\u012bb\u0101, lai samazin\u0101tu nor\u012b&scaron;anas iesp\u0113ju. Ja lietojat citus fluoru saturo&scaron;us l\u012bdzek\u013cus, konsult\u0113jieties ar zob\u0101rstu vai \u0101rstu.<br \/>\n&nbsp;<\/p>\n","protected":false},"excerpt":{"rendered":"<p>Pal\u012bdz saglab\u0101t visas \u0123imenes zobu un smaganu vesel\u012bbu, pateicoties \u0101rstniecisko z\u0101\u013cu un propolisa ekstraktiem. Atsvaidzina un toniz\u0113 mutes dobumu.&nbsp; Lieto&scaron;ana: zobu vesel\u012bbai zobu pastu ieteicams lietot vismaz divreiz dien\u0101 un t\u012br\u012bt zobus 2-3 min\u016btes. Br\u012bdin\u0101jums: Satur n\u0101trija fluor\u012bdu, 0,1 % (k\u0101 fluors). B\u0113rniem vecum\u0101 l\u012bdz se&scaron;iem gadiem: lietot pastu zir\u0146a lielum\u0101 un t\u012br\u012bt zobus pieaugu&scaron;\u0101 [&#8230;]\n","protected":false},"featured_media":105308,"template":"","meta":[],"product_cat":[1308],"product_tag":[],"class_list":{"0":"post-29837","1":"product","2":"type-product","3":"status-publish","4":"has-post-thumbnail","6":"product_brand-rubella-bg","7":"product_cat-dantu-pastos-ir-geliai","9":"first","10":"instock","11":"taxable","12":"shipping-taxable","13":"product-type-simple"},"_links":{"self":[{"href":"https:\/\/e.kosmolat.eu\/lv\/wp-json\/wp\/v2\/product\/29837","targetHints":{"allow":["GET"]}}],"collection":[{"href":"https:\/\/e.kosmolat.eu\/lv\/wp-json\/wp\/v2\/product"}],"about":[{"href":"https:\/\/e.kosmolat.eu\/lv\/wp-json\/wp\/v2\/types\/product"}],"wp:featuredmedia":[{"embeddable":true,"href":"https:\/\/e.kosmolat.eu\/lv\/wp-json\/wp\/v2\/media\/105308"}],"wp:attachment":[{"href":"https:\/\/e.kosmolat.eu\/lv\/wp-json\/wp\/v2\/media?parent=29837"}],"wp:term":[{"taxonomy":"product_cat","embeddable":true,"href":"https:\/\/e.kosmolat.eu\/lv\/wp-json\/wp\/v2\/product_cat?post=29837"},{"taxonomy":"product_tag","embeddable":true,"href":"https:\/\/e.kosmolat.eu\/lv\/wp-json\/wp\/v2\/product_tag?post=29837"}],"curies":[{"name":"wp","href":"https:\/\/api.w.org\/{rel}","templated":true}]}}