{"id":29833,"date":"2023-12-19T19:49:35","date_gmt":"2023-12-19T19:49:35","guid":{"rendered":"https:\/\/e.kosmolat.eu\/product\/dental-extra-whitening-balin-zobu-pasta-250-ml\/"},"modified":"2026-04-17T11:19:36","modified_gmt":"2026-04-17T11:19:36","slug":"dental-extra-whitening-balin-zobu-pasta-250-ml","status":"publish","type":"product","link":"https:\/\/e.kosmolat.eu\/lv\/product\/dental-extra-whitening-balin-zobu-pasta-250-ml\/","title":{"rendered":"DENTAL Extra Whitening Balin.zobu pasta, 250 ml"},"content":{"rendered":"<p>Efekt\u012bvi no\u0146em aplikumu. Lietojot regul\u0101ri, zobu pasta saudz\u012bgi pul\u0113 un balina zobus. Sniedz svaigu arom\u0101tu.<\/p>\n<p><strong>Lieto&scaron;ana: <\/strong>Tikai pieaugu&scaron;ajiem. Satur n\u0101trija fluor\u012bdu, 0,145 % (k\u0101 fluors).&nbsp;Zobu vesel\u012bbai zobu pastu ieteicams lietot vismaz divreiz dien\u0101 un t\u012br\u012bt zobus 2-3 min\u016btes.<\/p>\n","protected":false},"excerpt":{"rendered":"<p>Efekt\u012bvi no\u0146em aplikumu. Lietojot regul\u0101ri, zobu pasta saudz\u012bgi pul\u0113 un balina zobus. Sniedz svaigu arom\u0101tu. Lieto&scaron;ana: Tikai pieaugu&scaron;ajiem. Satur n\u0101trija fluor\u012bdu, 0,145 % (k\u0101 fluors).&nbsp;Zobu vesel\u012bbai zobu pastu ieteicams lietot vismaz divreiz dien\u0101 un t\u012br\u012bt zobus 2-3 min\u016btes.<\/p>\n","protected":false},"featured_media":100812,"template":"","meta":[],"product_cat":[1306],"product_tag":[],"class_list":{"0":"post-29833","1":"product","2":"type-product","3":"status-publish","4":"has-post-thumbnail","6":"product_brand-rubella-bg","7":"product_cat-zobu-pastas-un-zelejas","9":"first","10":"instock","11":"taxable","12":"shipping-taxable","13":"product-type-simple"},"_links":{"self":[{"href":"https:\/\/e.kosmolat.eu\/lv\/wp-json\/wp\/v2\/product\/29833","targetHints":{"allow":["GET"]}}],"collection":[{"href":"https:\/\/e.kosmolat.eu\/lv\/wp-json\/wp\/v2\/product"}],"about":[{"href":"https:\/\/e.kosmolat.eu\/lv\/wp-json\/wp\/v2\/types\/product"}],"wp:featuredmedia":[{"embeddable":true,"href":"https:\/\/e.kosmolat.eu\/lv\/wp-json\/wp\/v2\/media\/100812"}],"wp:attachment":[{"href":"https:\/\/e.kosmolat.eu\/lv\/wp-json\/wp\/v2\/media?parent=29833"}],"wp:term":[{"taxonomy":"product_cat","embeddable":true,"href":"https:\/\/e.kosmolat.eu\/lv\/wp-json\/wp\/v2\/product_cat?post=29833"},{"taxonomy":"product_tag","embeddable":true,"href":"https:\/\/e.kosmolat.eu\/lv\/wp-json\/wp\/v2\/product_tag?post=29833"}],"curies":[{"name":"wp","href":"https:\/\/api.w.org\/{rel}","templated":true}]}}