{"id":29829,"date":"2023-12-19T19:49:16","date_gmt":"2023-12-19T19:49:16","guid":{"rendered":"https:\/\/e.kosmolat.eu\/product\/dental-anti-caries-mutes-skal-lidz-300-ml\/"},"modified":"2026-04-20T10:17:14","modified_gmt":"2026-04-20T10:17:14","slug":"dental-anti-caries-mutes-skal-lidz-300-ml","status":"publish","type":"product","link":"https:\/\/e.kosmolat.eu\/lv\/product\/dental-anti-caries-mutes-skal-lidz-300-ml\/","title":{"rendered":"Dental Anti-Caries Mutes skal. l\u012bdz., 300 ml"},"content":{"rendered":"<p>Nesatur spirtu. Paredz\u0113ts zobu un mutes dobuma higi\u0113nai un profilaksei. Uztur smaganu vesel\u012bbu un atsvaidzina elpu.<\/p>\n<p><strong>Lieto&scaron;ana: <\/strong>ielejiet v\u0101ci\u0146\u0101 nelielu daudzumu mutes dobuma skalo&scaron;anas l\u012bdzek\u013ca, intens\u012bvi skalojiet mutes dobumu 15-30 sekundes un izsp\u013caujiet. Ieteicams lietot katru dienu no r\u012bta un vakar\u0101 p\u0113c zobu t\u012br\u012b&scaron;anas.<\/p>\n<p><strong>Uzman\u012bbu: <\/strong>Nenor\u012bt! Nelietot b\u0113rniem l\u012bdz 6 gadu vecumam. Satur n\u0101trija fluor\u012bdu 0,0225 %, kas apr\u0113\u0137in\u0101ti k\u0101 F-.<br \/>\n&nbsp;<\/p>\n","protected":false},"excerpt":{"rendered":"<p>Nesatur spirtu. Paredz\u0113ts zobu un mutes dobuma higi\u0113nai un profilaksei. Uztur smaganu vesel\u012bbu un atsvaidzina elpu. Lieto&scaron;ana: ielejiet v\u0101ci\u0146\u0101 nelielu daudzumu mutes dobuma skalo&scaron;anas l\u012bdzek\u013ca, intens\u012bvi skalojiet mutes dobumu 15-30 sekundes un izsp\u013caujiet. Ieteicams lietot katru dienu no r\u012bta un vakar\u0101 p\u0113c zobu t\u012br\u012b&scaron;anas. Uzman\u012bbu: Nenor\u012bt! Nelietot b\u0113rniem l\u012bdz 6 gadu vecumam. Satur n\u0101trija fluor\u012bdu [&#8230;]\n","protected":false},"featured_media":98800,"template":"","meta":[],"product_cat":[1311],"product_tag":[],"class_list":{"0":"post-29829","1":"product","2":"type-product","3":"status-publish","4":"has-post-thumbnail","6":"product_brand-rubella-bg","7":"product_cat-mutes-skalotaji","9":"first","10":"instock","11":"taxable","12":"shipping-taxable","13":"product-type-simple"},"_links":{"self":[{"href":"https:\/\/e.kosmolat.eu\/lv\/wp-json\/wp\/v2\/product\/29829","targetHints":{"allow":["GET"]}}],"collection":[{"href":"https:\/\/e.kosmolat.eu\/lv\/wp-json\/wp\/v2\/product"}],"about":[{"href":"https:\/\/e.kosmolat.eu\/lv\/wp-json\/wp\/v2\/types\/product"}],"wp:featuredmedia":[{"embeddable":true,"href":"https:\/\/e.kosmolat.eu\/lv\/wp-json\/wp\/v2\/media\/98800"}],"wp:attachment":[{"href":"https:\/\/e.kosmolat.eu\/lv\/wp-json\/wp\/v2\/media?parent=29829"}],"wp:term":[{"taxonomy":"product_cat","embeddable":true,"href":"https:\/\/e.kosmolat.eu\/lv\/wp-json\/wp\/v2\/product_cat?post=29829"},{"taxonomy":"product_tag","embeddable":true,"href":"https:\/\/e.kosmolat.eu\/lv\/wp-json\/wp\/v2\/product_tag?post=29829"}],"curies":[{"name":"wp","href":"https:\/\/api.w.org\/{rel}","templated":true}]}}