{"id":29825,"date":"2023-12-19T19:48:50","date_gmt":"2023-12-19T19:48:50","guid":{"rendered":"https:\/\/e.kosmolat.eu\/product\/dental-pro-kids-bernu-mutes-skal-lidz-300-ml\/"},"modified":"2025-07-07T05:53:26","modified_gmt":"2025-07-07T05:53:26","slug":"dental-pro-kids-bernu-mutes-skal-lidz-300-ml","status":"publish","type":"product","link":"https:\/\/e.kosmolat.eu\/lv\/product\/dental-pro-kids-bernu-mutes-skal-lidz-300-ml\/","title":{"rendered":"Dental Pro Kids B\u0113rnu mutes skal.l\u012bdz., 300 ml"},"content":{"rendered":"<p>Veicina labu mutes dobuma higi\u0113nu un zobu profilaksi, piek\u013c\u016bstot viet\u0101s, kuras ar birsti nevar sasniegt. Formula satur kalciju, kas pal\u012bdz stiprin\u0101t zobu emalju, un ksil\u012btu aplikuma veido&scaron;an\u0101s nov\u0113r&scaron;anai. Pantenols nomierina mazu\u013ca&nbsp;maig\u0101s smaganas. Nesatur spirtu, fluoru. Satur dabisko saldin\u0101t\u0101ju. Sniedz pat\u012bkamu vani\u013cas arom\u0101tu.<\/p>\n<p><strong>Lieto&scaron;ana: <\/strong>skalot mutes dobumu 15-20 sekundes. Lietot regul\u0101ri p\u0113c zobu t\u012br\u012b&scaron;anas.<\/p>\n<p><strong>Br\u012bdin\u0101jums:<\/strong> Nenor\u012bt! Nav ieteicams b\u0113rniem l\u012bdz 6 gadu vecumam.<br \/>\n&nbsp;<\/p>\n","protected":false},"excerpt":{"rendered":"<p>Veicina labu mutes dobuma higi\u0113nu un zobu profilaksi, piek\u013c\u016bstot viet\u0101s, kuras ar birsti nevar sasniegt. Formula satur kalciju, kas pal\u012bdz stiprin\u0101t zobu emalju, un ksil\u012btu aplikuma veido&scaron;an\u0101s nov\u0113r&scaron;anai. Pantenols nomierina mazu\u013ca&nbsp;maig\u0101s smaganas. Nesatur spirtu, fluoru. Satur dabisko saldin\u0101t\u0101ju. Sniedz pat\u012bkamu vani\u013cas arom\u0101tu. Lieto&scaron;ana: skalot mutes dobumu 15-20 sekundes. Lietot regul\u0101ri p\u0113c zobu t\u012br\u012b&scaron;anas. Br\u012bdin\u0101jums: Nenor\u012bt! [&#8230;]\n","protected":false},"featured_media":26552,"template":"","meta":[],"product_cat":[1999],"product_tag":[],"class_list":{"0":"post-29825","1":"product","2":"type-product","3":"status-publish","4":"has-post-thumbnail","6":"product_brand-rubella-bg","7":"product_cat-bez-kategorijas","9":"first","10":"outofstock","11":"taxable","12":"shipping-taxable","13":"product-type-simple"},"_links":{"self":[{"href":"https:\/\/e.kosmolat.eu\/lv\/wp-json\/wp\/v2\/product\/29825","targetHints":{"allow":["GET"]}}],"collection":[{"href":"https:\/\/e.kosmolat.eu\/lv\/wp-json\/wp\/v2\/product"}],"about":[{"href":"https:\/\/e.kosmolat.eu\/lv\/wp-json\/wp\/v2\/types\/product"}],"wp:featuredmedia":[{"embeddable":true,"href":"https:\/\/e.kosmolat.eu\/lv\/wp-json\/wp\/v2\/media\/26552"}],"wp:attachment":[{"href":"https:\/\/e.kosmolat.eu\/lv\/wp-json\/wp\/v2\/media?parent=29825"}],"wp:term":[{"taxonomy":"product_cat","embeddable":true,"href":"https:\/\/e.kosmolat.eu\/lv\/wp-json\/wp\/v2\/product_cat?post=29825"},{"taxonomy":"product_tag","embeddable":true,"href":"https:\/\/e.kosmolat.eu\/lv\/wp-json\/wp\/v2\/product_tag?post=29825"}],"curies":[{"name":"wp","href":"https:\/\/api.w.org\/{rel}","templated":true}]}}