{"id":29809,"date":"2023-12-19T19:47:16","date_gmt":"2023-12-19T19:47:16","guid":{"rendered":"https:\/\/e.kosmolat.eu\/product\/cl-samp-apjoms-un-speks-uz-lina-un-zalu-novar-390-ml\/"},"modified":"2025-04-01T11:19:51","modified_gmt":"2025-04-01T11:19:51","slug":"cl-samp-apjoms-un-speks-uz-lina-un-zalu-novar-390-ml","status":"publish","type":"product","link":"https:\/\/e.kosmolat.eu\/lv\/product\/cl-samp-apjoms-un-speks-uz-lina-un-zalu-novar-390-ml\/","title":{"rendered":"CL \u0160amp.Apjoms un sp\u0113ks uz lina un z\u0101\u013cu nov\u0101r, 390 ml"},"content":{"rendered":"<p>Pl\u0101niem un nov\u0101jin\u0101tiem matiem. 97% dab\u012bgas izcelsmes sast\u0101vda\u013cu. Satur 5 ekstraktu un e\u013c\u013cu Nature Plus esenci (verbenas ekstrakts, salvijas ekstrakts, me\u017eroz\u012b&scaron;u ekstrakts, mande\u013cu un linu e\u013c\u013cas).&nbsp;<\/p>\n<p>Akt\u012bv\u0101s dab\u012bg\u0101s sast\u0101vda\u013cas atjauno un stiprina matus, pasarg\u0101jot no boj\u0101jumiem: &nbsp;<\/p>\n<ul>\n<li>linu ekstrakts veicina matu biezumu vis\u0101 to garum\u0101, pie&scaron;\u0137irot apjomu bez smaguma saj\u016btas;<\/li>\n<li>kvie&scaron;u prote\u012bni veicina matu biezumu piesak\u0146u zon\u0101.<\/li>\n<\/ul>\n<p><strong>Lieto&scaron;ana:<\/strong> uzkl\u0101t uz mitriem matiem, mas\u0113t galvas \u0101du 1 min\u016bti, r\u016bp\u012bgi izskalot. Ja iek\u013c\u016bst ac\u012bs, r\u016bp\u012bgi izskalot ar \u016bdeni.&nbsp;<\/p>\n<p>Nav \u0101rstniecisks l\u012bdzeklis.&nbsp;<\/p>\n<p>Uzglab\u0101t temperat\u016br\u0101 no +5 &deg;C l\u012bdz +25 &deg;C.<br \/>\n&nbsp;<\/p>\n","protected":false},"excerpt":{"rendered":"<p>Pl\u0101niem un nov\u0101jin\u0101tiem matiem. 97% dab\u012bgas izcelsmes sast\u0101vda\u013cu. Satur 5 ekstraktu un e\u013c\u013cu Nature Plus esenci (verbenas ekstrakts, salvijas ekstrakts, me\u017eroz\u012b&scaron;u ekstrakts, mande\u013cu un linu e\u013c\u013cas).&nbsp; Akt\u012bv\u0101s dab\u012bg\u0101s sast\u0101vda\u013cas atjauno un stiprina matus, pasarg\u0101jot no boj\u0101jumiem: &nbsp; linu ekstrakts veicina matu biezumu vis\u0101 to garum\u0101, pie&scaron;\u0137irot apjomu bez smaguma saj\u016btas; kvie&scaron;u prote\u012bni veicina matu biezumu [&#8230;]\n","protected":false},"featured_media":26524,"template":"","meta":[],"product_cat":[1252],"product_tag":[],"class_list":{"0":"post-29809","1":"product","2":"type-product","3":"status-publish","4":"has-post-thumbnail","6":"product_brand-unilever-ua","7":"product_cat-1252","9":"first","10":"instock","11":"taxable","12":"shipping-taxable","13":"product-type-simple"},"_links":{"self":[{"href":"https:\/\/e.kosmolat.eu\/lv\/wp-json\/wp\/v2\/product\/29809","targetHints":{"allow":["GET"]}}],"collection":[{"href":"https:\/\/e.kosmolat.eu\/lv\/wp-json\/wp\/v2\/product"}],"about":[{"href":"https:\/\/e.kosmolat.eu\/lv\/wp-json\/wp\/v2\/types\/product"}],"wp:featuredmedia":[{"embeddable":true,"href":"https:\/\/e.kosmolat.eu\/lv\/wp-json\/wp\/v2\/media\/26524"}],"wp:attachment":[{"href":"https:\/\/e.kosmolat.eu\/lv\/wp-json\/wp\/v2\/media?parent=29809"}],"wp:term":[{"taxonomy":"product_cat","embeddable":true,"href":"https:\/\/e.kosmolat.eu\/lv\/wp-json\/wp\/v2\/product_cat?post=29809"},{"taxonomy":"product_tag","embeddable":true,"href":"https:\/\/e.kosmolat.eu\/lv\/wp-json\/wp\/v2\/product_tag?post=29809"}],"curies":[{"name":"wp","href":"https:\/\/api.w.org\/{rel}","templated":true}]}}