{"id":29797,"date":"2023-12-19T19:46:27","date_gmt":"2023-12-19T19:46:27","guid":{"rendered":"https:\/\/e.kosmolat.eu\/product\/lb-mutes-dobuma-skalotajs-forte-aktiv-400-ml\/"},"modified":"2025-06-13T07:17:00","modified_gmt":"2025-06-13T07:17:00","slug":"lb-mutes-dobuma-skalotajs-forte-aktiv-400-ml","status":"publish","type":"product","link":"https:\/\/e.kosmolat.eu\/lv\/product\/lb-mutes-dobuma-skalotajs-forte-aktiv-400-ml\/","title":{"rendered":"LB Mutes dobuma skalot\u0101js Forte Aktiv, 400 ml"},"content":{"rendered":"<p>Bag\u0101tin\u0101ts ar t\u0113jas koka e\u013c\u013cu un dab\u012bgiem ekstraktiem mutes dobuma t\u012br\u012bbai un vesel\u012bbai. Baltegles ekstraktam piem\u012bt atjaunojo&scaron;a un toniz\u0113jo&scaron;a, bet kli\u0146\u0123er\u012b&scaron;u ekstraktam &ndash; nomierino&scaron;a iedarb\u012bba.<\/p>\n<p><strong>Lieto&scaron;ana: <\/strong>piepildiet v\u0101ci\u0146u ar skalo&scaron;anas l\u012bdzekli. Skalojiet mutes dobumu 30 sekundes. Lietot p\u0113c \u0113&scaron;anas un zobu t\u012br\u012b&scaron;anas vismaz divas reizes dien\u0101.<\/p>\n<p><strong>Piesardz\u012bbas pas\u0101kumi: <\/strong>satur n\u0101trija fluor\u012bdu. Fluor\u012bdu masas da\u013ca 0,02%. Nenor\u012bt. Lieto&scaron;ana p\u0101rtikas nol\u016bkos nav pie\u013caujama. Nav \u0101rstniecisks l\u012bdzeklis. L\u012bdzek\u013ca lieto&scaron;ana neatbr\u012bvo no stomatologa apmekl\u0113&scaron;anas.&nbsp;Ir pie\u013caujamas nenoz\u012bm\u012bgas nogulsnes sakar\u0101 ar dab\u012bg\u0101m l\u012bdzek\u013ca sast\u0101vda\u013c\u0101m. Tas neietekm\u0113 produkta kvalit\u0101ti un dro&scaron;umu.<\/p>\n<p>Uzglab\u0101t temperat\u016br\u0101 no +5 &deg;C l\u012bdz +25 &deg;C.&nbsp;<\/p>\n","protected":false},"excerpt":{"rendered":"<p>Bag\u0101tin\u0101ts ar t\u0113jas koka e\u013c\u013cu un dab\u012bgiem ekstraktiem mutes dobuma t\u012br\u012bbai un vesel\u012bbai. Baltegles ekstraktam piem\u012bt atjaunojo&scaron;a un toniz\u0113jo&scaron;a, bet kli\u0146\u0123er\u012b&scaron;u ekstraktam &ndash; nomierino&scaron;a iedarb\u012bba. Lieto&scaron;ana: piepildiet v\u0101ci\u0146u ar skalo&scaron;anas l\u012bdzekli. Skalojiet mutes dobumu 30 sekundes. Lietot p\u0113c \u0113&scaron;anas un zobu t\u012br\u012b&scaron;anas vismaz divas reizes dien\u0101. Piesardz\u012bbas pas\u0101kumi: satur n\u0101trija fluor\u012bdu. Fluor\u012bdu masas da\u013ca 0,02%. [&#8230;]\n","protected":false},"featured_media":26518,"template":"","meta":[],"product_cat":[1311],"product_tag":[],"class_list":{"0":"post-29797","1":"product","2":"type-product","3":"status-publish","4":"has-post-thumbnail","6":"product_brand-unilever-ua","7":"product_cat-mutes-skalotaji","9":"first","10":"outofstock","11":"taxable","12":"shipping-taxable","13":"product-type-simple"},"_links":{"self":[{"href":"https:\/\/e.kosmolat.eu\/lv\/wp-json\/wp\/v2\/product\/29797","targetHints":{"allow":["GET"]}}],"collection":[{"href":"https:\/\/e.kosmolat.eu\/lv\/wp-json\/wp\/v2\/product"}],"about":[{"href":"https:\/\/e.kosmolat.eu\/lv\/wp-json\/wp\/v2\/types\/product"}],"wp:featuredmedia":[{"embeddable":true,"href":"https:\/\/e.kosmolat.eu\/lv\/wp-json\/wp\/v2\/media\/26518"}],"wp:attachment":[{"href":"https:\/\/e.kosmolat.eu\/lv\/wp-json\/wp\/v2\/media?parent=29797"}],"wp:term":[{"taxonomy":"product_cat","embeddable":true,"href":"https:\/\/e.kosmolat.eu\/lv\/wp-json\/wp\/v2\/product_cat?post=29797"},{"taxonomy":"product_tag","embeddable":true,"href":"https:\/\/e.kosmolat.eu\/lv\/wp-json\/wp\/v2\/product_tag?post=29797"}],"curies":[{"name":"wp","href":"https:\/\/api.w.org\/{rel}","templated":true}]}}