{"id":29773,"date":"2023-12-19T19:44:31","date_gmt":"2023-12-19T19:44:31","guid":{"rendered":"https:\/\/e.kosmolat.eu\/product\/lb-mute-skal-ar-ciedru-riekstu-ellu-un-salvijas-ekstr-400-ml\/"},"modified":"2025-08-25T10:30:47","modified_gmt":"2025-08-25T10:30:47","slug":"lb-mutes-skal-ar-ciedru-riekstu-ellu-un-salvijas-ekstr-400-ml","status":"publish","type":"product","link":"https:\/\/e.kosmolat.eu\/lv\/product\/lb-mutes-skal-ar-ciedru-riekstu-ellu-un-salvijas-ekstr-400-ml\/","title":{"rendered":"LB Mutes skal. ar ciedru riekstu e\u013c\u013cu un salvijas ekstr., 400 ml"},"content":{"rendered":"<p>Augu nov\u0101r\u012bjumu formula veicina dabisk\u0101s mutes dobuma mikrofloras nodro&scaron;in\u0101&scaron;anu. Vitam\u012bniem bag\u0101tajam skujkoku ekstraktu kompleksam ar salvijas ekstraktam piem\u012bt pretiekaisuma iedarb\u012bba.<\/p>\n<p><strong>Lieto&scaron;ana: <\/strong>piepildiet v\u0101ci\u0146u ar skalo&scaron;anas l\u012bdzekli. Skalojiet mutes dobumu 30 sekundes. Lietot p\u0113c \u0113&scaron;anas un katras zobu t\u012br\u012b&scaron;anas reizes zobu pastas noskalo&scaron;anai vismaz divas reizes ned\u0113\u013c\u0101. Tikai pieaugu&scaron;ajiem.<\/p>\n<p><strong>Piesardz\u012bba: <\/strong>satur n\u0101trija fluor\u012bdu. Nenor\u012bt. Fluor\u012bdu masas da\u013ca 0,02%. Ir pie\u013caujamas nenoz\u012bm\u012bgas nogulsnes sakar\u0101 ar dab\u012bg\u0101m l\u012bdzek\u013ca sast\u0101vda\u013c\u0101m. Tas neietekm\u0113 produkta kvalit\u0101ti un dro&scaron;umu. Nav \u0101rstniecisks l\u012bdzeklis. L\u012bdzek\u013ca lieto&scaron;ana neatbr\u012bvo no stomatologa apmekl\u0113&scaron;anas.<\/p>\n<p>Uzglab\u0101t temperat\u016br\u0101 no +5 &deg;\u0421 l\u012bdz +25 &deg;\u0421, b\u0113rniem nepieejam\u0101 viet\u0101.<br \/>\n&nbsp;<\/p>\n","protected":false},"excerpt":{"rendered":"<p>Augu nov\u0101r\u012bjumu formula veicina dabisk\u0101s mutes dobuma mikrofloras nodro&scaron;in\u0101&scaron;anu. Vitam\u012bniem bag\u0101tajam skujkoku ekstraktu kompleksam ar salvijas ekstraktam piem\u012bt pretiekaisuma iedarb\u012bba. Lieto&scaron;ana: piepildiet v\u0101ci\u0146u ar skalo&scaron;anas l\u012bdzekli. Skalojiet mutes dobumu 30 sekundes. Lietot p\u0113c \u0113&scaron;anas un katras zobu t\u012br\u012b&scaron;anas reizes zobu pastas noskalo&scaron;anai vismaz divas reizes ned\u0113\u013c\u0101. Tikai pieaugu&scaron;ajiem. Piesardz\u012bba: satur n\u0101trija fluor\u012bdu. Nenor\u012bt. Fluor\u012bdu masas [&#8230;]\n","protected":false},"featured_media":26499,"template":"","meta":[],"product_cat":[1311],"product_tag":[],"class_list":{"0":"post-29773","1":"product","2":"type-product","3":"status-publish","4":"has-post-thumbnail","6":"product_brand-unilever-ua","7":"product_cat-mutes-skalotaji","9":"first","10":"outofstock","11":"taxable","12":"shipping-taxable","13":"product-type-simple"},"_links":{"self":[{"href":"https:\/\/e.kosmolat.eu\/lv\/wp-json\/wp\/v2\/product\/29773","targetHints":{"allow":["GET"]}}],"collection":[{"href":"https:\/\/e.kosmolat.eu\/lv\/wp-json\/wp\/v2\/product"}],"about":[{"href":"https:\/\/e.kosmolat.eu\/lv\/wp-json\/wp\/v2\/types\/product"}],"wp:featuredmedia":[{"embeddable":true,"href":"https:\/\/e.kosmolat.eu\/lv\/wp-json\/wp\/v2\/media\/26499"}],"wp:attachment":[{"href":"https:\/\/e.kosmolat.eu\/lv\/wp-json\/wp\/v2\/media?parent=29773"}],"wp:term":[{"taxonomy":"product_cat","embeddable":true,"href":"https:\/\/e.kosmolat.eu\/lv\/wp-json\/wp\/v2\/product_cat?post=29773"},{"taxonomy":"product_tag","embeddable":true,"href":"https:\/\/e.kosmolat.eu\/lv\/wp-json\/wp\/v2\/product_tag?post=29773"}],"curies":[{"name":"wp","href":"https:\/\/api.w.org\/{rel}","templated":true}]}}