{"id":29761,"date":"2023-12-19T19:43:40","date_gmt":"2023-12-19T19:43:40","guid":{"rendered":"https:\/\/e.kosmolat.eu\/product\/lb-profilakt-zobu-p-ar-alvejas-baltas-tejas-ekstr-un-zalu-novar-75-ml\/"},"modified":"2025-06-16T05:14:01","modified_gmt":"2025-06-16T05:14:01","slug":"lb-profilakt-zobu-p-ar-alvejas-baltas-tejas-ekstr-un-zalu-novar-75-ml","status":"publish","type":"product","link":"https:\/\/e.kosmolat.eu\/lv\/product\/lb-profilakt-zobu-p-ar-alvejas-baltas-tejas-ekstr-un-zalu-novar-75-ml\/","title":{"rendered":"LB Profilakt.zobu p.ar alvejas, balt\u0101s t\u0113jas ekstr. un z\u0101\u013cu nov\u0101r., 75 ml"},"content":{"rendered":"<p>Total komplekss. Aizsardz\u012bba pret aplikumu. Zobu stiprin\u0101\u0161ana un aizsardz\u012bba pret zobakmeni. Satur par 50% vair\u0101k t\u012bro\u0161o da\u013ci\u0146u un no\u0146em aplikumu pat starpzobu spraug\u0101s. J\u016bras s\u0101ls miner\u0101li pal\u012bdz nov\u0113rst zobu aplikuma negat\u012bvo ietekmi uz zobiem un smagan\u0101m. Augu ekstrakti stiprina smaganas, kalcijs pal\u012bdz stiprin\u0101t zobu emalju, mazinot nopietnu mutes dobuma probl\u0113mu ra\u0161an\u0101s risku. Zobu pasta Total komplekss ir visefekt\u012bv\u0101k\u0101 formula \u013besnoj ba\u013czam l\u012bnij\u0101 zobakmens nov\u0113r\u0161anai un aizsardz\u012bbai pret mutes dobuma probl\u0113m\u0101m. Maksim\u0101lais efekts, lietojot kop\u0101 ar skalo\u0161anas l\u012bdzekli.<\/p>\n<p>Lieto\u0161ana: Zobu un smaganu vesel\u012bbai stomatologi iesaka t\u012br\u012bt zobus vismaz 2 reizes dien\u0101 2-3 min. <\/p>\n<p>Br\u012bdin\u0101jums: satur n\u0101trija fluor\u012bdu 0,1 %, kas apr\u0113\u0137in\u0101ti k\u0101 F. Nelietot b\u0113rniem l\u012bdz 14 gadu vecumam. Lieto\u0161ana p\u0101rtikas nol\u016bkos nav pie\u013caujama. Nav \u0101rstniecisks l\u012bdzeklis. <\/p>\n<p>Uzglab\u0101t temperat\u016br\u0101 no 0 \u00b0\u0421 l\u012bdz +25 \u00b0\u0421, b\u0113rniem nepieejam\u0101 viet\u0101.<\/p>\n","protected":false},"excerpt":{"rendered":"<p>Total komplekss. Aizsardz\u012bba pret aplikumu. Zobu stiprin\u0101\u0161ana un aizsardz\u012bba pret zobakmeni. Satur par 50% vair\u0101k t\u012bro\u0161o da\u013ci\u0146u un no\u0146em aplikumu pat starpzobu spraug\u0101s. J\u016bras s\u0101ls miner\u0101li pal\u012bdz nov\u0113rst zobu aplikuma negat\u012bvo ietekmi uz zobiem un smagan\u0101m. Augu ekstrakti stiprina smaganas, kalcijs pal\u012bdz stiprin\u0101t zobu emalju, mazinot nopietnu mutes dobuma probl\u0113mu ra\u0161an\u0101s risku. Zobu pasta Total [&#8230;]\n","protected":false},"featured_media":26486,"template":"","meta":[],"product_cat":[1308],"product_tag":[],"class_list":{"0":"post-29761","1":"product","2":"type-product","3":"status-publish","4":"has-post-thumbnail","6":"product_brand-unilever-ua","7":"product_cat-dantu-pastos-ir-geliai","9":"first","10":"outofstock","11":"taxable","12":"shipping-taxable","13":"product-type-simple"},"_links":{"self":[{"href":"https:\/\/e.kosmolat.eu\/lv\/wp-json\/wp\/v2\/product\/29761","targetHints":{"allow":["GET"]}}],"collection":[{"href":"https:\/\/e.kosmolat.eu\/lv\/wp-json\/wp\/v2\/product"}],"about":[{"href":"https:\/\/e.kosmolat.eu\/lv\/wp-json\/wp\/v2\/types\/product"}],"wp:featuredmedia":[{"embeddable":true,"href":"https:\/\/e.kosmolat.eu\/lv\/wp-json\/wp\/v2\/media\/26486"}],"wp:attachment":[{"href":"https:\/\/e.kosmolat.eu\/lv\/wp-json\/wp\/v2\/media?parent=29761"}],"wp:term":[{"taxonomy":"product_cat","embeddable":true,"href":"https:\/\/e.kosmolat.eu\/lv\/wp-json\/wp\/v2\/product_cat?post=29761"},{"taxonomy":"product_tag","embeddable":true,"href":"https:\/\/e.kosmolat.eu\/lv\/wp-json\/wp\/v2\/product_tag?post=29761"}],"curies":[{"name":"wp","href":"https:\/\/api.w.org\/{rel}","templated":true}]}}